{"id":1012,"date":"2019-01-25T01:37:04","date_gmt":"2019-01-25T00:37:04","guid":{"rendered":"https:\/\/knezovic.com.hr\/?page_id=1012"},"modified":"2023-08-22T14:43:39","modified_gmt":"2023-08-22T12:43:39","slug":"kontakt","status":"publish","type":"page","link":"https:\/\/knezovic.com.hr\/sl\/kontakt\/","title":{"rendered":"Kontakt"},"content":{"rendered":"<h3  id=\"tw-target-text\" class=\"tw-data-text tw-ta tw-text-small\" dir=\"ltr\" data-placeholder=\"Translation\"><span>Na vpra\u0161anje bomo odgovorili \u010dim prej<\/span><\/h3>\n<p>&nbsp;<\/p>\n<p><strong>Poliklinika Knezovi\u0107<\/strong><br \/>\nPoslovni center Green Gold, stolp V1, 8. nadstropje<br \/>\nUlica grada Vukovara\u00a0269f<br \/>\n10000 Zagreb<\/p>\n<p>&nbsp;<\/p>\n<p><strong>Delovni \u010das:<\/strong><br \/>\npon-pet: 09h-18h, sub (po dogovoru)<\/p>\n<p>tel.: <a href=\"tel:+38516677222\">+385 1 6677 222<\/a><br \/>\nemail:\u00a0<a href=\"mailto:info@knezovic.com.hr\">info@knezovic.com.hr<\/a><\/p>\n","protected":false},"excerpt":{"rendered":"<p>Na vpra\u0161anje bomo odgovorili \u010dim prej &nbsp; Poliklinika Knezovi\u0107 Poslovni center Green Gold, stolp V1, 8. nadstropje Ulica grada Vukovara\u00a0269f 10000 Zagreb &nbsp; Delovni \u010das: pon-pet: 09h-18h, sub (po dogovoru) tel.: +385 1 6677 222 email:\u00a0info@knezovic.com.hr<\/p>\n","protected":false},"author":6,"featured_media":0,"parent":0,"menu_order":78,"comment_status":"closed","ping_status":"closed","template":"page-contact.php","meta":[],"_links":{"self":[{"href":"https:\/\/knezovic.com.hr\/sl\/wp-json\/wp\/v2\/pages\/1012\/"}],"collection":[{"href":"https:\/\/knezovic.com.hr\/sl\/wp-json\/wp\/v2\/pages\/"}],"about":[{"href":"https:\/\/knezovic.com.hr\/sl\/wp-json\/wp\/v2\/types\/page\/"}],"author":[{"embeddable":true,"href":"https:\/\/knezovic.com.hr\/sl\/wp-json\/wp\/v2\/users\/6\/"}],"replies":[{"embeddable":true,"href":"https:\/\/knezovic.com.hr\/sl\/wp-json\/wp\/v2\/comments\/?post=1012"}],"version-history":[{"count":0,"href":"https:\/\/knezovic.com.hr\/sl\/wp-json\/wp\/v2\/pages\/1012\/revisions\/"}],"wp:attachment":[{"href":"https:\/\/knezovic.com.hr\/sl\/wp-json\/wp\/v2\/media\/?parent=1012"}],"curies":[{"name":"wp","href":"https:\/\/api.w.org\/{rel}","templated":true}]}}