{"id":1015,"date":"2019-01-25T01:45:01","date_gmt":"2019-01-25T00:45:01","guid":{"rendered":"https:\/\/knezovic.com.hr\/?page_id=1015"},"modified":"2021-10-28T18:56:40","modified_gmt":"2021-10-28T16:56:40","slug":"vprasajte-zdravnika","status":"publish","type":"page","link":"https:\/\/knezovic.com.hr\/sl\/vprasajte-zdravnika\/","title":{"rendered":"Vpra\u0161ajte zdravnika"},"content":{"rendered":"<p>Ali potrebujete druga\u010dno mnenje ali imate zdravni\u0161ko zahtevo?<\/p>\n<p>Po\u0161ljite nam povpra\u0161evanje in odgovorili vam bomo v 48 urah.<\/p>\n<p>Obstoje\u010de ponudbe lahko po\u0161ljete neposredno na\u00a0<strong style=\"font-size: 1.4rem;\"><a href=\"mailto:info@knezovic.com.hr\" target=\"_blank\" rel=\"noopener noreferrer\">info@knezovic.com.hr<\/a><\/strong><\/p>\n<p>&nbsp;<\/p>\n","protected":false},"excerpt":{"rendered":"<p>Ali potrebujete druga\u010dno mnenje ali imate zdravni\u0161ko zahtevo? Po\u0161ljite nam povpra\u0161evanje in odgovorili vam bomo v 48 urah. Obstoje\u010de ponudbe lahko po\u0161ljete neposredno na\u00a0info@knezovic.com.hr &nbsp;<\/p>\n","protected":false},"author":6,"featured_media":0,"parent":0,"menu_order":81,"comment_status":"closed","ping_status":"closed","template":"page-doktor.php","meta":[],"_links":{"self":[{"href":"https:\/\/knezovic.com.hr\/sl\/wp-json\/wp\/v2\/pages\/1015\/"}],"collection":[{"href":"https:\/\/knezovic.com.hr\/sl\/wp-json\/wp\/v2\/pages\/"}],"about":[{"href":"https:\/\/knezovic.com.hr\/sl\/wp-json\/wp\/v2\/types\/page\/"}],"author":[{"embeddable":true,"href":"https:\/\/knezovic.com.hr\/sl\/wp-json\/wp\/v2\/users\/6\/"}],"replies":[{"embeddable":true,"href":"https:\/\/knezovic.com.hr\/sl\/wp-json\/wp\/v2\/comments\/?post=1015"}],"version-history":[{"count":0,"href":"https:\/\/knezovic.com.hr\/sl\/wp-json\/wp\/v2\/pages\/1015\/revisions\/"}],"wp:attachment":[{"href":"https:\/\/knezovic.com.hr\/sl\/wp-json\/wp\/v2\/media\/?parent=1015"}],"curies":[{"name":"wp","href":"https:\/\/api.w.org\/{rel}","templated":true}]}}