{"id":2038,"date":"2019-06-11T12:03:37","date_gmt":"2019-06-11T10:03:37","guid":{"rendered":"https:\/\/knezovic.com.hr\/?page_id=2038"},"modified":"2021-10-28T18:56:33","modified_gmt":"2021-10-28T16:56:33","slug":"vprasalnik-sem-primeren-kandidat-za-lasersko-korekcijo","status":"publish","type":"page","link":"https:\/\/knezovic.com.hr\/sl\/vprasalnik-sem-primeren-kandidat-za-lasersko-korekcijo\/","title":{"rendered":"VPRA\u0160ALNIK | Sem primeren kandidat za lasersko korekcijo?"},"content":{"rendered":"<script type=\"text\/javascript\">var gform;gform||(document.addEventListener(\"gform_main_scripts_loaded\",function(){gform.scriptsLoaded=!0}),window.addEventListener(\"DOMContentLoaded\",function(){gform.domLoaded=!0}),gform={domLoaded:!1,scriptsLoaded:!1,initializeOnLoaded:function(o){gform.domLoaded&&gform.scriptsLoaded?o():!gform.domLoaded&&gform.scriptsLoaded?window.addEventListener(\"DOMContentLoaded\",o):document.addEventListener(\"gform_main_scripts_loaded\",o)},hooks:{action:{},filter:{}},addAction:function(o,n,r,t){gform.addHook(\"action\",o,n,r,t)},addFilter:function(o,n,r,t){gform.addHook(\"filter\",o,n,r,t)},doAction:function(o){gform.doHook(\"action\",o,arguments)},applyFilters:function(o){return gform.doHook(\"filter\",o,arguments)},removeAction:function(o,n){gform.removeHook(\"action\",o,n)},removeFilter:function(o,n,r){gform.removeHook(\"filter\",o,n,r)},addHook:function(o,n,r,t,i){null==gform.hooks[o][n]&&(gform.hooks[o][n]=[]);var e=gform.hooks[o][n];null==i&&(i=n+\"_\"+e.length),gform.hooks[o][n].push({tag:i,callable:r,priority:t=null==t?10:t})},doHook:function(n,o,r){var t;if(r=Array.prototype.slice.call(r,1),null!=gform.hooks[n][o]&&((o=gform.hooks[n][o]).sort(function(o,n){return o.priority-n.priority}),o.forEach(function(o){\"function\"!=typeof(t=o.callable)&&(t=window[t]),\"action\"==n?t.apply(null,r):r[0]=t.apply(null,r)})),\"filter\"==n)return r[0]},removeHook:function(o,n,t,i){var r;null!=gform.hooks[o][n]&&(r=(r=gform.hooks[o][n]).filter(function(o,n,r){return!!(null!=i&&i!=o.tag||null!=t&&t!=o.priority)}),gform.hooks[o][n]=r)}});<\/script>\n                <div class='gf_browser_gecko gform_wrapper gform_legacy_markup_wrapper' id='gform_wrapper_9' ><div id='gf_9' class='gform_anchor' tabindex='-1'><\/div><form method='post' enctype='multipart\/form-data' target='gform_ajax_frame_9' id='gform_9'  action='\/sl\/wp-json\/wp\/v2\/pages\/2038\/#gf_9' >\n                        <div class='gform_body gform-body'><ul id='gform_fields_9' class='gform_fields top_label form_sublabel_below description_below'><li id=\"field_9_1\"  class=\"gfield gf_left_half gfield_contains_required field_sublabel_below field_description_below gfield_visibility_visible\"  data-js-reload=\"field_9_1\"><label class='gfield_label' for='input_9_1' >Ime:<span class=\"gfield_required\"><span class=\"gfield_required gfield_required_asterisk\">*<\/span><\/span><\/label><div class='ginput_container ginput_container_text'><input name='input_1' id='input_9_1' type='text' value='' class='large'     aria-required=\"true\" aria-invalid=\"false\"   \/> <\/div><\/li><li id=\"field_9_21\"  class=\"gfield field_sublabel_below field_description_below gfield_visibility_visible\"  data-js-reload=\"field_9_21\"><label class='gfield_label' for='input_9_21' >Priimek:<\/label><div class='ginput_container ginput_container_text'><input name='input_21' id='input_9_21' type='text' value='' class='medium'      aria-invalid=\"false\"   \/> <\/div><\/li><li id=\"field_9_20\"  class=\"gfield gfield_contains_required field_sublabel_below field_description_below gfield_visibility_visible\"  data-js-reload=\"field_9_20\"><label class='gfield_label' for='input_9_20' >Starost:<span class=\"gfield_required\"><span class=\"gfield_required gfield_required_asterisk\">*<\/span><\/span><\/label><div class='ginput_container ginput_container_text'><input name='input_20' id='input_9_20' type='text' value='' class='small'     aria-required=\"true\" aria-invalid=\"false\"   \/> <\/div><\/li><li id=\"field_9_22\"  class=\"gfield gfield_contains_required field_sublabel_below field_description_below gfield_visibility_visible\"  data-js-reload=\"field_9_22\"><label class='gfield_label' for='input_9_22' >Dioptrija + ili -<span class=\"gfield_required\"><span class=\"gfield_required gfield_required_asterisk\">*<\/span><\/span><\/label><div class='ginput_container ginput_container_select'><select name='input_22' id='input_9_22' class='medium gfield_select'    aria-required=\"true\" aria-invalid=\"false\" ><option value='' selected='selected' class='gf_placeholder'>Prosimo izberite<\/option><option value='(+)' >(+)<\/option><option value='(-)' >(-)<\/option><option value='Nimam dioptrije' >Nimam dioptrije<\/option><\/select><\/div><\/li><li id=\"field_9_47\"  class=\"gfield gfield_contains_required field_sublabel_below field_description_below gfield_visibility_visible\"  data-js-reload=\"field_9_47\"><label class='gfield_label' for='input_9_47' >Vrednost dioptrije<span class=\"gfield_required\"><span class=\"gfield_required gfield_required_asterisk\">*<\/span><\/span><\/label><div class='ginput_container ginput_container_text'><input name='input_47' id='input_9_47' type='text' value='' class='medium'     aria-required=\"true\" aria-invalid=\"false\"   \/> <\/div><\/li><li id=\"field_9_23\"  class=\"gfield field_sublabel_below field_description_below gfield_visibility_visible\"  data-js-reload=\"field_9_23\"><label class='gfield_label' for='input_9_23' >Ali nosite o\u010dala?<\/label><div class='ginput_container ginput_container_select'><select name='input_23' id='input_9_23' class='medium gfield_select'     aria-invalid=\"false\" ><option value='' selected='selected' class='gf_placeholder'>Prosimo izberite<\/option><option value='Za' >Za<\/option><option value='Ne' >Ne<\/option><option value='Za, posebno branje in oddaljeno' >Za, posebno branje in oddaljeno<\/option><\/select><\/div><\/li><li id=\"field_9_28\"  class=\"gfield field_sublabel_below field_description_below gfield_visibility_visible\"  data-js-reload=\"field_9_28\"><label class='gfield_label' for='input_9_28' >Nosite le\u010de?<\/label><div class='ginput_container ginput_container_select'><select name='input_28' id='input_9_28' class='medium gfield_select'     aria-invalid=\"false\" ><option value='' selected='selected' class='gf_placeholder'>Prosimo izberite<\/option><option value='Za' >Za<\/option><option value='Ne' >Ne<\/option><\/select><\/div><\/li><li id=\"field_9_29\"  class=\"gfield field_sublabel_below field_description_below gfield_visibility_visible\"  data-js-reload=\"field_9_29\"><label class='gfield_label' for='input_9_29' >Kak\u0161no le\u010do nosite?<\/label><div class='ginput_container ginput_container_select'><select name='input_29' id='input_9_29' class='medium gfield_select'     aria-invalid=\"false\" ><option value='' selected='selected' class='gf_placeholder'>Prosimo izberite<\/option><option value='Mehka' >Mehka<\/option><option value='Poltrdi \/ Trdijo' >Poltrdi \/ Trdijo<\/option><\/select><\/div><\/li><li id=\"field_9_46\"  class=\"gfield field_sublabel_below field_description_below gfield_visibility_visible\"  data-js-reload=\"field_9_46\"><label class='gfield_label'  >Z o\u010dali \/ le\u010dami dose\u017eem popolno o\u0161trino vida?<\/label><div class='ginput_container ginput_container_radio'><ul class='gfield_radio' id='input_9_46'>\n\t\t\t<li class='gchoice gchoice_9_46_0'>\n\t\t\t\t<input name='input_46' type='radio' value='Za'  id='choice_9_46_0'    \/>\n\t\t\t\t<label for='choice_9_46_0' id='label_9_46_0'>Za<\/label>\n\t\t\t<\/li>\n\t\t\t<li class='gchoice gchoice_9_46_1'>\n\t\t\t\t<input name='input_46' type='radio' value='Ne'  id='choice_9_46_1'    \/>\n\t\t\t\t<label for='choice_9_46_1' id='label_9_46_1'>Ne<\/label>\n\t\t\t<\/li>\n\t\t\t<li class='gchoice gchoice_9_46_2'>\n\t\t\t\t<input name='input_46' type='radio' value='Ne vem'  id='choice_9_46_2'    \/>\n\t\t\t\t<label for='choice_9_46_2' id='label_9_46_2'>Ne vem<\/label>\n\t\t\t<\/li><\/ul><\/div><\/li><li id=\"field_9_31\"  class=\"gfield gf_right_half field_sublabel_below field_description_below gfield_visibility_visible\"  data-js-reload=\"field_9_31\"><label class='gfield_label' for='input_9_31' >Dioptrija mi je stabilna<\/label><div class='ginput_container ginput_container_select'><select name='input_31' id='input_9_31' class='medium gfield_select'     aria-invalid=\"false\" ><option value='' selected='selected' class='gf_placeholder'>Prosimo izberite<\/option><option value='Ve\u010d kot 1 leto' >Ve\u010d kot 1 leto<\/option><option value='Kraj\u0161e od 1 leta' >Kraj\u0161e od 1 leta<\/option><option value='Manj kot 6 mesecev' >Manj kot 6 mesecev<\/option><option value='Ne vem' >Ne vem<\/option><\/select><\/div><\/li><li id=\"field_9_32\"  class=\"gfield field_sublabel_below field_description_below gfield_visibility_visible\"  data-js-reload=\"field_9_32\"><label class='gfield_label' for='input_9_32' >Ste nose\u010di ali ste rodili?<\/label><div class='ginput_container ginput_container_select'><select name='input_32' id='input_9_32' class='medium gfield_select'     aria-invalid=\"false\" ><option value='' selected='selected' class='gf_placeholder'>Prosimo izberite<\/option><option value='Nose\u010da' >Nose\u010da<\/option><option value='Dojenje' >Dojenje<\/option><option value='Ni\u010d od zgoraj navedenega' >Ni\u010d od zgoraj navedenega<\/option><\/select><\/div><\/li><li id=\"field_9_38\"  class=\"gfield field_sublabel_below field_description_below gfield_visibility_visible\"  data-js-reload=\"field_9_38\"><label class='gfield_label' for='input_9_38' >Brez o\u010dal ali le\u010d delujem...<\/label><div class='ginput_container ginput_container_select'><select name='input_38' id='input_9_38' class='medium gfield_select'     aria-invalid=\"false\" ><option value='' selected='selected' class='gf_placeholder'>Prosimo izberite<\/option><option value='Ni problema' >Ni problema<\/option><option value='Zmerno' >Zmerno<\/option><option value='Slabo' >Slabo<\/option><option value='Ne morem delovati' >Ne morem delovati<\/option><\/select><\/div><\/li><li id=\"field_9_34\"  class=\"gfield field_sublabel_below field_description_below gfield_visibility_visible\"  data-js-reload=\"field_9_34\"><label class='gfield_label' for='input_9_34' >Imate li problema sa suhim okom?<\/label><div class='ginput_container ginput_container_select'><select name='input_34' id='input_9_34' class='medium gfield_select'     aria-invalid=\"false\" ><option value='' selected='selected' class='gf_placeholder'>Prosimo izberite<\/option><option value='Za in uporabljam umetne solze' >Za in uporabljam umetne solze<\/option><option value='Za in ne uporabljam umetne solze' >Za in ne uporabljam umetne solze<\/option><option value='Za in uporabljam umetne solze ve\u010d kot 4x na dan' >Za in uporabljam umetne solze ve\u010d kot 4x na dan<\/option><option value='Ne' >Ne<\/option><option value='Ne vem' >Ne vem<\/option><\/select><\/div><\/li><li id=\"field_9_16\"  class=\"gfield field_sublabel_below field_description_below gfield_visibility_visible\"  data-js-reload=\"field_9_16\"><label class='gfield_label' for='input_9_16' >Imate kak\u0161ne druge te\u017eave z vidom, za katere veste?<\/label><div class='ginput_container ginput_container_textarea'><textarea name='input_16' id='input_9_16' class='textarea medium'      aria-invalid=\"false\"   rows='10' cols='50'><\/textarea><\/div><\/li><li id=\"field_9_36\"  class=\"gfield field_sublabel_below field_description_below gfield_visibility_visible\"  data-js-reload=\"field_9_36\"><label class='gfield_label'  >Imate Keratokonus?<\/label><div class='ginput_container ginput_container_radio'><ul class='gfield_radio' id='input_9_36'>\n\t\t\t<li class='gchoice gchoice_9_36_0'>\n\t\t\t\t<input name='input_36' type='radio' value='Za'  id='choice_9_36_0'    \/>\n\t\t\t\t<label for='choice_9_36_0' id='label_9_36_0'>Za<\/label>\n\t\t\t<\/li>\n\t\t\t<li class='gchoice gchoice_9_36_1'>\n\t\t\t\t<input name='input_36' type='radio' value='Ne'  id='choice_9_36_1'    \/>\n\t\t\t\t<label for='choice_9_36_1' id='label_9_36_1'>Ne<\/label>\n\t\t\t<\/li>\n\t\t\t<li class='gchoice gchoice_9_36_2'>\n\t\t\t\t<input name='input_36' type='radio' value='Ne vem'  id='choice_9_36_2'    \/>\n\t\t\t\t<label for='choice_9_36_2' id='label_9_36_2'>Ne vem<\/label>\n\t\t\t<\/li><\/ul><\/div><\/li><li id=\"field_9_4\"  class=\"gfield gfield_contains_required field_sublabel_below field_description_below gfield_visibility_visible\"  data-js-reload=\"field_9_4\"><label class='gfield_label' for='input_9_4' >E-mail:<span class=\"gfield_required\"><span class=\"gfield_required gfield_required_asterisk\">*<\/span><\/span><\/label><div class='ginput_container ginput_container_email'>\n                            <input name='input_4' id='input_9_4' type='text' value='' class='medium'    aria-required=\"true\" aria-invalid=\"false\"  \/>\n                        <\/div><\/li><li id=\"field_9_13\"  class=\"gfield field_sublabel_below field_description_below gfield_visibility_visible\"  data-js-reload=\"field_9_13\"><label class='gfield_label' for='input_9_13' >\u0160tevilka<\/label><div class='ginput_container ginput_container_text'><input name='input_13' id='input_9_13' type='text' value='' class='medium'  aria-describedby=\"gfield_description_9_13\"    aria-invalid=\"false\"   \/> <\/div><div class='gfield_description' id='gfield_description_9_13'>\u010ce \u017eelite, da vas pokli\u010demo nazaj k informacijam<\/div><\/li><li id=\"field_9_48\"  class=\"gfield field_sublabel_below field_description_below gfield_visibility_visible\"  data-js-reload=\"field_9_48\"><label class='gfield_label' for='input_9_48' >CAPTCHA<\/label><div id='input_9_48' class='ginput_container ginput_recaptcha' data-sitekey='6LeeifoUAAAAAHMfwTuIB87_kZYSH84QAWaZMdQF'  data-theme='light' data-tabindex='0'  data-badge=''><\/div><\/li><li id=\"field_9_44\"  class=\"gfield gfield_html gfield_html_formatted gfield_no_follows_desc field_sublabel_below field_description_below gfield_visibility_visible\"  data-js-reload=\"field_9_44\">Strinjam se z elektronsko odobritvijo s katero dovoljujem, da me lahko kontaktirate preko e-maila in\/ali telefona v namen \ninformacije o mo\u017enosti laserske korekcije o\u010desa.<\/li><li id=\"field_9_49\"  class=\"gfield gform_validation_container field_sublabel_below field_description_below gfield_visibility_visible\"  data-js-reload=\"field_9_49\"><label class='gfield_label' for='input_9_49' >Phone<\/label><div class='ginput_container'><input name='input_49' id='input_9_49' type='text' value='' \/><\/div><div class='gfield_description' id='gfield_description_9_49'>This field is for validation purposes and should be left unchanged.<\/div><\/li><\/ul><\/div>\n        <div class='gform_footer top_label'> <input type='submit' id='gform_submit_button_9' class='gform_button button' value='PREVERITE'  onclick='if(window[\"gf_submitting_9\"]){return false;}  window[\"gf_submitting_9\"]=true;  ' onkeypress='if( event.keyCode == 13 ){ if(window[\"gf_submitting_9\"]){return false;} window[\"gf_submitting_9\"]=true;  jQuery(\"#gform_9\").trigger(\"submit\",[true]); }' \/> <input type='hidden' name='gform_ajax' value='form_id=9&amp;title=&amp;description=&amp;tabindex=0' \/>\n            <input type='hidden' class='gform_hidden' name='is_submit_9' value='1' \/>\n            <input type='hidden' class='gform_hidden' name='gform_submit' value='9' \/>\n            \n            <input type='hidden' class='gform_hidden' name='gform_unique_id' value='' \/>\n            <input type='hidden' class='gform_hidden' name='state_9' value='WyJbXSIsImM5ZGJmMDE2NjBlNmEwMzlmZGRlYTZhMTM3OGFmMzFhIl0=' \/>\n            <input type='hidden' class='gform_hidden' name='gform_target_page_number_9' id='gform_target_page_number_9' value='0' \/>\n            <input type='hidden' class='gform_hidden' name='gform_source_page_number_9' id='gform_source_page_number_9' value='1' \/>\n            <input type='hidden' name='gform_field_values' value='' \/>\n            \n        <\/div>\n                        <\/form>\n                        <\/div>\n                <iframe style='display:none;width:0px;height:0px;' src='about:blank' name='gform_ajax_frame_9' id='gform_ajax_frame_9' title='This iframe contains the logic required to handle Ajax powered Gravity Forms.'><\/iframe>\n                <script type=\"text\/javascript\">\ngform.initializeOnLoaded( function() {gformInitSpinner( 9, 'https:\/\/knezovic.com.hr\/wp-content\/plugins\/gravityforms\/images\/spinner.svg' );jQuery('#gform_ajax_frame_9').on('load',function(){var contents = jQuery(this).contents().find('*').html();var is_postback = contents.indexOf('GF_AJAX_POSTBACK') >= 0;if(!is_postback){return;}var form_content = jQuery(this).contents().find('#gform_wrapper_9');var is_confirmation = jQuery(this).contents().find('#gform_confirmation_wrapper_9').length > 0;var is_redirect = contents.indexOf('gformRedirect(){') >= 0;var is_form = form_content.length > 0 && ! is_redirect && ! is_confirmation;var mt = parseInt(jQuery('html').css('margin-top'), 10) + parseInt(jQuery('body').css('margin-top'), 10) + 100;if(is_form){jQuery('#gform_wrapper_9').html(form_content.html());if(form_content.hasClass('gform_validation_error')){jQuery('#gform_wrapper_9').addClass('gform_validation_error');} else {jQuery('#gform_wrapper_9').removeClass('gform_validation_error');}setTimeout( function() { \/* delay the scroll by 50 milliseconds to fix a bug in chrome *\/ jQuery(document).scrollTop(jQuery('#gform_wrapper_9').offset().top - mt); }, 50 );if(window['gformInitDatepicker']) {gformInitDatepicker();}if(window['gformInitPriceFields']) {gformInitPriceFields();}var current_page = jQuery('#gform_source_page_number_9').val();gformInitSpinner( 9, 'https:\/\/knezovic.com.hr\/wp-content\/plugins\/gravityforms\/images\/spinner.svg' );jQuery(document).trigger('gform_page_loaded', [9, current_page]);window['gf_submitting_9'] = false;}else if(!is_redirect){var confirmation_content = jQuery(this).contents().find('.GF_AJAX_POSTBACK').html();if(!confirmation_content){confirmation_content = contents;}setTimeout(function(){jQuery('#gform_wrapper_9').replaceWith(confirmation_content);jQuery(document).scrollTop(jQuery('#gf_9').offset().top - mt);jQuery(document).trigger('gform_confirmation_loaded', [9]);window['gf_submitting_9'] = false;wp.a11y.speak(jQuery('#gform_confirmation_message_9').text());}, 50);}else{jQuery('#gform_9').append(contents);if(window['gformRedirect']) {gformRedirect();}}jQuery(document).trigger('gform_post_render', [9, current_page]);} );} );\n<\/script>\n\n","protected":false},"excerpt":{"rendered":"","protected":false},"author":6,"featured_media":0,"parent":0,"menu_order":8,"comment_status":"closed","ping_status":"closed","template":"page-landing.php","meta":[],"_links":{"self":[{"href":"https:\/\/knezovic.com.hr\/sl\/wp-json\/wp\/v2\/pages\/2038\/"}],"collection":[{"href":"https:\/\/knezovic.com.hr\/sl\/wp-json\/wp\/v2\/pages\/"}],"about":[{"href":"https:\/\/knezovic.com.hr\/sl\/wp-json\/wp\/v2\/types\/page\/"}],"author":[{"embeddable":true,"href":"https:\/\/knezovic.com.hr\/sl\/wp-json\/wp\/v2\/users\/6\/"}],"replies":[{"embeddable":true,"href":"https:\/\/knezovic.com.hr\/sl\/wp-json\/wp\/v2\/comments\/?post=2038"}],"version-history":[{"count":0,"href":"https:\/\/knezovic.com.hr\/sl\/wp-json\/wp\/v2\/pages\/2038\/revisions\/"}],"wp:attachment":[{"href":"https:\/\/knezovic.com.hr\/sl\/wp-json\/wp\/v2\/media\/?parent=2038"}],"curies":[{"name":"wp","href":"https:\/\/api.w.org\/{rel}","templated":true}]}}