{"id":2051,"date":"2017-12-22T16:40:07","date_gmt":"2017-12-22T15:40:07","guid":{"rendered":"https:\/\/knezovic.com.hr\/usluge\/ocesni-in-estetski-postopki\/blefaroplastika\/"},"modified":"2023-11-28T11:54:02","modified_gmt":"2023-11-28T10:54:02","slug":"blefaroplastika","status":"publish","type":"page","link":"https:\/\/knezovic.com.hr\/sl\/usluge\/ocesni-in-estetski-postopki\/blefaroplastika\/","title":{"rendered":"Blefaroplastika"},"content":{"rendered":"<h2 ><span>Blefaroplastika ELLMAN \u2013 ESTETSKA KIRURGIJA BEZ NO\u017dA!<\/span><\/h2>\n<h4 ><span>Blefaroplastika<\/span><\/h4>\n<p><strong>\u0160to je bleferoplastika?<\/strong><\/p>\n<p>Regija lica koja zahva\u010da \u010delo, obrve, kapke, te srednje lice u okuloplasti\u010dnoj praksi naziva se periokularnom regijom i posebno je sklona ranim znacima starenja. Starenje uzrokuje kombinacija genetskih i okoli\u0161nih faktora, posebno ultraviolentno zra\u010denje, ponavljani pokreti mimi\u010dne ekspresije i izlo\u017eenost duhanskom dimu, a manifestira se pojavom bora, neravnom teksturom ko\u017ee, gubitkom volumena i elasticiteta, te opu\u0161tanjem tkiva i ko\u017ee lica.<\/p>\n<p>Blefaroplastika (Blepharoplasty na engleskom jeziku) je vrsta operacije koja kirur\u0161ki zate\u017ee opu\u0161tene vjedje uklanjanjem vi\u0161ka ko\u017ee, mi\u0161i\u0107a i masnih jastu\u010di\u0107a sa gornjih ili donjih vjedja. Tokom starenja, koza se iste\u017ee, a mi\u0161i\u0107i i fibrozna potpora unutar vjedje slabi. Kao rezultat, masno tkivo mo\u017ee pro\u0107i tanke, oslabljene fibrozne strukture unutra\u0161njosti vjedje (septum palpebrae) i mo\u017ee se uklije\u0161titi, \u0161to imitira izgled vre\u0107ica iznad ili ispod o\u010diju. Osim \u0161to izgledate starije, jako opu\u0161tena ko\u017ea u predijelu oka mo\u017ee ometati periferni vid, posebno gornji vanjski dio vidnog polja.<\/p>\n<p>Zlatni standard za eliminiranje ovih problema je operativna metoda poznata pod nazivom blefaroplastika, \u010dini da Va\u0161a gornja regija lica izgleda mla\u0111e i osvje\u017eeno. Da biste lak\u0161e odlu\u010dili da li je blefaroplastika prava metoda za Vas, naru\u010dite se za pregled kod na\u0161eg ljekara oftalmologa-okuloplasti\u010dnog kirurga za pregled, savjete i sva dodatna pitanja<\/p>\n<p>&nbsp;<\/p>\n<p><strong>Blefaroplastika je operacija za Vas ako imate:<\/strong><\/p>\n<p>\u00b7 Vi\u0161ak ko\u017ee gornjih ili donjih vjedja<\/p>\n<p>\u00b7 Vi\u0161ak ko\u017ee gornjih vjedja koji ometa Va\u0161 periferni vid<\/p>\n<p>\u00b7 Vre\u0107ice ili stalni otok iznad ili ispod o\u010diju<\/p>\n<p>\u00b7 Mo\u017eete se podvrgnuti blefaroplastici istovremeno s drugim postupkom, poput podizanja obrva, podizanja obraza ili cijelog srednjeg lica, pobolj\u0161anje konture donjeg kapka po tipu fox ili cat-eye kirurgije vjedja<\/p>\n<p>&nbsp;<\/p>\n<p><strong>Rezultati<\/strong><\/p>\n<p>\u00b7 Mnogi ljudi izra\u017eavaju zadovoljstvo rezultatima blefaroplastike, poput odmornijeg i mla\u0111eg izgleda i vi\u0161e samopouzdanja<\/p>\n<p>\u00b7 Nekim ljudima rezultati operacije mogu trajati \u010ditav \u017eivot<\/p>\n<p>\u00b7 Drugima se opu\u0161tena koza vjedja moze ponoviti nakon 10 ili 20 godina ako do\u0111e po ponovnog rastezanja ko\u017ee, ali obi\u010dno rezultati traju tokom \u010ditavog \u017eivota<\/p>\n<p>\u00b7 Modrice i otekline uglavnom se smiruju za 10 do 14 dana, a \u0161av je nevidljiv i pacijent ima mogu\u0107nost izbora ako \u017eeli \u0161av koji se vadi sedmi dan ili koji se sam razgradjuje. Savjetuje se za\u0161tita od sunca prvih mjesec dana u cilju minimiziranja o\u017eiljka, koji je svakako skriven u prirodnu boru kapka<\/p>\n<p>&nbsp;<\/p>\n<p><strong>Tko su kandidati za blefaroplastiku?<\/strong><\/p>\n<p>Kandidati za blefaroplastiku su sve osobe kojima je ko\u017ea na vje\u0111ama izgubila elasticitet i konzistenciju. Naj\u010de\u0161\u0107e su to osobe u starijoj \u017eivotnoj dobi jer je ko\u017ea na kapcima najtanja te se na njima pojavljuju prvi znakovi starenja.<br \/>\nBlefaroplastika nije samo estetski problem, ve\u0107 i funkcionalan. Kapci se u nekim situacijama mogu toliko spustiti da se ne mogu normalno podizati i ometaju vid.<br \/>\nKandidati za korekciju kapaka\/ blefaroplastiku nisu samo oni koji se bore s godinama, nego i osobe u 20-im i 30-im godinama kojima tako\u0111er dolazi do pojave vi\u0161ka ko\u017ee na kapcima ili u slu\u010daju nasljedne\u00a0 sklonosti pojave podo\u010dnjaka.<\/p>\n<p>&nbsp;<\/p>\n<h4 ><span>Blefaroplastika \u2013 operacija vje\u0111a \u2013 tijek operacije<\/span><\/h4>\n<p><img loading=\"lazy\" class=\"alignnone size-full wp-image-1480\" src=\"https:\/\/knezovic.com.hr\/wp-content\/uploads\/2019\/02\/blefaroplastika-poliklinika-knezovi\u0107.jpg\" alt=\"blefaroplastika knezovic\" width=\"800\" height=\"744\" srcset=\"https:\/\/knezovic.com.hr\/wp-content\/uploads\/2019\/02\/blefaroplastika-poliklinika-knezovi\u0107.jpg 800w, https:\/\/knezovic.com.hr\/wp-content\/uploads\/2019\/02\/blefaroplastika-poliklinika-knezovi\u0107-768x714.jpg 768w\" sizes=\"(max-width: 800px) 100vw, 800px\" \/><\/p>\n<p><strong> Prije operacije <\/strong><\/p>\n<p>Preoperativno je potrebno u\u010diniti detaljan pregled kako bi se isklju\u010dile odre\u0111ene bolesti kod kojih nije indicirana blefaroplastika (neke neurolo\u0161ke bolesti, poreme\u0107aji zgru\u0161avanja krvi, odre\u0111ena oftalmolo\u0161ka stanja i sl.).<\/p>\n<p>Prije operacije potrebno je u\u010diniti\/ pripremiti:<\/p>\n<ul>\n<li>kompletnu krvnu sliku<\/li>\n<li>mali koagulogram<\/li>\n<li>popis alergija (posebnu pa\u017enju obratiti na alergije na lijekove)<\/li>\n<li>popis lijekova koje pacijent konzumira (posebnu je pa\u017enju va\u017eno obratiti na lijekove koji razrje\u0111uju krv, kao \u0161to su: Aspirin, Andol, Martefarin, Varfarin, Heparin i sl.).<\/li>\n<\/ul>\n<p>&nbsp;<\/p>\n<p><strong>Tijekom operacije<\/strong><\/p>\n<p>Korekcija kapaka\/ blefaroplastika je ambulantni postupak te je pacijent u na\u0161oj poliklinici oko 2-3 sata. Sama preoperativna priprema traje oko 45 minuta, zatim operativni zahvat traje sat i pol do 2.<\/p>\n<p>Kada pacijent u\u0111e u salu, sestra operativno polje te podru\u010dje oko o\u010diju dezinficira s jodom te Octeniseptom. Nakon toga, kirurg pa\u017eljivo izvodi crte\u017e na kapcima kako bi se odstranila optimalna koli\u010dina ko\u017ee i masnih jastu\u010di\u0107a. Operacija se izvodi pod lokalnom anestezijom i potpuno je bezbolna. U poliklinici Knezovi\u0107 operaciju rade oftalmolozi, koji su vrlo dobro upoznati s anatomskim strukturama oko o\u010diju, koje se rekonstruiraju po slojevima.<\/p>\n<p>&nbsp;<\/p>\n<p><strong>Nakon operacije<\/strong><\/p>\n<p>Pola sata nakon operacije pacijent odlazi ku\u0107i. Od terapije se daju hladni oblozi (prva 24 sata) te antibiotska mast (2x kroz 4 dana). Povratak svakodnevnim aktivnostima i poslu mogu\u0107 je odmah nakon skidanja \u0161ava, dakle 7-8 dana nakon operativnog zahvata. Preporuka je da se kod ku\u0107e izbjegne toplina te spavanje s glavom na povi\u0161enom kako bi se smanjila mogu\u0107nost dobitka otoka te hematoma. Uz adekvatnu preoperativnu pripremu, precizno izveden zahvat te disciplinirano pona\u0161anje pacijenta nakon operacije, blefaroplastika daje izvrsne rezultate i vrlo zadovoljne pacijente.<\/p>\n<p>&nbsp;<\/p>\n<h2 ><span>Blefaroplastika \u2013 za\u0161to operirati u Poliklinici Knezovi\u0107?<\/span><\/h2>\n<p>Poliklinika Knezovi\u0107 je opremljena najmodernijom tehnologijom za izvo\u0111enje operacija korekcije kapaka.<strong>\u00a0<\/strong>Ellman surgitron ure\u0111aj predstavlja najnoviji trend u estetskoj kirurgiji lica koji posti\u017ee najbolju kirur\u0161ku preciznost, univerzalnost i sigurnost zbog istovremene mogu\u0107nosti rezanja i koagulacije mekih tkiva.<\/p>\n<p>&nbsp;<\/p>\n<ul>\n<li>Estetska operacija pomo\u0107u tog ure\u0111aja nosi za pacijente vi\u0161estruke povoljnosti:<\/li>\n<li>Stvaranje minimalnog o\u017eiljka na mjestu reza<\/li>\n<li>Maksimalno prianjanje rubova rane te bolje cijeljenje<\/li>\n<li>Br\u017ee i bezbolnije cijeljenje tretiranog mjesta<\/li>\n<li>Najbolji kozmeti\u010dki rezultat<\/li>\n<li>Minimalan rizik od postoperativnih komplikacija<\/li>\n<li>Elektrode se tijekom primjene same steriliziraju, \u0161to minimalizira nastanak infekcije na operiranom podru\u010dju<\/li>\n<li>Nema nastanka postoperativnog hematoma<\/li>\n<li>Br\u017ei oporavak i ve\u0107e zadovoljstvo pacijenta.<\/li>\n<\/ul>\n<p>&nbsp;<\/p>\n<h2 ><span>Dr. Igor Knezovi\u0107- kirurg<\/span><\/h2>\n<p><img loading=\"lazy\" class=\"alignnone size-full wp-image-1490\" src=\"https:\/\/knezovic.com.hr\/wp-content\/uploads\/2019\/02\/poliklinika-4.jpg\" alt=\"blefaroplastika\" width=\"800\" height=\"532\" srcset=\"https:\/\/knezovic.com.hr\/wp-content\/uploads\/2019\/02\/poliklinika-4.jpg 800w, https:\/\/knezovic.com.hr\/wp-content\/uploads\/2019\/02\/poliklinika-4-768x511.jpg 768w\" sizes=\"(max-width: 800px) 100vw, 800px\" \/><\/p>\n<p>Doktor Knezovi\u0107 izveo je korekciju kapaka\/ blefaroplastiku na nekoliko stotina pacijenata. Edukaciju je zavr\u0161io u klinici Sveti Duh u Zagrebu gdje je usavr\u0161io tehniku korekcije gornjih i donjih kapaka. U Polikliniku Knezovi\u0107 je uveo najmoderniju tehnologiju za ovu vrstu zahvata- Ellman Surgitron ure\u0111aj koji predstavlja najnoviji trend u estetskoj kirurgiji.<\/p>\n<p>&nbsp;<\/p>\n<h4 ><span>Blefaroplastika na uputnicu<\/span><\/h4>\n<p>U ve\u0107ini bolnica u Republici Hrvatskoj ovaj zahvat nije mogu\u0107e izvesti na uputnicu. Razlog tomu je \u0161to je korekcija kapaka\/ blefaroplastika estetski zahvat, a takvo \u0161to je mogu\u0107e u\u010diniti samo u privatnim poliklinikama. Na uputnicu se izvode samo zahvati korekcije kapaka kada kapci prelaze na oko te isklju\u010divo smetaju vidu. Tako\u0111er, va\u017eno je napomenuti da se u specijaliziranim klinikama poput Poliklinike Knezovi\u0107, blefaroplastika vr\u0161i naprednim laserskim ure\u0111ajima (Ellman).<\/p>\n<p>&nbsp;<\/p>\n<h4 ><span>Blefaroplastika gornjih kapaka<\/span><\/h4>\n<p>Kod korekcije gornjih kapaka, u 90% slu\u010dajeva, odstranjuje se vi\u0161ak ko\u017ee uz odstranjenje masnog tkiva. Rez se radi iznad ruba kapka u samom \u201epregibu\u201c kako bi o\u017eiljak nakon zahvata bio potpuno nevidljiv. Oblik i linija reza ovise o vi\u0161ku ko\u017ee i obliku oka. U poliklinici Knezovi\u0107 pristup svakom pacijentu je individualan te se linije reza markiraju za svakog pacijenta u skladu s njegovim potrebama.<\/p>\n<h4 ><span><\/span><\/h4>\n<h4 ><span>Blefaroplastika donjih kapaka<\/span><\/h4>\n<p>Blefaroplastika donjih kapaka zahvat je koji se rje\u0111e radi nego korekcija gornjih vje\u0111a. Zahvat uklanja ili premje\u0161ta masne jastu\u010di\u0107e. Postoje razne kirur\u0161ke tehnike kojima se korigiraju donji kapci. Rezovi se nalaze unutar kapka, ispod trepavica ili na vanjskom rubu donjeg kapka. Kroz rezove se uklanja ili premje\u0161ta masno\u0107a kako bi se dobila glatka, prirodna kontura ispod kapka.<\/p>\n<h4 ><span><\/span><\/h4>\n<h4 ><span>Blefaroplastika &#8211; cijena u Poliklinici Knezovi\u0107<\/span><\/h4>\n<p>Prije operativnog zahvata savjetujemo da do\u0111ete na konzultacije kako biste se s kirurgom dogovorili detalje vezane za zahvat. Cijene konzultacija te svih estetskih zahvata kao i<strong><a href=\"https:\/\/knezovic.com.hr\/sl\/cene-2\/\"> teku\u0107e akcije Poliklinike Knezovi\u0107 pogledajte na CJENIK<\/a><\/strong><\/p>\n<p>&nbsp;<\/p>\n<p>&nbsp;<\/p>\n<h3 ><span>Naru\u010dite se na konzultacije za blefaroplastiku<\/span><\/h3>\n<p>&nbsp;<\/p>\n<script type=\"text\/javascript\">var gform;gform||(document.addEventListener(\"gform_main_scripts_loaded\",function(){gform.scriptsLoaded=!0}),window.addEventListener(\"DOMContentLoaded\",function(){gform.domLoaded=!0}),gform={domLoaded:!1,scriptsLoaded:!1,initializeOnLoaded:function(o){gform.domLoaded&&gform.scriptsLoaded?o():!gform.domLoaded&&gform.scriptsLoaded?window.addEventListener(\"DOMContentLoaded\",o):document.addEventListener(\"gform_main_scripts_loaded\",o)},hooks:{action:{},filter:{}},addAction:function(o,n,r,t){gform.addHook(\"action\",o,n,r,t)},addFilter:function(o,n,r,t){gform.addHook(\"filter\",o,n,r,t)},doAction:function(o){gform.doHook(\"action\",o,arguments)},applyFilters:function(o){return gform.doHook(\"filter\",o,arguments)},removeAction:function(o,n){gform.removeHook(\"action\",o,n)},removeFilter:function(o,n,r){gform.removeHook(\"filter\",o,n,r)},addHook:function(o,n,r,t,i){null==gform.hooks[o][n]&&(gform.hooks[o][n]=[]);var e=gform.hooks[o][n];null==i&&(i=n+\"_\"+e.length),gform.hooks[o][n].push({tag:i,callable:r,priority:t=null==t?10:t})},doHook:function(n,o,r){var t;if(r=Array.prototype.slice.call(r,1),null!=gform.hooks[n][o]&&((o=gform.hooks[n][o]).sort(function(o,n){return o.priority-n.priority}),o.forEach(function(o){\"function\"!=typeof(t=o.callable)&&(t=window[t]),\"action\"==n?t.apply(null,r):r[0]=t.apply(null,r)})),\"filter\"==n)return r[0]},removeHook:function(o,n,t,i){var r;null!=gform.hooks[o][n]&&(r=(r=gform.hooks[o][n]).filter(function(o,n,r){return!!(null!=i&&i!=o.tag||null!=t&&t!=o.priority)}),gform.hooks[o][n]=r)}});<\/script>\n                <div class='gf_browser_gecko gform_wrapper gform_legacy_markup_wrapper' id='gform_wrapper_3' ><div id='gf_3' class='gform_anchor' tabindex='-1'><\/div><form method='post' enctype='multipart\/form-data' target='gform_ajax_frame_3' id='gform_3'  action='\/sl\/wp-json\/wp\/v2\/pages\/2051\/#gf_3' >\n                        <div class='gform_body gform-body'><ul id='gform_fields_3' class='gform_fields top_label form_sublabel_below description_below'><li id=\"field_3_1\"  class=\"gfield gfield_contains_required field_sublabel_below field_description_below gfield_visibility_visible\"  data-js-reload=\"field_3_1\"><label class='gfield_label' for='input_3_1' >Ime i prezime:<span class=\"gfield_required\"><span class=\"gfield_required gfield_required_asterisk\">*<\/span><\/span><\/label><div class='ginput_container ginput_container_text'><input name='input_1' id='input_3_1' type='text' value='' class='large'    placeholder='Ime i prezime' aria-required=\"true\" aria-invalid=\"false\"   \/> <\/div><\/li><li id=\"field_3_13\"  class=\"gfield field_sublabel_below field_description_below gfield_visibility_visible\"  data-js-reload=\"field_3_13\"><label class='gfield_label' for='input_3_13' >Broj telefona:<\/label><div class='ginput_container ginput_container_text'><input name='input_13' id='input_3_13' type='text' value='' class='large'    placeholder='Broj telefona'  aria-invalid=\"false\"   \/> <\/div><\/li><li id=\"field_3_4\"  class=\"gfield gfield_contains_required field_sublabel_below field_description_below gfield_visibility_visible\"  data-js-reload=\"field_3_4\"><label class='gfield_label' for='input_3_4' >E-mail adresa:<span class=\"gfield_required\"><span class=\"gfield_required gfield_required_asterisk\">*<\/span><\/span><\/label><div class='ginput_container ginput_container_email'>\n                            <input name='input_4' id='input_3_4' type='text' value='' class='large'   placeholder='E-mail adresa' aria-required=\"true\" aria-invalid=\"false\"  \/>\n                        <\/div><\/li><li id=\"field_3_16\"  class=\"gfield field_sublabel_below field_description_below gfield_visibility_visible\"  data-js-reload=\"field_3_16\"><label class='gfield_label' for='input_3_16' >Poruka<\/label><div class='ginput_container ginput_container_textarea'><textarea name='input_16' id='input_3_16' class='textarea medium'    placeholder='Va\u0161 upit...'  aria-invalid=\"false\"   rows='10' cols='50'><\/textarea><\/div><\/li><li id=\"field_3_17\"  class=\"gfield gf_right_half gfield_contains_required field_sublabel_below field_description_below gfield_visibility_visible\"  data-js-reload=\"field_3_17\"><label class='gfield_label' for='input_3_17' >Datum za narud\u017ebu od:<span class=\"gfield_required\"><span class=\"gfield_required gfield_required_asterisk\">*<\/span><\/span><\/label><div class='ginput_container ginput_container_date'>\n                            <input name='input_17' id='input_3_17' type='text' value='\/\/' class='datepicker dmy datepicker_with_icon gdatepicker_with_icon'   placeholder='dd\/mm\/yyyy' aria-describedby=\"input_3_17_date_format\" aria-invalid=\"false\" aria-required=\"true\"\/>\n                            <span id='input_3_17_date_format' class='screen-reader-text'>DD slash MM slash YYYY<\/span>\n                        <\/div>\n                        <input type='hidden' id='gforms_calendar_icon_input_3_17' class='gform_hidden' value='https:\/\/knezovic.com.hr\/wp-content\/plugins\/gravityforms\/images\/datepicker\/datepicker.svg'\/><\/li><li id=\"field_3_15\"  class=\"gfield gf_right_half gfield_contains_required field_sublabel_below field_description_below gfield_visibility_visible\"  data-js-reload=\"field_3_15\"><label class='gfield_label' for='input_3_15' >Datum za narud\u017ebu do:<span class=\"gfield_required\"><span class=\"gfield_required gfield_required_asterisk\">*<\/span><\/span><\/label><div class='ginput_container ginput_container_date'>\n                            <input name='input_15' id='input_3_15' type='text' value='\/\/' class='datepicker dmy datepicker_with_icon gdatepicker_with_icon'   placeholder='dd\/mm\/yyyy' aria-describedby=\"input_3_15_date_format\" aria-invalid=\"false\" aria-required=\"true\"\/>\n                            <span id='input_3_15_date_format' class='screen-reader-text'>DD slash MM slash YYYY<\/span>\n                        <\/div>\n                        <input type='hidden' id='gforms_calendar_icon_input_3_15' class='gform_hidden' value='https:\/\/knezovic.com.hr\/wp-content\/plugins\/gravityforms\/images\/datepicker\/datepicker.svg'\/><\/li><li id=\"field_3_7\"  class=\"gfield gf_list_inline gfield_contains_required field_sublabel_below field_description_below gfield_visibility_visible\"  data-js-reload=\"field_3_7\"><label class='gfield_label'  >Zatra\u017eite povratni poziv:<span class=\"gfield_required\"><span class=\"gfield_required gfield_required_asterisk\">*<\/span><\/span><\/label><div class='ginput_container ginput_container_radio'><ul class='gfield_radio' id='input_3_7'>\n\t\t\t<li class='gchoice gchoice_3_7_0'>\n\t\t\t\t<input name='input_7' type='radio' value='Da' checked='checked' id='choice_3_7_0'    \/>\n\t\t\t\t<label for='choice_3_7_0' id='label_3_7_0'>Da<\/label>\n\t\t\t<\/li>\n\t\t\t<li class='gchoice gchoice_3_7_1'>\n\t\t\t\t<input name='input_7' type='radio' value='Ne'  id='choice_3_7_1'    \/>\n\t\t\t\t<label for='choice_3_7_1' id='label_3_7_1'>Ne<\/label>\n\t\t\t<\/li><\/ul><\/div><\/li><li id=\"field_3_19\"  class=\"gfield field_sublabel_below field_description_below gfield_visibility_visible\"  data-js-reload=\"field_3_19\"><label class='gfield_label' for='input_3_19' >CAPTCHA<\/label><div id='input_3_19' class='ginput_container ginput_recaptcha' data-sitekey='6LeeifoUAAAAAHMfwTuIB87_kZYSH84QAWaZMdQF'  data-theme='light' data-tabindex='0'  data-badge=''><\/div><\/li><li id=\"field_3_18\"  class=\"gfield gfield_html gfield_html_formatted gfield_no_follows_desc field_sublabel_below field_description_below gfield_visibility_visible\"  data-js-reload=\"field_3_18\">Slanjem podataka putem ovog online obrasca dajem privolu za obradu upisanih podataka u svrhu naru\u010divanja za pregled.\n<\/li><li id=\"field_3_20\"  class=\"gfield gform_validation_container field_sublabel_below field_description_below gfield_visibility_visible\"  data-js-reload=\"field_3_20\"><label class='gfield_label' for='input_3_20' >Comments<\/label><div class='ginput_container'><input name='input_20' id='input_3_20' type='text' value='' \/><\/div><div class='gfield_description' id='gfield_description_3_20'>This field is for validation purposes and should be left unchanged.<\/div><\/li><\/ul><\/div>\n        <div class='gform_footer top_label'> <input type='submit' id='gform_submit_button_3' class='gform_button button' value='NARU\u010cITE SE'  onclick='if(window[\"gf_submitting_3\"]){return false;}  window[\"gf_submitting_3\"]=true;  ' onkeypress='if( event.keyCode == 13 ){ if(window[\"gf_submitting_3\"]){return false;} window[\"gf_submitting_3\"]=true;  jQuery(\"#gform_3\").trigger(\"submit\",[true]); }' \/> <input type='hidden' name='gform_ajax' value='form_id=3&amp;title=&amp;description=&amp;tabindex=0' \/>\n            <input type='hidden' class='gform_hidden' name='is_submit_3' value='1' \/>\n            <input type='hidden' class='gform_hidden' name='gform_submit' value='3' \/>\n            \n            <input type='hidden' class='gform_hidden' name='gform_unique_id' value='' \/>\n            <input type='hidden' class='gform_hidden' name='state_3' value='WyJbXSIsImM5ZGJmMDE2NjBlNmEwMzlmZGRlYTZhMTM3OGFmMzFhIl0=' \/>\n            <input type='hidden' class='gform_hidden' name='gform_target_page_number_3' id='gform_target_page_number_3' value='0' \/>\n            <input type='hidden' class='gform_hidden' name='gform_source_page_number_3' id='gform_source_page_number_3' value='1' \/>\n            <input type='hidden' name='gform_field_values' value='' \/>\n            \n        <\/div>\n                        <\/form>\n                        <\/div>\n                <iframe style='display:none;width:0px;height:0px;' src='about:blank' name='gform_ajax_frame_3' id='gform_ajax_frame_3' title='This iframe contains the logic required to handle Ajax powered Gravity Forms.'><\/iframe>\n                <script type=\"text\/javascript\">\ngform.initializeOnLoaded( function() {gformInitSpinner( 3, 'https:\/\/knezovic.com.hr\/wp-content\/plugins\/gravityforms\/images\/spinner.svg' );jQuery('#gform_ajax_frame_3').on('load',function(){var contents = jQuery(this).contents().find('*').html();var is_postback = contents.indexOf('GF_AJAX_POSTBACK') >= 0;if(!is_postback){return;}var form_content = jQuery(this).contents().find('#gform_wrapper_3');var is_confirmation = jQuery(this).contents().find('#gform_confirmation_wrapper_3').length > 0;var is_redirect = contents.indexOf('gformRedirect(){') >= 0;var is_form = form_content.length > 0 && ! is_redirect && ! is_confirmation;var mt = parseInt(jQuery('html').css('margin-top'), 10) + parseInt(jQuery('body').css('margin-top'), 10) + 100;if(is_form){jQuery('#gform_wrapper_3').html(form_content.html());if(form_content.hasClass('gform_validation_error')){jQuery('#gform_wrapper_3').addClass('gform_validation_error');} else {jQuery('#gform_wrapper_3').removeClass('gform_validation_error');}setTimeout( function() { \/* delay the scroll by 50 milliseconds to fix a bug in chrome *\/ jQuery(document).scrollTop(jQuery('#gform_wrapper_3').offset().top - mt); }, 50 );if(window['gformInitDatepicker']) {gformInitDatepicker();}if(window['gformInitPriceFields']) {gformInitPriceFields();}var current_page = jQuery('#gform_source_page_number_3').val();gformInitSpinner( 3, 'https:\/\/knezovic.com.hr\/wp-content\/plugins\/gravityforms\/images\/spinner.svg' );jQuery(document).trigger('gform_page_loaded', [3, current_page]);window['gf_submitting_3'] = false;}else if(!is_redirect){var confirmation_content = jQuery(this).contents().find('.GF_AJAX_POSTBACK').html();if(!confirmation_content){confirmation_content = contents;}setTimeout(function(){jQuery('#gform_wrapper_3').replaceWith(confirmation_content);jQuery(document).scrollTop(jQuery('#gf_3').offset().top - mt);jQuery(document).trigger('gform_confirmation_loaded', [3]);window['gf_submitting_3'] = false;wp.a11y.speak(jQuery('#gform_confirmation_message_3').text());}, 50);}else{jQuery('#gform_3').append(contents);if(window['gformRedirect']) {gformRedirect();}}jQuery(document).trigger('gform_post_render', [3, current_page]);} );} );\n<\/script>\n\n","protected":false},"excerpt":{"rendered":"<p>Blefaroplastika ELLMAN \u2013 ESTETSKA KIRURGIJA BEZ NO\u017dA! Blefaroplastika \u0160to je bleferoplastika? Regija lica koja zahva\u010da \u010delo, obrve, kapke, te srednje lice u okuloplasti\u010dnoj praksi naziva se periokularnom regijom i posebno je sklona ranim znacima starenja. Starenje uzrokuje kombinacija genetskih i okoli\u0161nih faktora, posebno ultraviolentno zra\u010denje, ponavljani pokreti mimi\u010dne ekspresije i izlo\u017eenost duhanskom dimu, a manifestira [&hellip;]<\/p>\n","protected":false},"author":1,"featured_media":2053,"parent":2045,"menu_order":4,"comment_status":"closed","ping_status":"closed","template":"","meta":[],"_links":{"self":[{"href":"https:\/\/knezovic.com.hr\/sl\/wp-json\/wp\/v2\/pages\/2051\/"}],"collection":[{"href":"https:\/\/knezovic.com.hr\/sl\/wp-json\/wp\/v2\/pages\/"}],"about":[{"href":"https:\/\/knezovic.com.hr\/sl\/wp-json\/wp\/v2\/types\/page\/"}],"author":[{"embeddable":true,"href":"https:\/\/knezovic.com.hr\/sl\/wp-json\/wp\/v2\/users\/1\/"}],"replies":[{"embeddable":true,"href":"https:\/\/knezovic.com.hr\/sl\/wp-json\/wp\/v2\/comments\/?post=2051"}],"version-history":[{"count":0,"href":"https:\/\/knezovic.com.hr\/sl\/wp-json\/wp\/v2\/pages\/2051\/revisions\/"}],"up":[{"embeddable":true,"href":"https:\/\/knezovic.com.hr\/sl\/wp-json\/wp\/v2\/pages\/2045\/"}],"wp:featuredmedia":[{"embeddable":true,"href":"https:\/\/knezovic.com.hr\/sl\/wp-json\/wp\/v2\/media\/2053\/"}],"wp:attachment":[{"href":"https:\/\/knezovic.com.hr\/sl\/wp-json\/wp\/v2\/media\/?parent=2051"}],"curies":[{"name":"wp","href":"https:\/\/api.w.org\/{rel}","templated":true}]}}