{"id":2066,"date":"2019-06-26T12:34:29","date_gmt":"2019-06-26T10:34:29","guid":{"rendered":"https:\/\/knezovic.com.hr\/?page_id=2066"},"modified":"2019-06-26T12:34:29","modified_gmt":"2019-06-26T10:34:29","slug":"ptoza","status":"publish","type":"page","link":"https:\/\/knezovic.com.hr\/sl\/usluge\/ocesni-in-estetski-postopki\/ptoza\/","title":{"rendered":"Ptoza"},"content":{"rendered":"<h2 ><span>Ptoza<\/span><\/h2>\n<p>Ptoza je pove\u0161enost zgornje veke pri \u010demer je zenica deloma ali popolnoma prekrita. Ptoza poleg tega da je estetski problem, lahko pri otrocih povzro\u010di zaostanek razvoja vida in obstrukcija vidne osi, kar pove\u010duje mo\u017enost za nastanek slabovidnosti, pri odraslih pa onemogo\u010da vsakodnevne aktivnosti.<\/p>\n<p>&nbsp;<\/p>\n<h4 ><span>Dejavniki tveganja<\/span><\/h4>\n<p>Dejavniki tveganja za razvoj ptoze so dednost, staranje, sladkorna bolezen, miastenija gravis in tumorji v mo\u017eganih ki lahko vplivajo na oskrbo \u017eivcev in mi\u0161i\u010dni odgovor.<\/p>\n<p>&nbsp;<\/p>\n<p><strong>Spol<\/strong><\/p>\n<p>\u010ceprav to\u010dna pojavnost ptoze po svetu ni znana, se pojavlja enako pri ljudeh razli\u010dnih ras in enako pri ljudeh obeh spolov.<\/p>\n<p>&nbsp;<\/p>\n<h2 ><span>VRSTE PTOZE<\/span><\/h2>\n<h4 ><span>Po nastanku ptozo delimo na:<\/span><\/h4>\n<ul>\n<li>Prirojeno<\/li>\n<li>Pridobljeno<\/li>\n<\/ul>\n<p>&nbsp;<\/p>\n<h4 ><span>Po vzroku nastanka je lahko:<\/span><\/h4>\n<ul>\n<li>Aponeurotska ptoza<\/li>\n<\/ul>\n<p>Ta je najpogosteje involutivna kot posledica procesa staranja. Zgornja veka je pove\u0161ena na obeh straneh in asimetri\u010dna in ptoza se poslab\u0161a \u010dez dan. Delovanje mi\u0161ic, ki vzdigujejo zgornjo veko je najpogosteje slab\u0161e.<\/p>\n<ul>\n<li>Miogena ptoza<\/li>\n<\/ul>\n<p>Nastane zaradi napake v sami dvi\u017eni mi\u0161ici zgornje veke ali zaradi napake na nevromi\u0161i\u010dnem spoju. Najpogosteje je prvi znak bolezni miastenija gravis. Veke so pove\u0161ene na obeh straneh in asimetri\u010dno, tekom dneva se slab\u0161a, po po\u010ditku pa izbolj\u0161a.<\/p>\n<ul>\n<li>Nevrogena ptoza<\/li>\n<\/ul>\n<p>Najpogosteje je enostranska, nastane zaradi napake v delovanju mo\u017eganskega \u017eivca, ki je odgovoren za gibe vek ali simpati\u010dnega \u017eiv\u010devja.<\/p>\n<ul>\n<li>Mehani\u010dna ptoza<\/li>\n<\/ul>\n<p>Nastane zaradi napake v gibanju zgornje veke z funkcijo \u017eivca in mi\u0161ic<\/p>\n<ul>\n<li>Travmatska ptoza<\/li>\n<\/ul>\n<p>Je posledica po\u0161kodbe zgornje veke.<\/p>\n<p>&nbsp;<\/p>\n<h2 ><span>Zdravljenje<\/span><\/h2>\n<p>Zdravljenje ptoze je kirur\u0161ko in obsega nekoliko operativnih tehnik na mi\u0161icah dvigovalkah veke. Pri otrocih je priporo\u010dljivo odstraniti ptozo \u010dim prej, da se prepre\u010di razvoj slabovidnosti.<\/p>\n<p>&nbsp;<\/p>\n<h4 ><span>Pred operacijo<\/span><\/h4>\n<p>Predoperativno je potrebno narediti podroben pregled, da se izklju\u010dijo nekatere bolezni, pri katerih operacija ni priporo\u010dljiva.<\/p>\n<p>Pred operacijo je potrebno narediti:<\/p>\n<ul>\n<li>Narediti kompletno krvno sliko<\/li>\n<li>Narediti mali koagulogram<\/li>\n<li>Narediti popis alergij (posebno pozornost nameniti alergijam na zdravila)<\/li>\n<li>Narediti popis zdravil, ki jih pacient jemlje (posebno pozornost nameniti zdravilom, ki red\u010dijo kri, kot so: Aspirin, Andol, Martefarin, Varfarin, Heparin in podobno).<\/li>\n<\/ul>\n<p>&nbsp;<\/p>\n<h4 ><span>Med operacijo<\/span><\/h4>\n<p>Operacija se pri odraslih izvaja pod lokalno anestezijo. Traja od 45 do 90 minut, odvisno od tega ali se operacija izvaja na eni ali obeh vekah. Kirurg naredi rez na sprednji o\u010desni povr\u0161ini veke. Postavi se \u0161ive v mi\u0161ico, da se oja\u010da njena povezanost s veko in da se prilagodi vi\u0161ina veke.<\/p>\n<p>&nbsp;<\/p>\n<h4 ><span>Po operaciji<\/span><\/h4>\n<p>Po operaciji ptoze je potrebno omejiti dolo\u010dene aktivnosti prva dva tedna. Prav tako se priporo\u010da izogibanje dotikanja o\u010di in izogibanje vsega kar bi lahko izzvalo iritacijo o\u010di. Veka je lahko po operaciji malo ote\u010dena in mogo\u010de se oko ne bo popolnoma zaprlo prvih nekaj dni po operaciji.<\/p>\n<p>&nbsp;<\/p>\n<h2 ><span>Operacija ptoze \u2013 zakaj izbrati Polikliniko Knezovi\u0107?<\/span><\/h2>\n<h3 ><span>Dr. Igor Knezovi\u0107 &#8211; kirurg<\/span><\/h3>\n<p>Doktor Igor Knezovi\u0107 je izvedel operacijo ptoze na ve\u010d stotinah pacientov. Izobra\u017eevanje je zaklju\u010dil v Klini\u010dni bolni\u0161nici Sveti Duh v Zagrebu, KBC-u Rebro in v Indiji, kjer je izpopolnil tehniko korekcije vek.<\/p>\n<p><img loading=\"lazy\" class=\"alignnone size-full wp-image-1561\" src=\"https:\/\/knezovic.com.hr\/wp-content\/uploads\/2019\/02\/oftalmolog-dr-knezovic.jpg\" alt=\"dermalni fileri\" width=\"800\" height=\"532\" srcset=\"https:\/\/knezovic.com.hr\/wp-content\/uploads\/2019\/02\/oftalmolog-dr-knezovic.jpg 800w, https:\/\/knezovic.com.hr\/wp-content\/uploads\/2019\/02\/oftalmolog-dr-knezovic-768x511.jpg 768w\" sizes=\"(max-width: 800px) 100vw, 800px\" \/><\/p>\n<p>&nbsp;<\/p>\n<p>&nbsp;<\/p>\n<h4 ><span>Operacija ptoze cena?<\/span><\/h4>\n<p>Pred operativnim posegom svetujemo, da pridete na posvet, da se s kirurgom dogovorite o podrobnostih, ki so pomembne za poseg. Cene konzultacij in vseh estetskih posegov kot tudi teko\u010de akcije lahko preverite na <u>CENIKU Poliklinike Knezovi\u0107.<\/u><\/p>\n<p>&nbsp;<\/p>\n<h3 ><span>Naro\u010dite se na konzultacije<\/span><\/h3>\n<p>&nbsp;<\/p>\n<script type=\"text\/javascript\">var gform;gform||(document.addEventListener(\"gform_main_scripts_loaded\",function(){gform.scriptsLoaded=!0}),window.addEventListener(\"DOMContentLoaded\",function(){gform.domLoaded=!0}),gform={domLoaded:!1,scriptsLoaded:!1,initializeOnLoaded:function(o){gform.domLoaded&&gform.scriptsLoaded?o():!gform.domLoaded&&gform.scriptsLoaded?window.addEventListener(\"DOMContentLoaded\",o):document.addEventListener(\"gform_main_scripts_loaded\",o)},hooks:{action:{},filter:{}},addAction:function(o,n,r,t){gform.addHook(\"action\",o,n,r,t)},addFilter:function(o,n,r,t){gform.addHook(\"filter\",o,n,r,t)},doAction:function(o){gform.doHook(\"action\",o,arguments)},applyFilters:function(o){return gform.doHook(\"filter\",o,arguments)},removeAction:function(o,n){gform.removeHook(\"action\",o,n)},removeFilter:function(o,n,r){gform.removeHook(\"filter\",o,n,r)},addHook:function(o,n,r,t,i){null==gform.hooks[o][n]&&(gform.hooks[o][n]=[]);var e=gform.hooks[o][n];null==i&&(i=n+\"_\"+e.length),gform.hooks[o][n].push({tag:i,callable:r,priority:t=null==t?10:t})},doHook:function(n,o,r){var t;if(r=Array.prototype.slice.call(r,1),null!=gform.hooks[n][o]&&((o=gform.hooks[n][o]).sort(function(o,n){return o.priority-n.priority}),o.forEach(function(o){\"function\"!=typeof(t=o.callable)&&(t=window[t]),\"action\"==n?t.apply(null,r):r[0]=t.apply(null,r)})),\"filter\"==n)return r[0]},removeHook:function(o,n,t,i){var r;null!=gform.hooks[o][n]&&(r=(r=gform.hooks[o][n]).filter(function(o,n,r){return!!(null!=i&&i!=o.tag||null!=t&&t!=o.priority)}),gform.hooks[o][n]=r)}});<\/script>\n                <div class='gf_browser_gecko gform_wrapper gform_legacy_markup_wrapper' id='gform_wrapper_3' ><div id='gf_3' class='gform_anchor' tabindex='-1'><\/div><form method='post' enctype='multipart\/form-data' target='gform_ajax_frame_3' id='gform_3'  action='\/sl\/wp-json\/wp\/v2\/pages\/2066\/#gf_3' >\n                        <div class='gform_body gform-body'><ul id='gform_fields_3' class='gform_fields top_label form_sublabel_below description_below'><li id=\"field_3_1\"  class=\"gfield gfield_contains_required field_sublabel_below field_description_below gfield_visibility_visible\"  data-js-reload=\"field_3_1\"><label class='gfield_label' for='input_3_1' >Ime i prezime:<span class=\"gfield_required\"><span class=\"gfield_required gfield_required_asterisk\">*<\/span><\/span><\/label><div class='ginput_container ginput_container_text'><input name='input_1' id='input_3_1' type='text' value='' class='large'    placeholder='Ime i prezime' aria-required=\"true\" aria-invalid=\"false\"   \/> <\/div><\/li><li id=\"field_3_13\"  class=\"gfield field_sublabel_below field_description_below gfield_visibility_visible\"  data-js-reload=\"field_3_13\"><label class='gfield_label' for='input_3_13' >Broj telefona:<\/label><div class='ginput_container ginput_container_text'><input name='input_13' id='input_3_13' type='text' value='' class='large'    placeholder='Broj telefona'  aria-invalid=\"false\"   \/> <\/div><\/li><li id=\"field_3_4\"  class=\"gfield gfield_contains_required field_sublabel_below field_description_below gfield_visibility_visible\"  data-js-reload=\"field_3_4\"><label class='gfield_label' for='input_3_4' >E-mail adresa:<span class=\"gfield_required\"><span class=\"gfield_required gfield_required_asterisk\">*<\/span><\/span><\/label><div class='ginput_container ginput_container_email'>\n                            <input name='input_4' id='input_3_4' type='text' value='' class='large'   placeholder='E-mail adresa' aria-required=\"true\" aria-invalid=\"false\"  \/>\n                        <\/div><\/li><li id=\"field_3_16\"  class=\"gfield field_sublabel_below field_description_below gfield_visibility_visible\"  data-js-reload=\"field_3_16\"><label class='gfield_label' for='input_3_16' >Poruka<\/label><div class='ginput_container ginput_container_textarea'><textarea name='input_16' id='input_3_16' class='textarea medium'    placeholder='Va\u0161 upit...'  aria-invalid=\"false\"   rows='10' cols='50'><\/textarea><\/div><\/li><li id=\"field_3_17\"  class=\"gfield gf_right_half gfield_contains_required field_sublabel_below field_description_below gfield_visibility_visible\"  data-js-reload=\"field_3_17\"><label class='gfield_label' for='input_3_17' >Datum za narud\u017ebu od:<span class=\"gfield_required\"><span class=\"gfield_required gfield_required_asterisk\">*<\/span><\/span><\/label><div class='ginput_container ginput_container_date'>\n                            <input name='input_17' id='input_3_17' type='text' value='\/\/' class='datepicker dmy datepicker_with_icon gdatepicker_with_icon'   placeholder='dd\/mm\/yyyy' aria-describedby=\"input_3_17_date_format\" aria-invalid=\"false\" aria-required=\"true\"\/>\n                            <span id='input_3_17_date_format' class='screen-reader-text'>DD slash MM slash YYYY<\/span>\n                        <\/div>\n                        <input type='hidden' id='gforms_calendar_icon_input_3_17' class='gform_hidden' value='https:\/\/knezovic.com.hr\/wp-content\/plugins\/gravityforms\/images\/datepicker\/datepicker.svg'\/><\/li><li id=\"field_3_15\"  class=\"gfield gf_right_half gfield_contains_required field_sublabel_below field_description_below gfield_visibility_visible\"  data-js-reload=\"field_3_15\"><label class='gfield_label' for='input_3_15' >Datum za narud\u017ebu do:<span class=\"gfield_required\"><span class=\"gfield_required gfield_required_asterisk\">*<\/span><\/span><\/label><div class='ginput_container ginput_container_date'>\n                            <input name='input_15' id='input_3_15' type='text' value='\/\/' class='datepicker dmy datepicker_with_icon gdatepicker_with_icon'   placeholder='dd\/mm\/yyyy' aria-describedby=\"input_3_15_date_format\" aria-invalid=\"false\" aria-required=\"true\"\/>\n                            <span id='input_3_15_date_format' class='screen-reader-text'>DD slash MM slash YYYY<\/span>\n                        <\/div>\n                        <input type='hidden' id='gforms_calendar_icon_input_3_15' class='gform_hidden' value='https:\/\/knezovic.com.hr\/wp-content\/plugins\/gravityforms\/images\/datepicker\/datepicker.svg'\/><\/li><li id=\"field_3_7\"  class=\"gfield gf_list_inline gfield_contains_required field_sublabel_below field_description_below gfield_visibility_visible\"  data-js-reload=\"field_3_7\"><label class='gfield_label'  >Zatra\u017eite povratni poziv:<span class=\"gfield_required\"><span class=\"gfield_required gfield_required_asterisk\">*<\/span><\/span><\/label><div class='ginput_container ginput_container_radio'><ul class='gfield_radio' id='input_3_7'>\n\t\t\t<li class='gchoice gchoice_3_7_0'>\n\t\t\t\t<input name='input_7' type='radio' value='Da' checked='checked' id='choice_3_7_0'    \/>\n\t\t\t\t<label for='choice_3_7_0' id='label_3_7_0'>Da<\/label>\n\t\t\t<\/li>\n\t\t\t<li class='gchoice gchoice_3_7_1'>\n\t\t\t\t<input name='input_7' type='radio' value='Ne'  id='choice_3_7_1'    \/>\n\t\t\t\t<label for='choice_3_7_1' id='label_3_7_1'>Ne<\/label>\n\t\t\t<\/li><\/ul><\/div><\/li><li id=\"field_3_19\"  class=\"gfield field_sublabel_below field_description_below gfield_visibility_visible\"  data-js-reload=\"field_3_19\"><label class='gfield_label' for='input_3_19' >CAPTCHA<\/label><div id='input_3_19' class='ginput_container ginput_recaptcha' data-sitekey='6LeeifoUAAAAAHMfwTuIB87_kZYSH84QAWaZMdQF'  data-theme='light' data-tabindex='0'  data-badge=''><\/div><\/li><li id=\"field_3_18\"  class=\"gfield gfield_html gfield_html_formatted gfield_no_follows_desc field_sublabel_below field_description_below gfield_visibility_visible\"  data-js-reload=\"field_3_18\">Slanjem podataka putem ovog online obrasca dajem privolu za obradu upisanih podataka u svrhu naru\u010divanja za pregled.\n<\/li><li id=\"field_3_20\"  class=\"gfield gform_validation_container field_sublabel_below field_description_below gfield_visibility_visible\"  data-js-reload=\"field_3_20\"><label class='gfield_label' for='input_3_20' >Email<\/label><div class='ginput_container'><input name='input_20' id='input_3_20' type='text' value='' \/><\/div><div class='gfield_description' id='gfield_description_3_20'>This field is for validation purposes and should be left unchanged.<\/div><\/li><\/ul><\/div>\n        <div class='gform_footer top_label'> <input type='submit' id='gform_submit_button_3' class='gform_button button' value='NARU\u010cITE SE'  onclick='if(window[\"gf_submitting_3\"]){return false;}  window[\"gf_submitting_3\"]=true;  ' onkeypress='if( event.keyCode == 13 ){ if(window[\"gf_submitting_3\"]){return false;} window[\"gf_submitting_3\"]=true;  jQuery(\"#gform_3\").trigger(\"submit\",[true]); }' \/> <input type='hidden' name='gform_ajax' value='form_id=3&amp;title=&amp;description=&amp;tabindex=0' \/>\n            <input type='hidden' class='gform_hidden' name='is_submit_3' value='1' \/>\n            <input type='hidden' class='gform_hidden' name='gform_submit' value='3' \/>\n            \n            <input type='hidden' class='gform_hidden' name='gform_unique_id' value='' \/>\n            <input type='hidden' class='gform_hidden' name='state_3' value='WyJbXSIsImM5ZGJmMDE2NjBlNmEwMzlmZGRlYTZhMTM3OGFmMzFhIl0=' \/>\n            <input type='hidden' class='gform_hidden' name='gform_target_page_number_3' id='gform_target_page_number_3' value='0' \/>\n            <input type='hidden' class='gform_hidden' name='gform_source_page_number_3' id='gform_source_page_number_3' value='1' \/>\n            <input type='hidden' name='gform_field_values' value='' \/>\n            \n        <\/div>\n                        <\/form>\n                        <\/div>\n                <iframe style='display:none;width:0px;height:0px;' src='about:blank' name='gform_ajax_frame_3' id='gform_ajax_frame_3' title='This iframe contains the logic required to handle Ajax powered Gravity Forms.'><\/iframe>\n                <script type=\"text\/javascript\">\ngform.initializeOnLoaded( function() {gformInitSpinner( 3, 'https:\/\/knezovic.com.hr\/wp-content\/plugins\/gravityforms\/images\/spinner.svg' );jQuery('#gform_ajax_frame_3').on('load',function(){var contents = jQuery(this).contents().find('*').html();var is_postback = contents.indexOf('GF_AJAX_POSTBACK') >= 0;if(!is_postback){return;}var form_content = jQuery(this).contents().find('#gform_wrapper_3');var is_confirmation = jQuery(this).contents().find('#gform_confirmation_wrapper_3').length > 0;var is_redirect = contents.indexOf('gformRedirect(){') >= 0;var is_form = form_content.length > 0 && ! is_redirect && ! is_confirmation;var mt = parseInt(jQuery('html').css('margin-top'), 10) + parseInt(jQuery('body').css('margin-top'), 10) + 100;if(is_form){jQuery('#gform_wrapper_3').html(form_content.html());if(form_content.hasClass('gform_validation_error')){jQuery('#gform_wrapper_3').addClass('gform_validation_error');} else {jQuery('#gform_wrapper_3').removeClass('gform_validation_error');}setTimeout( function() { \/* delay the scroll by 50 milliseconds to fix a bug in chrome *\/ jQuery(document).scrollTop(jQuery('#gform_wrapper_3').offset().top - mt); }, 50 );if(window['gformInitDatepicker']) {gformInitDatepicker();}if(window['gformInitPriceFields']) {gformInitPriceFields();}var current_page = jQuery('#gform_source_page_number_3').val();gformInitSpinner( 3, 'https:\/\/knezovic.com.hr\/wp-content\/plugins\/gravityforms\/images\/spinner.svg' );jQuery(document).trigger('gform_page_loaded', [3, current_page]);window['gf_submitting_3'] = false;}else if(!is_redirect){var confirmation_content = jQuery(this).contents().find('.GF_AJAX_POSTBACK').html();if(!confirmation_content){confirmation_content = contents;}setTimeout(function(){jQuery('#gform_wrapper_3').replaceWith(confirmation_content);jQuery(document).scrollTop(jQuery('#gf_3').offset().top - mt);jQuery(document).trigger('gform_confirmation_loaded', [3]);window['gf_submitting_3'] = false;wp.a11y.speak(jQuery('#gform_confirmation_message_3').text());}, 50);}else{jQuery('#gform_3').append(contents);if(window['gformRedirect']) {gformRedirect();}}jQuery(document).trigger('gform_post_render', [3, current_page]);} );} );\n<\/script>\n\n<p>&nbsp;<\/p>\n<p>&nbsp;<\/p>\n","protected":false},"excerpt":{"rendered":"<p>Ptoza Ptoza je pove\u0161enost zgornje veke pri \u010demer je zenica deloma ali popolnoma prekrita. Ptoza poleg tega da je estetski problem, lahko pri otrocih povzro\u010di zaostanek razvoja vida in obstrukcija vidne osi, kar pove\u010duje mo\u017enost za nastanek slabovidnosti, pri odraslih pa onemogo\u010da vsakodnevne aktivnosti. &nbsp; Dejavniki tveganja Dejavniki tveganja za razvoj ptoze so dednost, staranje, [&hellip;]<\/p>\n","protected":false},"author":6,"featured_media":2068,"parent":2045,"menu_order":8,"comment_status":"closed","ping_status":"closed","template":"","meta":[],"_links":{"self":[{"href":"https:\/\/knezovic.com.hr\/sl\/wp-json\/wp\/v2\/pages\/2066\/"}],"collection":[{"href":"https:\/\/knezovic.com.hr\/sl\/wp-json\/wp\/v2\/pages\/"}],"about":[{"href":"https:\/\/knezovic.com.hr\/sl\/wp-json\/wp\/v2\/types\/page\/"}],"author":[{"embeddable":true,"href":"https:\/\/knezovic.com.hr\/sl\/wp-json\/wp\/v2\/users\/6\/"}],"replies":[{"embeddable":true,"href":"https:\/\/knezovic.com.hr\/sl\/wp-json\/wp\/v2\/comments\/?post=2066"}],"version-history":[{"count":0,"href":"https:\/\/knezovic.com.hr\/sl\/wp-json\/wp\/v2\/pages\/2066\/revisions\/"}],"up":[{"embeddable":true,"href":"https:\/\/knezovic.com.hr\/sl\/wp-json\/wp\/v2\/pages\/2045\/"}],"wp:featuredmedia":[{"embeddable":true,"href":"https:\/\/knezovic.com.hr\/sl\/wp-json\/wp\/v2\/media\/2068\/"}],"wp:attachment":[{"href":"https:\/\/knezovic.com.hr\/sl\/wp-json\/wp\/v2\/media\/?parent=2066"}],"curies":[{"name":"wp","href":"https:\/\/api.w.org\/{rel}","templated":true}]}}