{"id":2069,"date":"2019-06-26T12:59:20","date_gmt":"2019-06-26T10:59:20","guid":{"rendered":"https:\/\/knezovic.com.hr\/?page_id=2069"},"modified":"2019-06-26T12:59:20","modified_gmt":"2019-06-26T10:59:20","slug":"operacija-solznih-kanalov","status":"publish","type":"page","link":"https:\/\/knezovic.com.hr\/sl\/usluge\/ocesni-in-estetski-postopki\/operacija-solznih-kanalov\/","title":{"rendered":"Operacija solznih kanalov"},"content":{"rendered":"<h2 ><span>Operacija solznih kanalov<\/span><\/h2>\n<p>Oko potrebuje vla\u017eenje s solzami, da lahko opravlja svojo funkcijo. Z me\u017eikanjem dose\u017eemo stalno mazanje, da je sprednja povr\u0161ina o\u010desa vedno vla\u017ena. Normalno je, da vi\u0161ek solz po kanalih potuje do nosa. V\u010dasih se lahko zgodi, da sistem proizvaja tako veliko koli\u010dino solz, da se prevelika koli\u010dina ne mora dovolj hitro odstraniti in tako nastane prekomerno solzenje.<\/p>\n<p><strong>STAROST<\/strong><\/p>\n<p>Zaprti, zama\u0161eni solzni kanali so najpogostej\u0161i pri dojen\u010dkih in kasneje pri odraslih po 50-tem letu starosti.<\/p>\n<p>&nbsp;<\/p>\n<p><strong>VRSTE operacij solznih kanalov<\/strong><\/p>\n<p>Pod operacije solznih kanalov pri\u0161tevamo:<\/p>\n<p>&nbsp;<\/p>\n<h3 ><span>Izpiranje ali sondiranje solznih kanalov<\/span><\/h3>\n<p>Pri pacientih ki imajo zastoj v solznem kanalu pogosto prihaja do sekundarnih oku\u017eb in gnoja v notranjem o\u010desnem kotu. Pod lokalno anestezijo se naredi sondiranje solznih kanalov, da se vrne preto\u010dnost in s tem zmanj\u0161a frekvenca infekcije. Poseg je v\u010dasih potrebno ve\u010dkrat ponoviti.<\/p>\n<p>&nbsp;<\/p>\n<h3 ><span>Vstavljanje punktalnih okluderjev<\/span><\/h3>\n<p>Punktalni okluderji so posebno oblikovani \u010depki, ki se vstavijo v odvodne solzne kanale, s ciljem zmanj\u0161anja odtekanja naravnih solz. Lahko se vstavijo v spodnje veke, v te\u017ejih primerih pa tudi v zgornje. Uporabljajo se pri te\u017ekih oblikah suhega o\u010desa.<\/p>\n<p>&nbsp;<\/p>\n<p>&nbsp;<\/p>\n<h2 ><span>Izpiranje ali sondiraje solznih kanalov<\/span><\/h2>\n<h4 ><span>Kdaj se uporablja<\/span><\/h4>\n<p>Sondiranje solznih kanalov se uporabi takrat ko solze ne morejo normalno odtekati in pu\u0161\u010dajo o\u010di vodene in razdra\u017eene. Pogosto je vzrok za to stanje vnetje, oku\u017eba, tumor ali po\u0161kodba.<\/p>\n<h4 ><span>Med postopkom<\/span><\/h4>\n<p>Postopek se izvaja tako, da se raz\u0161irijo solzno-nosni kanali ali pa se prebije opna, ki se nahaja na sredini odvodnega dela solznega sistema in onemogo\u010da normalno odtekanje solz iz o\u010di v nos.<\/p>\n<h4 ><span>Anestezija<\/span><\/h4>\n<p>Poseg se izvaja pod lokalno anestezijo s kapljicami.<\/p>\n<h4 ><span>Pred sondiranjem<\/span><\/h4>\n<p>Pred sondiranjem je potrebno narediti specialisti\u010dni pregled, podpisati informirani pristanek in nakapljati anestetik v o\u010di.<\/p>\n<h4 ><span>Med sondiranjem<\/span><\/h4>\n<p>Med sondiranjem pacient udobno sedi v operacijskem stolu. Postopek traja vsega 5-10 minut za eno oko.<\/p>\n<h4 ><span>Po sondiranju<\/span><\/h4>\n<p>Okrevanje po sondiranju solznih kanalov je hitro. Pacient po pol ure odide domov. Kontrola je naslednji dan. Pacient po posegu dobi primerno terapijo in navodila. Po posegu se priporo\u010da da se tega dela ne dotika in nanj ne pritiska (pljuska vode, bri\u0161e z brisa\u010do, dela te\u017eka fizi\u010dna dela).<\/p>\n<p>&nbsp;<\/p>\n<h2 ><span>Vstavljanje punktalnih okluderjev<\/span><\/h2>\n<h4 ><span>Kdaj se uporablja \u2013 dejavniki tveganja<\/span><\/h4>\n<p>Punktalni okluderji se uporabljajo pri hiposekrecijski obliki suhega o\u010desa razli\u010dnih etiologij, kot npr.:<\/p>\n<ul>\n<li>Pri avtoimunskih boleznih<\/li>\n<li>Involutivnih spremembah<\/li>\n<li>Po laserski odstranitvi dioptrije<\/li>\n<li>Po sevanju<\/li>\n<li>Po operaciji solznih \u017elez<\/li>\n<\/ul>\n<p>&nbsp;<\/p>\n<h4 ><span>Pred vstavljanjem<\/span><\/h4>\n<p>Pred posegom ni potrebna posebna priprava. Poseg ni bole\u010d, pacientu se v o\u010di kane anestezijske kapljice, da mu je \u010dim bolj udobno.<\/p>\n<p>&nbsp;<\/p>\n<h4 ><span>Med vstavljanjem<\/span><\/h4>\n<p>V \u010dasu posega je pacient v le\u017ee\u010dem polo\u017eaju. Punktalni okluderji se vstavijo natan\u010dno pod operacijskim mikroskopom. Poseg traja vsega par minut po o\u010desu.<\/p>\n<h4 ><span>Po vstavljanju<\/span><\/h4>\n<p>Po vstavljanju pacient odide domov. Priporo\u010da se, da se v prihodnosti ne drgne mo\u010dno na mestu, kjer je bil vstavljen okluder.<\/p>\n<p>&nbsp;<\/p>\n<h4 ><span>Ali postopek boli?<\/span><\/h4>\n<p>Postopek vstavljanja traja 5 minut, v operacijski sobi. Pacient le\u017ei, operacija se opravi z operacijskim mikroskopom. Anestezija najpogosteje ni potrebna, ali pa se uporabi anestezijske kapljice za o\u010di, da je postopek \u0161e bolj udoben.<\/p>\n<p>&nbsp;<\/p>\n<h4 ><span>Vrste punktalnih okluderjev<\/span><\/h4>\n<p>Punktalni okluderji se razlikujejo po vrsti materiala iz katerega so narejeni, po velikosti in dol\u017eini trajanja.<\/p>\n<p>Govorimo o minimalno invazivnem posegu. Pred posegom se je potrebno podrobno posvetovati z zdravnikom specialistom.<\/p>\n<p>Po mestu vstavljanja, implantate delimo na:<\/p>\n<ul>\n<li>Punktalne<\/li>\n<li>Intrakanalikurarne<\/li>\n<\/ul>\n<p>&nbsp;<\/p>\n<p>Punktalni so povr\u0161ni. Prednost teh je da se enostavno odstranijo, ampak je potrebna ve\u010dja pozornost pri umivanju in drugih manipulacij po vekah, da se implantat ne nenamerno odstrani. \u010ce do tega pride, ni nobene nevarnosti in postopek se lahko ponovi.<br \/>\nIntrakanalikularni se postavijo globje v solzne kanale.<\/p>\n<p>Po vrsti materiala se punktalni implantati delijo na za\u010dasne &#8211; kolagenske, ki se absorbirajo po dolo\u010denem \u010dasu in jih je potem potrebno ponovno vstaviti, -trajne silikonske in napredne (SmartPlug, Oasis FormFit, Eagle \u201cFlow Controller\u201d). Zadnji menjajo obliko in volumen odvisno od zunanjih dejavnikov (temperaturi, vlagi). Ve\u010dina implantatov variira od 0,2 \u2013 1,0 mm in je potrebno natan\u010dno izmeriti, da se pripravi primerno velikost.<\/p>\n<p>&nbsp;<\/p>\n<h4 ><span>Cena vstavljanja punktalnih okluderjev?<\/span><\/h4>\n<p>Cena implantacije punktalnega okluderja zna\u0161a 750 kn za oko. Preverite na\u0161 <u>cenik<\/u> za vse teko\u010de akcije.<\/p>\n<p>&nbsp;<\/p>\n<h3 ><span>Naro\u010dite se na konzultacije<\/span><\/h3>\n<script type=\"text\/javascript\">var gform;gform||(document.addEventListener(\"gform_main_scripts_loaded\",function(){gform.scriptsLoaded=!0}),window.addEventListener(\"DOMContentLoaded\",function(){gform.domLoaded=!0}),gform={domLoaded:!1,scriptsLoaded:!1,initializeOnLoaded:function(o){gform.domLoaded&&gform.scriptsLoaded?o():!gform.domLoaded&&gform.scriptsLoaded?window.addEventListener(\"DOMContentLoaded\",o):document.addEventListener(\"gform_main_scripts_loaded\",o)},hooks:{action:{},filter:{}},addAction:function(o,n,r,t){gform.addHook(\"action\",o,n,r,t)},addFilter:function(o,n,r,t){gform.addHook(\"filter\",o,n,r,t)},doAction:function(o){gform.doHook(\"action\",o,arguments)},applyFilters:function(o){return gform.doHook(\"filter\",o,arguments)},removeAction:function(o,n){gform.removeHook(\"action\",o,n)},removeFilter:function(o,n,r){gform.removeHook(\"filter\",o,n,r)},addHook:function(o,n,r,t,i){null==gform.hooks[o][n]&&(gform.hooks[o][n]=[]);var e=gform.hooks[o][n];null==i&&(i=n+\"_\"+e.length),gform.hooks[o][n].push({tag:i,callable:r,priority:t=null==t?10:t})},doHook:function(n,o,r){var t;if(r=Array.prototype.slice.call(r,1),null!=gform.hooks[n][o]&&((o=gform.hooks[n][o]).sort(function(o,n){return o.priority-n.priority}),o.forEach(function(o){\"function\"!=typeof(t=o.callable)&&(t=window[t]),\"action\"==n?t.apply(null,r):r[0]=t.apply(null,r)})),\"filter\"==n)return r[0]},removeHook:function(o,n,t,i){var r;null!=gform.hooks[o][n]&&(r=(r=gform.hooks[o][n]).filter(function(o,n,r){return!!(null!=i&&i!=o.tag||null!=t&&t!=o.priority)}),gform.hooks[o][n]=r)}});<\/script>\n                <div class='gf_browser_gecko gform_wrapper gform_legacy_markup_wrapper' id='gform_wrapper_3' ><div id='gf_3' class='gform_anchor' tabindex='-1'><\/div><form method='post' enctype='multipart\/form-data' target='gform_ajax_frame_3' id='gform_3'  action='\/sl\/wp-json\/wp\/v2\/pages\/2069\/#gf_3' >\n                        <div class='gform_body gform-body'><ul id='gform_fields_3' class='gform_fields top_label form_sublabel_below description_below'><li id=\"field_3_1\"  class=\"gfield gfield_contains_required field_sublabel_below field_description_below gfield_visibility_visible\"  data-js-reload=\"field_3_1\"><label class='gfield_label' for='input_3_1' >Ime i prezime:<span class=\"gfield_required\"><span class=\"gfield_required gfield_required_asterisk\">*<\/span><\/span><\/label><div class='ginput_container ginput_container_text'><input name='input_1' id='input_3_1' type='text' value='' class='large'    placeholder='Ime i prezime' aria-required=\"true\" aria-invalid=\"false\"   \/> <\/div><\/li><li id=\"field_3_13\"  class=\"gfield field_sublabel_below field_description_below gfield_visibility_visible\"  data-js-reload=\"field_3_13\"><label class='gfield_label' for='input_3_13' >Broj telefona:<\/label><div class='ginput_container ginput_container_text'><input name='input_13' id='input_3_13' type='text' value='' class='large'    placeholder='Broj telefona'  aria-invalid=\"false\"   \/> <\/div><\/li><li id=\"field_3_4\"  class=\"gfield gfield_contains_required field_sublabel_below field_description_below gfield_visibility_visible\"  data-js-reload=\"field_3_4\"><label class='gfield_label' for='input_3_4' >E-mail adresa:<span class=\"gfield_required\"><span class=\"gfield_required gfield_required_asterisk\">*<\/span><\/span><\/label><div class='ginput_container ginput_container_email'>\n                            <input name='input_4' id='input_3_4' type='text' value='' class='large'   placeholder='E-mail adresa' aria-required=\"true\" aria-invalid=\"false\"  \/>\n                        <\/div><\/li><li id=\"field_3_16\"  class=\"gfield field_sublabel_below field_description_below gfield_visibility_visible\"  data-js-reload=\"field_3_16\"><label class='gfield_label' for='input_3_16' >Poruka<\/label><div class='ginput_container ginput_container_textarea'><textarea name='input_16' id='input_3_16' class='textarea medium'    placeholder='Va\u0161 upit...'  aria-invalid=\"false\"   rows='10' cols='50'><\/textarea><\/div><\/li><li id=\"field_3_17\"  class=\"gfield gf_right_half gfield_contains_required field_sublabel_below field_description_below gfield_visibility_visible\"  data-js-reload=\"field_3_17\"><label class='gfield_label' for='input_3_17' >Datum za narud\u017ebu od:<span class=\"gfield_required\"><span class=\"gfield_required gfield_required_asterisk\">*<\/span><\/span><\/label><div class='ginput_container ginput_container_date'>\n                            <input name='input_17' id='input_3_17' type='text' value='\/\/' class='datepicker dmy datepicker_with_icon gdatepicker_with_icon'   placeholder='dd\/mm\/yyyy' aria-describedby=\"input_3_17_date_format\" aria-invalid=\"false\" aria-required=\"true\"\/>\n                            <span id='input_3_17_date_format' class='screen-reader-text'>DD slash MM slash YYYY<\/span>\n                        <\/div>\n                        <input type='hidden' id='gforms_calendar_icon_input_3_17' class='gform_hidden' value='https:\/\/knezovic.com.hr\/wp-content\/plugins\/gravityforms\/images\/datepicker\/datepicker.svg'\/><\/li><li id=\"field_3_15\"  class=\"gfield gf_right_half gfield_contains_required field_sublabel_below field_description_below gfield_visibility_visible\"  data-js-reload=\"field_3_15\"><label class='gfield_label' for='input_3_15' >Datum za narud\u017ebu do:<span class=\"gfield_required\"><span class=\"gfield_required gfield_required_asterisk\">*<\/span><\/span><\/label><div class='ginput_container ginput_container_date'>\n                            <input name='input_15' id='input_3_15' type='text' value='\/\/' class='datepicker dmy datepicker_with_icon gdatepicker_with_icon'   placeholder='dd\/mm\/yyyy' aria-describedby=\"input_3_15_date_format\" aria-invalid=\"false\" aria-required=\"true\"\/>\n                            <span id='input_3_15_date_format' class='screen-reader-text'>DD slash MM slash YYYY<\/span>\n                        <\/div>\n                        <input type='hidden' id='gforms_calendar_icon_input_3_15' class='gform_hidden' value='https:\/\/knezovic.com.hr\/wp-content\/plugins\/gravityforms\/images\/datepicker\/datepicker.svg'\/><\/li><li id=\"field_3_7\"  class=\"gfield gf_list_inline gfield_contains_required field_sublabel_below field_description_below gfield_visibility_visible\"  data-js-reload=\"field_3_7\"><label class='gfield_label'  >Zatra\u017eite povratni poziv:<span class=\"gfield_required\"><span class=\"gfield_required gfield_required_asterisk\">*<\/span><\/span><\/label><div class='ginput_container ginput_container_radio'><ul class='gfield_radio' id='input_3_7'>\n\t\t\t<li class='gchoice gchoice_3_7_0'>\n\t\t\t\t<input name='input_7' type='radio' value='Da' checked='checked' id='choice_3_7_0'    \/>\n\t\t\t\t<label for='choice_3_7_0' id='label_3_7_0'>Da<\/label>\n\t\t\t<\/li>\n\t\t\t<li class='gchoice gchoice_3_7_1'>\n\t\t\t\t<input name='input_7' type='radio' value='Ne'  id='choice_3_7_1'    \/>\n\t\t\t\t<label for='choice_3_7_1' id='label_3_7_1'>Ne<\/label>\n\t\t\t<\/li><\/ul><\/div><\/li><li id=\"field_3_19\"  class=\"gfield field_sublabel_below field_description_below gfield_visibility_visible\"  data-js-reload=\"field_3_19\"><label class='gfield_label' for='input_3_19' >CAPTCHA<\/label><div id='input_3_19' class='ginput_container ginput_recaptcha' data-sitekey='6LeeifoUAAAAAHMfwTuIB87_kZYSH84QAWaZMdQF'  data-theme='light' data-tabindex='0'  data-badge=''><\/div><\/li><li id=\"field_3_18\"  class=\"gfield gfield_html gfield_html_formatted gfield_no_follows_desc field_sublabel_below field_description_below gfield_visibility_visible\"  data-js-reload=\"field_3_18\">Slanjem podataka putem ovog online obrasca dajem privolu za obradu upisanih podataka u svrhu naru\u010divanja za pregled.\n<\/li><li id=\"field_3_20\"  class=\"gfield gform_validation_container field_sublabel_below field_description_below gfield_visibility_visible\"  data-js-reload=\"field_3_20\"><label class='gfield_label' for='input_3_20' >Comments<\/label><div class='ginput_container'><input name='input_20' id='input_3_20' type='text' value='' \/><\/div><div class='gfield_description' id='gfield_description_3_20'>This field is for validation purposes and should be left unchanged.<\/div><\/li><\/ul><\/div>\n        <div class='gform_footer top_label'> <input type='submit' id='gform_submit_button_3' class='gform_button button' value='NARU\u010cITE SE'  onclick='if(window[\"gf_submitting_3\"]){return false;}  window[\"gf_submitting_3\"]=true;  ' onkeypress='if( event.keyCode == 13 ){ if(window[\"gf_submitting_3\"]){return false;} window[\"gf_submitting_3\"]=true;  jQuery(\"#gform_3\").trigger(\"submit\",[true]); }' \/> <input type='hidden' name='gform_ajax' value='form_id=3&amp;title=&amp;description=&amp;tabindex=0' \/>\n            <input type='hidden' class='gform_hidden' name='is_submit_3' value='1' \/>\n            <input type='hidden' class='gform_hidden' name='gform_submit' value='3' \/>\n            \n            <input type='hidden' class='gform_hidden' name='gform_unique_id' value='' \/>\n            <input type='hidden' class='gform_hidden' name='state_3' value='WyJbXSIsImM5ZGJmMDE2NjBlNmEwMzlmZGRlYTZhMTM3OGFmMzFhIl0=' \/>\n            <input type='hidden' class='gform_hidden' name='gform_target_page_number_3' id='gform_target_page_number_3' value='0' \/>\n            <input type='hidden' class='gform_hidden' name='gform_source_page_number_3' id='gform_source_page_number_3' value='1' \/>\n            <input type='hidden' name='gform_field_values' value='' \/>\n            \n        <\/div>\n                        <\/form>\n                        <\/div>\n                <iframe style='display:none;width:0px;height:0px;' src='about:blank' name='gform_ajax_frame_3' id='gform_ajax_frame_3' title='This iframe contains the logic required to handle Ajax powered Gravity Forms.'><\/iframe>\n                <script type=\"text\/javascript\">\ngform.initializeOnLoaded( function() {gformInitSpinner( 3, 'https:\/\/knezovic.com.hr\/wp-content\/plugins\/gravityforms\/images\/spinner.svg' );jQuery('#gform_ajax_frame_3').on('load',function(){var contents = jQuery(this).contents().find('*').html();var is_postback = contents.indexOf('GF_AJAX_POSTBACK') >= 0;if(!is_postback){return;}var form_content = jQuery(this).contents().find('#gform_wrapper_3');var is_confirmation = jQuery(this).contents().find('#gform_confirmation_wrapper_3').length > 0;var is_redirect = contents.indexOf('gformRedirect(){') >= 0;var is_form = form_content.length > 0 && ! is_redirect && ! is_confirmation;var mt = parseInt(jQuery('html').css('margin-top'), 10) + parseInt(jQuery('body').css('margin-top'), 10) + 100;if(is_form){jQuery('#gform_wrapper_3').html(form_content.html());if(form_content.hasClass('gform_validation_error')){jQuery('#gform_wrapper_3').addClass('gform_validation_error');} else {jQuery('#gform_wrapper_3').removeClass('gform_validation_error');}setTimeout( function() { \/* delay the scroll by 50 milliseconds to fix a bug in chrome *\/ jQuery(document).scrollTop(jQuery('#gform_wrapper_3').offset().top - mt); }, 50 );if(window['gformInitDatepicker']) {gformInitDatepicker();}if(window['gformInitPriceFields']) {gformInitPriceFields();}var current_page = jQuery('#gform_source_page_number_3').val();gformInitSpinner( 3, 'https:\/\/knezovic.com.hr\/wp-content\/plugins\/gravityforms\/images\/spinner.svg' );jQuery(document).trigger('gform_page_loaded', [3, current_page]);window['gf_submitting_3'] = false;}else if(!is_redirect){var confirmation_content = jQuery(this).contents().find('.GF_AJAX_POSTBACK').html();if(!confirmation_content){confirmation_content = contents;}setTimeout(function(){jQuery('#gform_wrapper_3').replaceWith(confirmation_content);jQuery(document).scrollTop(jQuery('#gf_3').offset().top - mt);jQuery(document).trigger('gform_confirmation_loaded', [3]);window['gf_submitting_3'] = false;wp.a11y.speak(jQuery('#gform_confirmation_message_3').text());}, 50);}else{jQuery('#gform_3').append(contents);if(window['gformRedirect']) {gformRedirect();}}jQuery(document).trigger('gform_post_render', [3, current_page]);} );} );\n<\/script>\n\n","protected":false},"excerpt":{"rendered":"<p>Operacija solznih kanalov Oko potrebuje vla\u017eenje s solzami, da lahko opravlja svojo funkcijo. Z me\u017eikanjem dose\u017eemo stalno mazanje, da je sprednja povr\u0161ina o\u010desa vedno vla\u017ena. Normalno je, da vi\u0161ek solz po kanalih potuje do nosa. V\u010dasih se lahko zgodi, da sistem proizvaja tako veliko koli\u010dino solz, da se prevelika koli\u010dina ne mora dovolj hitro odstraniti [&hellip;]<\/p>\n","protected":false},"author":6,"featured_media":2070,"parent":2045,"menu_order":9,"comment_status":"closed","ping_status":"closed","template":"","meta":[],"_links":{"self":[{"href":"https:\/\/knezovic.com.hr\/sl\/wp-json\/wp\/v2\/pages\/2069\/"}],"collection":[{"href":"https:\/\/knezovic.com.hr\/sl\/wp-json\/wp\/v2\/pages\/"}],"about":[{"href":"https:\/\/knezovic.com.hr\/sl\/wp-json\/wp\/v2\/types\/page\/"}],"author":[{"embeddable":true,"href":"https:\/\/knezovic.com.hr\/sl\/wp-json\/wp\/v2\/users\/6\/"}],"replies":[{"embeddable":true,"href":"https:\/\/knezovic.com.hr\/sl\/wp-json\/wp\/v2\/comments\/?post=2069"}],"version-history":[{"count":0,"href":"https:\/\/knezovic.com.hr\/sl\/wp-json\/wp\/v2\/pages\/2069\/revisions\/"}],"up":[{"embeddable":true,"href":"https:\/\/knezovic.com.hr\/sl\/wp-json\/wp\/v2\/pages\/2045\/"}],"wp:featuredmedia":[{"embeddable":true,"href":"https:\/\/knezovic.com.hr\/sl\/wp-json\/wp\/v2\/media\/2070\/"}],"wp:attachment":[{"href":"https:\/\/knezovic.com.hr\/sl\/wp-json\/wp\/v2\/media\/?parent=2069"}],"curies":[{"name":"wp","href":"https:\/\/api.w.org\/{rel}","templated":true}]}}