{"id":2079,"date":"2019-06-26T13:41:03","date_gmt":"2019-06-26T11:41:03","guid":{"rendered":"https:\/\/knezovic.com.hr\/?page_id=2079"},"modified":"2019-06-26T13:41:03","modified_gmt":"2019-06-26T11:41:03","slug":"diabeticna-retinopatija","status":"publish","type":"page","link":"https:\/\/knezovic.com.hr\/sl\/usluge\/zdravljenje-bolesti-mreznice\/diabeticna-retinopatija\/","title":{"rendered":"Diabeti\u010dna retinopatija"},"content":{"rendered":"<h2 ><span>Kaj je diabeti\u010dna retinopatija?<\/span><\/h2>\n<p>Diabeti\u010dna retinopatija je komplikacija pri sladkorni bolezni, ki vpliva na zadnji del o\u010desa &#8211; mre\u017enico (retina). Diabetes je bolezen, ki po\u0161koduje majhne krvne \u017eile, zato je mre\u017enica, ki ima posebno majhne \u017eile in zelo pomembno funkcijo zelo prizadeta. Iz majhnih po\u0161kodovanih krvnih \u017eil prihaja do iztekanja teko\u010dine, ki posledi\u010dno oslabi vidno ostrino.<\/p>\n<p>&nbsp;<\/p>\n<h3 ><span>Kak\u0161ne so oblike diabeti\u010dne retinopatije?<\/span><\/h3>\n<p>&nbsp;<\/p>\n<h4 ><span>Neproliferativna (zgodnja) diabeti\u010dna retinopatija.<\/span><\/h4>\n<p>Ta je pogostej\u0161a, pri tej obliki nove krvne \u017eile ne rastejo, ampak se slab\u0161ajo stene krvnih \u017eil v mre\u017enici, kar privede do spu\u0161\u010danja teko\u010dine in krvi v mre\u017enico. \u017div\u010dna vlakna v mre\u017enici zato za\u010dnejo otekati. \u010ce se proces dogaja v srednjem delu mre\u017enice (rumeni pegi-makula) nastane makularni edem, stanje, ki zahteva zdravljenje.<\/p>\n<p>&nbsp;<\/p>\n<h4 ><span>Proliferativna diabeti\u010dna retinopatija<\/span><\/h4>\n<p>Diabeti\u010dna retinopatija lahko napreduje v te\u017ejo obliko, ki je poznana kot proliferativna diabeti\u010dna retinopatija. Pri tej obliki retinopatije postanejo po\u0161kodovane krvne \u017eile popolnoma neuporabne, kar privede do rasti novih, abnormalnih krvnih \u017eil v mre\u017enici. Te nove \u017eile so slabe kvalitete in lahko prodrejo v steklovino (\u017eelatinasta snov, ki izpolnjuje sredi\u0161\u010de o\u010desa). Na koncu, brazgotinasto tkivo z novo rastjo krvnih \u017eil lahko povzro\u010di odstop mre\u017enice od zadnjega dela o\u010desa.<\/p>\n<p>&nbsp;<\/p>\n<h4 ><span>Kateri so dejavniki tveganja?<\/span><\/h4>\n<p>&nbsp;<\/p>\n<p><strong>Vsak, ki ima sladkorno bolezen lahko razvije diabeti\u010dno retinopatijo<\/strong>.<\/p>\n<p>Rizik se pove\u010duje s:<\/p>\n<ul>\n<li>Trajanjem sladkorne bolezni &#8211; ve\u010d \u010dasa kot imate diabetes, ve\u010dja je mo\u017enost da pride do diabeti\u010dne retinopatije<\/li>\n<li>Slaba kontrola ravni sladkorja v krvi<\/li>\n<li>Visok krvni tlak<\/li>\n<li>Visok holesterol<\/li>\n<li>Nose\u010dnost<\/li>\n<li>Kajenje<\/li>\n<\/ul>\n<p>&nbsp;<\/p>\n<h4 ><span>Diabeti\u010dna retinopatija \u2013 vzroki<\/span><\/h4>\n<p>Visoka raven sladkorja v krvi privede do po\u0161kodb malih krvnih \u017eil, po\u0161kodb sten krvnih \u017eil in njihove zama\u0161itve ali pu\u0161\u010danja teko\u010dine iz njih. Kot posledica navedenega so tkiva slab\u0161e oskrbljena s kisikom, tako da pride do slabega delovanja faktorjev, ki stimulirajo rast novih krvnih \u017eil, zato so te slabe kvalitete in nagnjene k popu\u0161\u010danju.<\/p>\n<p>&nbsp;<\/p>\n<h4 ><span>Diabeti\u010dna retinopatija\u00a0 &#8211; simptomi<\/span><\/h4>\n<p>V za\u010detni fazi je lahko bolezen brez simptomov. Z napredovanjem pa se lahko javijo naslednji simptomi:<\/p>\n<ul>\n<li>\u010crne pike ali nitke ki ple\u0161ejo po vidnem polju<\/li>\n<li>Meglen vid<\/li>\n<li>Kratke zameglitve vida<\/li>\n<li>Napake pri dojemanju barv<\/li>\n<li>Izguba vida ali \u201ctema\u201d v delu vidnega polja<\/li>\n<\/ul>\n<p>&nbsp;<\/p>\n<h4 ><span>Diabeti\u010dna retinopatija \u2013 pregled<\/span><\/h4>\n<p>Izvede se celoten oftalmolo\u0161ki pregled s \u0161iritvijo zenic in po oceni retinologa se potem lahko izvede \u0161e dodatne preiskave, kot so fluorescenska angiografija (FAG), okularna koherentna tomografija (OCT) in pregled vidnega polja.<\/p>\n<p>&nbsp;<\/p>\n<h4 ><span>Diabeti\u010dna retinopatija &#8211; zdravljenje<\/span><\/h4>\n<p>Zdravljenje je odvisno o obliki retinopatije in njeni stopnji napredka in je usmerjeno v zaustavljanje ali upo\u010dasnitev stanja.<\/p>\n<p>&nbsp;<\/p>\n<h4 ><span>Zgodnja diabeti\u010dna retinopatija<\/span><\/h4>\n<p>\u010ce imate blago ali mirno ne-proliferativno diabeti\u010dno retinopatijo, vam zdravljenje mogo\u010de ni takoj potrebno. Ampak bo va\u0161 oftalmolog skrbno nadzoroval va\u0161e o\u010di, tako da vas bo pravo\u010dasno usmeril na zdravljenje, ko bo to potrebno.<\/p>\n<p>Potrebno je tudi dobro sodelovati z diabetologom, da se prepri\u010damo \u010de uporabljamo najbolj\u0161i na\u010din kontrole same sladkorne bolezni. V primerih, ko je diabeti\u010dna retinopatija blaga ali umirjena lahko \u017ee dobra kontrola sladkorja v krvi upo\u010dasni napredovanje retinopatije.<\/p>\n<p>&nbsp;<\/p>\n<h4 ><span>Napredovala diabeti\u010dna retinopatija<\/span><\/h4>\n<p>\u010ce imate proliferativno diabeti\u010dno retinopatijo ali makularni edem je treba takoj za\u010deti z zdravljenjem.<\/p>\n<p>Odvisno od specifi\u010dnosti problema, so na voljo naslednja zdravljenja:<\/p>\n<p>&nbsp;<\/p>\n<h4 ><span>Fotokoafulacija<\/span><\/h4>\n<p>Ta laserski tretma je poznan kot fokalni laserski tretma, lahko zaustavi ali upo\u010dasni iztekanje krvi in teko\u010dine v tkivo mre\u017enice. Med postopkom se iztekanje iz abnormalnih krvnih \u017eil zdravi s ti. laserskimi pe\u010dati (majhna opeklina).<\/p>\n<p>Fokalni laserski tretma se obi\u010dajno izvaja ambulantno. \u010ce je bil vid nejasen zaradi mekularnega edema pred samim posegom, vam ta tretma mogo\u010de ne vrne normalnega vida, a bo zmanj\u0161al verjetnost poslab\u0161anja makularnega edema.<\/p>\n<p>&nbsp;<\/p>\n<h4 ><span>Panretinalna fotokoagulacija<\/span><\/h4>\n<p>Ta laserski tretma, poznan kot razpr\u0161eni laserski tretma, zmanj\u0161uje \u0161tevilo abnormalnih krvnih \u017eil. Med postopkom se obmo\u010dja, oddaljena od makule (rumena pega), tretirajo z razpr\u0161enimi laserskimi \u201cpe\u010dati\u201d.<\/p>\n<p>Tretma se obi\u010dajno izvaja ambulantno v dveh ali ve\u010d obiskih. Vid je obi\u010dajno moten dan po posegu. Mogo\u010da je tudi izguba perifernega vida ali slab\u0161i no\u010dni vid po posegu.<\/p>\n<p>S tem kirur\u0161kim posegom se skozi majhen rez odstrani kri iz steklovine, ter tudi brazgotinasto tkivo, ki vle\u010de mre\u017enico. Poseg se lahko opravi v lokalni ali splo\u0161ni anesteziji.<\/p>\n<p>&nbsp;<\/p>\n<h4 ><span>Injekcije zdravila v oko<\/span><\/h4>\n<p>Va\u0161 oftalmolog lahko predlaga injekcije zdravila v steklovino (prozoren del, ki izpolnjuje oko in daje volumen o\u010desni jabolki). Ta \u201cpametna\u201d zdravila, imenovana inhibitorji vaskularnega endotelnega faktorja rasti (VEGF), lahko pomagajo pri zaustavljanju rasti novih nekvalitetnih krvnih \u017eil. (link na anti-VEGF).<\/p>\n<p>Va\u0161 zdravnik lahko priporo\u010di ta zdravila, ki se imenujejo anti-VEGF terapija kot samostojno zdravljenje ali v kombinaciji s panretinalno fotokoagulacijo.<\/p>\n<p>Ti na\u010dini zdravljenja upo\u010dasnjujejo ali zaustavijo napredovanje diabeti\u010dne retinopatije ampak jo ne pozdravijo, ker je sladkorna bolezen do\u017eivljenjsko stanje je potrebno redno spremljati diabetika.<\/p>\n<p>&nbsp;<\/p>\n<h2 ><span>Zakaj spremljati stanje in zdraviti diabeti\u010dno retinopatijo v Polikliniki Knezovi\u0107?<\/span><\/h2>\n<p><img loading=\"lazy\" class=\"alignnone size-full wp-image-1684\" style=\"font-size: 14.0045px;\" src=\"https:\/\/knezovic.com.hr\/wp-content\/uploads\/2019\/03\/oct-slika.jpg\" alt=\"soct\" width=\"800\" height=\"450\" srcset=\"https:\/\/knezovic.com.hr\/wp-content\/uploads\/2019\/03\/oct-slika.jpg 800w, https:\/\/knezovic.com.hr\/wp-content\/uploads\/2019\/03\/oct-slika-768x432.jpg 768w\" sizes=\"(max-width: 800px) 100vw, 800px\" \/>Poliklinika Knezovi\u0107 ima ve\u010dletne izku\u0161nje z raznimi na\u010dini spremljanja in terapije diabeti\u010dne retinopatije ter vrhunski tim strokovnjakov, ki se ukvarjajo s tem podro\u010djem.<\/p>\n<p>Med prvimi v regiji smo uvedli slojevito slikanje o\u010desnega ozadja (SOCT), kar je predpogoj za diagnostiko in spremljanje terapije pri bolezni rumene pege. Do danes smo izvedli \u017ee ve\u010d tiso\u010d posegov na zada\u0161njem o\u010desnem segmentu, z izvrstnimi rezultati.<\/p>\n<p><strong>Cene raznih vrst tretmajev diabeti\u010dne retinopatije v Polikliniki Knezovi\u0107 &#8211; preverite vse cene v aktualnem <u>CENIKU.<\/u><\/strong><\/p>\n<p>&nbsp;<\/p>\n<h2 ><span>Dr. \u0160ari\u0107 &#8211; subspecialist retinolog in vitreoretinalni kirurg<\/span><\/h2>\n<p><strong>\u00a0<\/strong><\/p>\n<p>Prim.dr.sc Borna \u0160ari\u0107 spada med vrhunske vitreoretinalne kirurge z dolgoletnimi izku\u0161njami v diagnostiki in zdravljenju zada\u0161njega o\u010desnega segmenta. Je redni predavatelj na doma\u010dih in tujih strokovnih sre\u010danjih in pionir pri izvajanju najbolj zahtevnih operacij na sprednjem in zada\u0161njem delu o\u010desa<\/p>\n<p>&nbsp;<\/p>\n<h4 ><span>Diabeti\u010dna retinopatija \u2013 prognoza?<\/span><\/h4>\n<p>Prognoza diabeti\u010dne retinopatije je najbolj odvisna o stadiju retinopatije, kot tudi o pravo\u010dasnem ukrepanju. Bolj kot je retinopatija napredovala, ve\u010dja je po\u0161kodba vida, prognoza slab\u0161a in rizik slepote ve\u010dji.<\/p>\n<p>&nbsp;<\/p>\n<h4 ><span>Diabeti\u010dna retinopatija \u2013 kaj \u010de se ne zdravi?<\/span><\/h4>\n<p>\u010ce se spremembe na mre\u017enici pravo\u010dasno ne zdravijo je velika verjetnost krvavenja v o\u010desu in posledi\u010dno zmanj\u0161anje vidne ostrine.<\/p>\n<p>&nbsp;<\/p>\n<h3 ><span>Naro\u010dite se na pregled \u017ee danes<\/span><\/h3>\n<h3 ><span><\/span><\/h3>\n<script type=\"text\/javascript\">var gform;gform||(document.addEventListener(\"gform_main_scripts_loaded\",function(){gform.scriptsLoaded=!0}),window.addEventListener(\"DOMContentLoaded\",function(){gform.domLoaded=!0}),gform={domLoaded:!1,scriptsLoaded:!1,initializeOnLoaded:function(o){gform.domLoaded&&gform.scriptsLoaded?o():!gform.domLoaded&&gform.scriptsLoaded?window.addEventListener(\"DOMContentLoaded\",o):document.addEventListener(\"gform_main_scripts_loaded\",o)},hooks:{action:{},filter:{}},addAction:function(o,n,r,t){gform.addHook(\"action\",o,n,r,t)},addFilter:function(o,n,r,t){gform.addHook(\"filter\",o,n,r,t)},doAction:function(o){gform.doHook(\"action\",o,arguments)},applyFilters:function(o){return gform.doHook(\"filter\",o,arguments)},removeAction:function(o,n){gform.removeHook(\"action\",o,n)},removeFilter:function(o,n,r){gform.removeHook(\"filter\",o,n,r)},addHook:function(o,n,r,t,i){null==gform.hooks[o][n]&&(gform.hooks[o][n]=[]);var e=gform.hooks[o][n];null==i&&(i=n+\"_\"+e.length),gform.hooks[o][n].push({tag:i,callable:r,priority:t=null==t?10:t})},doHook:function(n,o,r){var t;if(r=Array.prototype.slice.call(r,1),null!=gform.hooks[n][o]&&((o=gform.hooks[n][o]).sort(function(o,n){return o.priority-n.priority}),o.forEach(function(o){\"function\"!=typeof(t=o.callable)&&(t=window[t]),\"action\"==n?t.apply(null,r):r[0]=t.apply(null,r)})),\"filter\"==n)return r[0]},removeHook:function(o,n,t,i){var r;null!=gform.hooks[o][n]&&(r=(r=gform.hooks[o][n]).filter(function(o,n,r){return!!(null!=i&&i!=o.tag||null!=t&&t!=o.priority)}),gform.hooks[o][n]=r)}});<\/script>\n                <div class='gf_browser_gecko gform_wrapper gform_legacy_markup_wrapper' id='gform_wrapper_3' ><div id='gf_3' class='gform_anchor' tabindex='-1'><\/div><form method='post' enctype='multipart\/form-data' target='gform_ajax_frame_3' id='gform_3'  action='\/sl\/wp-json\/wp\/v2\/pages\/2079\/#gf_3' >\n                        <div class='gform_body gform-body'><ul id='gform_fields_3' class='gform_fields top_label form_sublabel_below description_below'><li id=\"field_3_1\"  class=\"gfield gfield_contains_required field_sublabel_below field_description_below gfield_visibility_visible\"  data-js-reload=\"field_3_1\"><label class='gfield_label' for='input_3_1' >Ime i prezime:<span class=\"gfield_required\"><span class=\"gfield_required gfield_required_asterisk\">*<\/span><\/span><\/label><div class='ginput_container ginput_container_text'><input name='input_1' id='input_3_1' type='text' value='' class='large'    placeholder='Ime i prezime' aria-required=\"true\" aria-invalid=\"false\"   \/> <\/div><\/li><li id=\"field_3_13\"  class=\"gfield field_sublabel_below field_description_below gfield_visibility_visible\"  data-js-reload=\"field_3_13\"><label class='gfield_label' for='input_3_13' >Broj telefona:<\/label><div class='ginput_container ginput_container_text'><input name='input_13' id='input_3_13' type='text' value='' class='large'    placeholder='Broj telefona'  aria-invalid=\"false\"   \/> <\/div><\/li><li id=\"field_3_4\"  class=\"gfield gfield_contains_required field_sublabel_below field_description_below gfield_visibility_visible\"  data-js-reload=\"field_3_4\"><label class='gfield_label' for='input_3_4' >E-mail adresa:<span class=\"gfield_required\"><span class=\"gfield_required gfield_required_asterisk\">*<\/span><\/span><\/label><div class='ginput_container ginput_container_email'>\n                            <input name='input_4' id='input_3_4' type='text' value='' class='large'   placeholder='E-mail adresa' aria-required=\"true\" aria-invalid=\"false\"  \/>\n                        <\/div><\/li><li id=\"field_3_16\"  class=\"gfield field_sublabel_below field_description_below gfield_visibility_visible\"  data-js-reload=\"field_3_16\"><label class='gfield_label' for='input_3_16' >Poruka<\/label><div class='ginput_container ginput_container_textarea'><textarea name='input_16' id='input_3_16' class='textarea medium'    placeholder='Va\u0161 upit...'  aria-invalid=\"false\"   rows='10' cols='50'><\/textarea><\/div><\/li><li id=\"field_3_17\"  class=\"gfield gf_right_half gfield_contains_required field_sublabel_below field_description_below gfield_visibility_visible\"  data-js-reload=\"field_3_17\"><label class='gfield_label' for='input_3_17' >Datum za narud\u017ebu od:<span class=\"gfield_required\"><span class=\"gfield_required gfield_required_asterisk\">*<\/span><\/span><\/label><div class='ginput_container ginput_container_date'>\n                            <input name='input_17' id='input_3_17' type='text' value='\/\/' class='datepicker dmy datepicker_with_icon gdatepicker_with_icon'   placeholder='dd\/mm\/yyyy' aria-describedby=\"input_3_17_date_format\" aria-invalid=\"false\" aria-required=\"true\"\/>\n                            <span id='input_3_17_date_format' class='screen-reader-text'>DD slash MM slash YYYY<\/span>\n                        <\/div>\n                        <input type='hidden' id='gforms_calendar_icon_input_3_17' class='gform_hidden' value='https:\/\/knezovic.com.hr\/wp-content\/plugins\/gravityforms\/images\/datepicker\/datepicker.svg'\/><\/li><li id=\"field_3_15\"  class=\"gfield gf_right_half gfield_contains_required field_sublabel_below field_description_below gfield_visibility_visible\"  data-js-reload=\"field_3_15\"><label class='gfield_label' for='input_3_15' >Datum za narud\u017ebu do:<span class=\"gfield_required\"><span class=\"gfield_required gfield_required_asterisk\">*<\/span><\/span><\/label><div class='ginput_container ginput_container_date'>\n                            <input name='input_15' id='input_3_15' type='text' value='\/\/' class='datepicker dmy datepicker_with_icon gdatepicker_with_icon'   placeholder='dd\/mm\/yyyy' aria-describedby=\"input_3_15_date_format\" aria-invalid=\"false\" aria-required=\"true\"\/>\n                            <span id='input_3_15_date_format' class='screen-reader-text'>DD slash MM slash YYYY<\/span>\n                        <\/div>\n                        <input type='hidden' id='gforms_calendar_icon_input_3_15' class='gform_hidden' value='https:\/\/knezovic.com.hr\/wp-content\/plugins\/gravityforms\/images\/datepicker\/datepicker.svg'\/><\/li><li id=\"field_3_7\"  class=\"gfield gf_list_inline gfield_contains_required field_sublabel_below field_description_below gfield_visibility_visible\"  data-js-reload=\"field_3_7\"><label class='gfield_label'  >Zatra\u017eite povratni poziv:<span class=\"gfield_required\"><span class=\"gfield_required gfield_required_asterisk\">*<\/span><\/span><\/label><div class='ginput_container ginput_container_radio'><ul class='gfield_radio' id='input_3_7'>\n\t\t\t<li class='gchoice gchoice_3_7_0'>\n\t\t\t\t<input name='input_7' type='radio' value='Da' checked='checked' id='choice_3_7_0'    \/>\n\t\t\t\t<label for='choice_3_7_0' id='label_3_7_0'>Da<\/label>\n\t\t\t<\/li>\n\t\t\t<li class='gchoice gchoice_3_7_1'>\n\t\t\t\t<input name='input_7' type='radio' value='Ne'  id='choice_3_7_1'    \/>\n\t\t\t\t<label for='choice_3_7_1' id='label_3_7_1'>Ne<\/label>\n\t\t\t<\/li><\/ul><\/div><\/li><li id=\"field_3_19\"  class=\"gfield field_sublabel_below field_description_below gfield_visibility_visible\"  data-js-reload=\"field_3_19\"><label class='gfield_label' for='input_3_19' >CAPTCHA<\/label><div id='input_3_19' class='ginput_container ginput_recaptcha' data-sitekey='6LeeifoUAAAAAHMfwTuIB87_kZYSH84QAWaZMdQF'  data-theme='light' data-tabindex='0'  data-badge=''><\/div><\/li><li id=\"field_3_18\"  class=\"gfield gfield_html gfield_html_formatted gfield_no_follows_desc field_sublabel_below field_description_below gfield_visibility_visible\"  data-js-reload=\"field_3_18\">Slanjem podataka putem ovog online obrasca dajem privolu za obradu upisanih podataka u svrhu naru\u010divanja za pregled.\n<\/li><li id=\"field_3_20\"  class=\"gfield gform_validation_container field_sublabel_below field_description_below gfield_visibility_visible\"  data-js-reload=\"field_3_20\"><label class='gfield_label' for='input_3_20' >Email<\/label><div class='ginput_container'><input name='input_20' id='input_3_20' type='text' value='' \/><\/div><div class='gfield_description' id='gfield_description_3_20'>This field is for validation purposes and should be left unchanged.<\/div><\/li><\/ul><\/div>\n        <div class='gform_footer top_label'> <input type='submit' id='gform_submit_button_3' class='gform_button button' value='NARU\u010cITE SE'  onclick='if(window[\"gf_submitting_3\"]){return false;}  window[\"gf_submitting_3\"]=true;  ' onkeypress='if( event.keyCode == 13 ){ if(window[\"gf_submitting_3\"]){return false;} window[\"gf_submitting_3\"]=true;  jQuery(\"#gform_3\").trigger(\"submit\",[true]); }' \/> <input type='hidden' name='gform_ajax' value='form_id=3&amp;title=&amp;description=&amp;tabindex=0' \/>\n            <input type='hidden' class='gform_hidden' name='is_submit_3' value='1' \/>\n            <input type='hidden' class='gform_hidden' name='gform_submit' value='3' \/>\n            \n            <input type='hidden' class='gform_hidden' name='gform_unique_id' value='' \/>\n            <input type='hidden' class='gform_hidden' name='state_3' value='WyJbXSIsImM5ZGJmMDE2NjBlNmEwMzlmZGRlYTZhMTM3OGFmMzFhIl0=' \/>\n            <input type='hidden' class='gform_hidden' name='gform_target_page_number_3' id='gform_target_page_number_3' value='0' \/>\n            <input type='hidden' class='gform_hidden' name='gform_source_page_number_3' id='gform_source_page_number_3' value='1' \/>\n            <input type='hidden' name='gform_field_values' value='' \/>\n            \n        <\/div>\n                        <\/form>\n                        <\/div>\n                <iframe style='display:none;width:0px;height:0px;' src='about:blank' name='gform_ajax_frame_3' id='gform_ajax_frame_3' title='This iframe contains the logic required to handle Ajax powered Gravity Forms.'><\/iframe>\n                <script type=\"text\/javascript\">\ngform.initializeOnLoaded( function() {gformInitSpinner( 3, 'https:\/\/knezovic.com.hr\/wp-content\/plugins\/gravityforms\/images\/spinner.svg' );jQuery('#gform_ajax_frame_3').on('load',function(){var contents = jQuery(this).contents().find('*').html();var is_postback = contents.indexOf('GF_AJAX_POSTBACK') >= 0;if(!is_postback){return;}var form_content = jQuery(this).contents().find('#gform_wrapper_3');var is_confirmation = jQuery(this).contents().find('#gform_confirmation_wrapper_3').length > 0;var is_redirect = contents.indexOf('gformRedirect(){') >= 0;var is_form = form_content.length > 0 && ! is_redirect && ! is_confirmation;var mt = parseInt(jQuery('html').css('margin-top'), 10) + parseInt(jQuery('body').css('margin-top'), 10) + 100;if(is_form){jQuery('#gform_wrapper_3').html(form_content.html());if(form_content.hasClass('gform_validation_error')){jQuery('#gform_wrapper_3').addClass('gform_validation_error');} else {jQuery('#gform_wrapper_3').removeClass('gform_validation_error');}setTimeout( function() { \/* delay the scroll by 50 milliseconds to fix a bug in chrome *\/ jQuery(document).scrollTop(jQuery('#gform_wrapper_3').offset().top - mt); }, 50 );if(window['gformInitDatepicker']) {gformInitDatepicker();}if(window['gformInitPriceFields']) {gformInitPriceFields();}var current_page = jQuery('#gform_source_page_number_3').val();gformInitSpinner( 3, 'https:\/\/knezovic.com.hr\/wp-content\/plugins\/gravityforms\/images\/spinner.svg' );jQuery(document).trigger('gform_page_loaded', [3, current_page]);window['gf_submitting_3'] = false;}else if(!is_redirect){var confirmation_content = jQuery(this).contents().find('.GF_AJAX_POSTBACK').html();if(!confirmation_content){confirmation_content = contents;}setTimeout(function(){jQuery('#gform_wrapper_3').replaceWith(confirmation_content);jQuery(document).scrollTop(jQuery('#gf_3').offset().top - mt);jQuery(document).trigger('gform_confirmation_loaded', [3]);window['gf_submitting_3'] = false;wp.a11y.speak(jQuery('#gform_confirmation_message_3').text());}, 50);}else{jQuery('#gform_3').append(contents);if(window['gformRedirect']) {gformRedirect();}}jQuery(document).trigger('gform_post_render', [3, current_page]);} );} );\n<\/script>\n\n","protected":false},"excerpt":{"rendered":"<p>Kaj je diabeti\u010dna retinopatija? Diabeti\u010dna retinopatija je komplikacija pri sladkorni bolezni, ki vpliva na zadnji del o\u010desa &#8211; mre\u017enico (retina). Diabetes je bolezen, ki po\u0161koduje majhne krvne \u017eile, zato je mre\u017enica, ki ima posebno majhne \u017eile in zelo pomembno funkcijo zelo prizadeta. Iz majhnih po\u0161kodovanih krvnih \u017eil prihaja do iztekanja teko\u010dine, ki posledi\u010dno oslabi vidno [&hellip;]<\/p>\n","protected":false},"author":6,"featured_media":2080,"parent":2076,"menu_order":2,"comment_status":"closed","ping_status":"closed","template":"","meta":[],"_links":{"self":[{"href":"https:\/\/knezovic.com.hr\/sl\/wp-json\/wp\/v2\/pages\/2079\/"}],"collection":[{"href":"https:\/\/knezovic.com.hr\/sl\/wp-json\/wp\/v2\/pages\/"}],"about":[{"href":"https:\/\/knezovic.com.hr\/sl\/wp-json\/wp\/v2\/types\/page\/"}],"author":[{"embeddable":true,"href":"https:\/\/knezovic.com.hr\/sl\/wp-json\/wp\/v2\/users\/6\/"}],"replies":[{"embeddable":true,"href":"https:\/\/knezovic.com.hr\/sl\/wp-json\/wp\/v2\/comments\/?post=2079"}],"version-history":[{"count":0,"href":"https:\/\/knezovic.com.hr\/sl\/wp-json\/wp\/v2\/pages\/2079\/revisions\/"}],"up":[{"embeddable":true,"href":"https:\/\/knezovic.com.hr\/sl\/wp-json\/wp\/v2\/pages\/2076\/"}],"wp:featuredmedia":[{"embeddable":true,"href":"https:\/\/knezovic.com.hr\/sl\/wp-json\/wp\/v2\/media\/2080\/"}],"wp:attachment":[{"href":"https:\/\/knezovic.com.hr\/sl\/wp-json\/wp\/v2\/media\/?parent=2079"}],"curies":[{"name":"wp","href":"https:\/\/api.w.org\/{rel}","templated":true}]}}