{"id":2081,"date":"2019-06-26T14:05:35","date_gmt":"2019-06-26T12:05:35","guid":{"rendered":"https:\/\/knezovic.com.hr\/?page_id=2081"},"modified":"2019-06-26T14:05:35","modified_gmt":"2019-06-26T12:05:35","slug":"ablacija-mreznice","status":"publish","type":"page","link":"https:\/\/knezovic.com.hr\/sl\/usluge\/zdravljenje-bolesti-mreznice\/ablacija-mreznice\/","title":{"rendered":"Ablacija mre\u017enice"},"content":{"rendered":"<h2 ><span>ABLACIJA MRE\u017dNICE<\/span><\/h2>\n<h4 ><span>Kaj je ablacija (lo\u010ditev) mre\u017enice?<\/span><\/h4>\n<p>Ablacija mre\u017enice je izredno stanje, pri katerem se mre\u017enica (\u017eiv\u010dno tkivo na zadnjem delu o\u010desa) lo\u010di od svoje podloge in tako izgubi prehrano. Mre\u017enica je \u017eiv\u010dno tkivo, ki svetlobne dra\u017eljaje pretvarja v elektri\u010dni signal kateri z vidnim \u017eivcem odpotuje v mo\u017egane, kjer se nam oblikuje slika.<\/p>\n<p>&nbsp;<\/p>\n<h3 ><span>Obstajajo tri razli\u010dne oblike lo\u010ditve mre\u017enice:<\/span><\/h3>\n<p>&nbsp;<\/p>\n<h4 ><span>Regmatogena ablacija<\/span><\/h4>\n<p>Ta vrsta lo\u010ditve retine je najpogostej\u0161a. Povzro\u010di jo luknja ali predrtje mre\u017enice, ki omogo\u010da teko\u010dini da prodre in se nabere izpod mre\u017enice, s \u010dimer se mre\u017enica odmakne od podlage. Lo\u010deno obmo\u010dje ostane brez hrane in izgubi funkcijo, kar povzro\u010di izgubo vida.<\/p>\n<p>Najpogostej\u0161i vzrok regmatogene lo\u010ditve je staranje. S staranjem steklovina (\u017eelatinasta snov, ki polni oko in mu daje volumen) menja zna\u010dilnosti in se red\u010di. Obi\u010dajno se steklovina lo\u010di od povr\u0161ine mre\u017enice brez komplikacij \u2013 pojav se imenuje posteriorna lo\u010ditev steklenine (PVD). Ena od komplikacij tega odvajanja je raztrgana mre\u017enica.<\/p>\n<p>&nbsp;<\/p>\n<h4 ><span>Trakcijska ablacija<\/span><\/h4>\n<p>Ta oblika se pojavi, ko na povr\u0161ini mre\u017enice zraste brazgotinasto tkivo, ki vle\u010de mre\u017enico in jo lo\u010duje od podlage. Obi\u010dajno se pojavlja pri ljudeh, ki imajo slabo kontrolirano sladkorno bolezen ali podobna stanja.<\/p>\n<p>&nbsp;<\/p>\n<h4 ><span>Eksudativna ablacija<\/span><\/h4>\n<p>Pri tej obliki se teko\u010dina nate\u010de pod mre\u017enico, vendar v mre\u017enici ni lukenj ali raztrganin. Eksudativno ablacijo lahko povzro\u010di starostna degeneracija rumene pege, po\u0161kodba o\u010desa, tumor ali motnje zaradi vnetja.<\/p>\n<p>&nbsp;<\/p>\n<h3 ><span>Ablacija mre\u017enice &#8211; dejavniki tveganja<\/span><\/h3>\n<p>Naslednji dejavniki pove\u010dujejo rizik za lo\u010ditev mre\u017enice:<\/p>\n<ul>\n<li>Staranje &#8211; lo\u010ditev retine je pogostej\u0161a pri osebah starej\u0161ih od 50 let<\/li>\n<li>Predhodna lo\u010ditev mre\u017enice na drugem o\u010desu<\/li>\n<li>Ablacija mre\u017enice pri dru\u017einskih \u010dlanih<\/li>\n<li>Visoka kratkovidnost (miopija)<\/li>\n<li>Predhodna operacija o\u010desa, kot npr. odstranitev katarakte (sive mrene)<\/li>\n<li>Predhodna te\u017eka po\u0161kodba o\u010desa<\/li>\n<li>Predhodna druga bolezen ali motnja v o\u010desu, vklju\u010dujo\u010d retinoshiza, uveitis ali stanj\u0161anje periferne mre\u017enice (\u201clattice\u201d degeneracija)<\/li>\n<\/ul>\n<p>&nbsp;<\/p>\n<p><strong>Ablacija mre\u017enice &#8211; simptomi<\/strong><\/p>\n<p>Sama lo\u010ditev retine je nebole\u010da, a so prisotni tudi drugi znaki, ki opozarjajo, da je nekaj narobe:<\/p>\n<ul>\n<li>Nenadna pojavitev \u0161tevilnih temnih pik \u2013 majhnih pik, ki se gibljejo skozi va\u0161e vidno polje<\/li>\n<li>Utripanje svetlobe v enem ali obeh o\u010desih (fotopsija)<\/li>\n<li>Meglen vid<\/li>\n<li>Postopno manj\u0161anje perifernega vida<\/li>\n<li>Senca, kot zavesa, pod va\u0161im vidnim poljem<\/li>\n<\/ul>\n<p>&nbsp;<\/p>\n<h2 ><span>Ablacija mre\u017enice\u00a0 &#8211; Pregled v Polikliniki Knezovi\u0107<\/span><\/h2>\n<p>Celoten oftalmolo\u0161ki pregled, kjer zdravnik podrobno pregleda va\u0161e oko. Zenice se raz\u0161irijo, da je pregled o\u010desnega ozadja (fundusa) bolj\u0161i in da se pregleda tudi periferija o\u010desnega ozadja. Na pregledu se lahko odlo\u010di tudi za druge preglede, \u010de so ti potrebni, kot so ultrazvok o\u010desa ali OCT.<\/p>\n<p>&nbsp;<\/p>\n<h3 ><span>Ablacija mre\u017enice &#8211; zdravljenje<\/span><\/h3>\n<p>V zgodnji fazi bolezni se lahko trenutni defekt mre\u017eice popravi z laserskimi \u201cpe\u010dati\u201d okoli po\u0161kodbe, v nadaljnjih fazah pa je vedno potrebno kirur\u0161ko zdravljenje, da se popravi luknja, raztrganina ali lo\u010ditev mre\u017enice. Obstaja ve\u010d operativnih tehnik.<\/p>\n<p>&nbsp;<\/p>\n<h4 ><span>Raztrganina mre\u017enice<\/span><\/h4>\n<p>Ko luknja v mre\u017enici \u0161e ni povzro\u010dila lo\u010ditve, lahko oftalmolog predlaga enega od naslednjih postopkov, da prepre\u010di lo\u010ditev mre\u017enice in ohrani vid.<\/p>\n<p>&nbsp;<\/p>\n<h4 ><span>Laserska kirurgija (fotokoagulacija)<\/span><\/h4>\n<p>Kirurg usmerja laserski \u017earek v oko skozi zenico. Laser ustvari \u201cpe\u010date\u201d okoli po\u0161kodb mre\u017enice, tako da ustvari brazgotine, ki zapnejo mre\u017enico na podlago.<\/p>\n<p>&nbsp;<\/p>\n<h4 ><span>Zamrzovanje (kriopeksija)<\/span><\/h4>\n<p>Po uporabi lokalnega anestetika, kirurg uporabi sondo za zamrzovanje na zunanji povr\u0161ini o\u010desa, direktno na mestu defekta. Zamrzovanje ustvari brazgotino ki pomaga pri pritrditvi mre\u017enice na steno o\u010desa.<\/p>\n<p>&nbsp;<\/p>\n<p><em>Oba posega se izvedeta ambulantno in potrebno se je izogibati fizi\u010dni aktivnosti (teku \u2026) za par ali ve\u010d tednov.<\/em><\/p>\n<p>&nbsp;<\/p>\n<h4 ><span>Lo\u010ditev mre\u017enice<\/span><\/h4>\n<p>\u010ce se je mre\u017enica v celoti lo\u010dila je potrebna operacija, da se stanje izbolj\u0161a, najbolje, da se operacija opravi v nekaj dneh po postavitvi diagnoze. Vrsta operacije, ki jo vitreoretinalni kirurg priporo\u010da je odvisna od ve\u010d dejavnikov, prvo od velikosti lo\u010ditve.<\/p>\n<h4 ><span>Vbrizgavanje zraka ali plina v oko<\/span><\/h4>\n<p>Pri tem posegu, ki se imenuje pneumatska retinopeksija, vitreoretinalni kirurg vbrizga mehur zraka ali plina v sredi\u0161\u010dni del o\u010desa. Pravilno postavljen mehur\u010dek potiska podro\u010dje mre\u017enice, ki ima defekt, na steno o\u010desa in zaustavlja nadaljnje prodiranje teko\u010dine v subretinalni prostor. Kirurg potem uporabi kriopeksijo (zamrzovanje) za popravo mre\u017enice.<\/p>\n<p>Teko\u010dina, ki se je nabrala izpod mre\u017enice se sama absorbira in mre\u017enica se lahko vrne na svoje pravo mesto, se pravi na steno o\u010desa. Pacient mora po operaciji dr\u017eati glavo v dolo\u010denem polo\u017eaju nekaj dni, da se mehur\u010dek zadr\u017ei na potrebnem mestu. Mehur\u010dek se po nekaj dneh absorbira.<\/p>\n<h4 ><span><\/span><\/h4>\n<h4 ><span>Identacija povr\u0161ine o\u010desa<\/span><\/h4>\n<p>Pri tem posegu kirurg postavi silikonsko plombo preko prizadetega obmo\u010dja, s \u010dimer uni\u010di silo s katero steklenina vle\u010de mre\u017enico.<\/p>\n<p>\u010ce ima pacient nekaj lukenj ali defektov lahko kirurg postavi skleralno sponko, ki obkro\u017ei celo oko kot pas. Sponka je postavljena na na\u010din, da ne ovira vida in obi\u010dajno ostane tam do\u017eivljenjsko.<\/p>\n<p>Pri tem posegu kirurg odstrani steklenino skupaj s tkivom, ki vle\u010de mre\u017enico. Namesto steklenine se vbrizga zrak, plin ali silikonsko olje, da se mre\u017enica poravna.<\/p>\n<p>Potem se zrak, plin ali teko\u010dina absorbira in prostor s steklenino se ponovno napolni s telesno teko\u010dino. \u010ce se uporabi silikonsko olje se to, lahko kirur\u0161ko odstrani po nekaj mesecih.<\/p>\n<p>Vitrektomija se lahko kombinira s posegom postavljanja silikonske plombe.<\/p>\n<p>Po operaciji lahko traja tudi nekaj mesecev preden pride do pobolj\u0161anja vida. V\u010dasih je potrebna tudi druga operacija za uspe\u0161no zdravljenje. Uspeh operacije je odvisen od tega koliko tkiva mre\u017enice je pre\u017eivelo prekinitev dotoka krvi in hrane.<\/p>\n<p>&nbsp;<\/p>\n<p><strong>Pred operacijo<\/strong><\/p>\n<p>Z obzirom, da je uspeh operacije pogojen s \u010dasom in napredovanjem bolezni je \u010dim prej potrebno narediti o\u010desni pregled.<\/p>\n<p><strong>Med operacijo<\/strong><\/p>\n<p>Operacija o\u010desa se izvaja v lokalni anesteziji s sedacijo. To pomeni, da pacient dobi lokalni anestetik zraven o\u010desa in zdravila za pomiritev. Sama operacija je nebole\u010da in traja pribli\u017eno od ure do nekaj ur. Po operaciji pacient odide domov.<\/p>\n<p><strong>Po operaciji<\/strong><\/p>\n<p>Nadaljnji kontrolni pregledi se dolo\u010dijo naslednji dan. Oko je obi\u010dajno rde\u010de nekaj dni po operaciji in pacientu se predpi\u0161e kapljice in mazilo.<\/p>\n<p>&nbsp;<\/p>\n<h2 ><span>Zakaj operirati ablacijo retine v Polikliniki Knezovi\u0107?<\/span><\/h2>\n<p>Poliklinika ima ve\u010dletne izku\u0161nje z raznimi na\u010dini spremljanja in terapij ablacije mre\u017enice in vrhunski tim strokovnjakov, ki se ukvarjajo s tem podro\u010djem. Med prvimi v regiji smo uvedli slojevito slikanje o\u010desnega ozadja (SOCT), ki je predpogoj za diagnozo in spremljanje terapije pri ablaciji mre\u017enice. Opremljeni smo z vrhunskimi laserji za fotokoagulacijo mre\u017enice, kot tudi z modernimi vitrektomomi za izvedbo vseh zahtevnih operacij. Do danes smo izvedli \u017ee ve\u010d tiso\u010d operacij na zada\u0161njem o\u010desnem segmentu z izvrstnimi rezultati.<\/p>\n<p><strong><u>Ablacija mre\u017enice &#8211; CENA<\/u><\/strong><strong>, preverite v veljavnem ceniku poliklinike.<\/strong><\/p>\n<p>&nbsp;<\/p>\n<h2 ><span>Dr. \u0160ari\u0107 &#8211; subspecialist retinolog in vitreoretinalni kirurg<\/span><\/h2>\n<p>Prim.dr.sc Borna \u0160ari\u0107 spada med vrhunske vitreoretinalne kirurge z dolgoletnimi izku\u0161njami v diagnostiki in zdravljenju zada\u0161njega o\u010desnega segmenta. Je redni predavatelj na doma\u010dih in tujih strokovnih sre\u010danjih in pionir pri izvajanju najbolj zahtevnih operacij na sprednjem in zada\u0161njem delu o\u010desa.<\/p>\n<p>&nbsp;<\/p>\n<h4 ><span>Ablacija mre\u017enice &#8211; prognoza za osebe, ki imajo to bolezen<\/span><\/h4>\n<p>Prognoza bolezni in kvaliteta vida po operativnem posegu sta odvisni o stopnji bolezni, lokaciji lo\u010ditve mre\u017enice in tudi o \u010dasu, ki prete\u010de do prvega obiska oftalmologa.<\/p>\n<h4 ><span><\/span><\/h4>\n<h4 ><span>Ablacija mre\u017enice &#8211; kaj \u010de se ne zdravi<\/span><\/h4>\n<p>\u010ce se ne zdravi se ablacija mre\u017enice \u0161iri in zajame ve\u010dji del o\u010desa. Posledi\u010dno pride do izgube vidne ostrine, ki jo je te\u017eko popraviti \u010de ima bolezen veliko \u010dasa za napredovanje.<\/p>\n<p>&nbsp;<\/p>\n<h4 ><span>Naro\u010dite se na pregled<\/span><\/h4>\n<h3 ><span><\/span><\/h3>\n<p>&nbsp;<\/p>\n<p>&nbsp;<\/p>\n<script type=\"text\/javascript\">var gform;gform||(document.addEventListener(\"gform_main_scripts_loaded\",function(){gform.scriptsLoaded=!0}),window.addEventListener(\"DOMContentLoaded\",function(){gform.domLoaded=!0}),gform={domLoaded:!1,scriptsLoaded:!1,initializeOnLoaded:function(o){gform.domLoaded&&gform.scriptsLoaded?o():!gform.domLoaded&&gform.scriptsLoaded?window.addEventListener(\"DOMContentLoaded\",o):document.addEventListener(\"gform_main_scripts_loaded\",o)},hooks:{action:{},filter:{}},addAction:function(o,n,r,t){gform.addHook(\"action\",o,n,r,t)},addFilter:function(o,n,r,t){gform.addHook(\"filter\",o,n,r,t)},doAction:function(o){gform.doHook(\"action\",o,arguments)},applyFilters:function(o){return gform.doHook(\"filter\",o,arguments)},removeAction:function(o,n){gform.removeHook(\"action\",o,n)},removeFilter:function(o,n,r){gform.removeHook(\"filter\",o,n,r)},addHook:function(o,n,r,t,i){null==gform.hooks[o][n]&&(gform.hooks[o][n]=[]);var e=gform.hooks[o][n];null==i&&(i=n+\"_\"+e.length),gform.hooks[o][n].push({tag:i,callable:r,priority:t=null==t?10:t})},doHook:function(n,o,r){var t;if(r=Array.prototype.slice.call(r,1),null!=gform.hooks[n][o]&&((o=gform.hooks[n][o]).sort(function(o,n){return o.priority-n.priority}),o.forEach(function(o){\"function\"!=typeof(t=o.callable)&&(t=window[t]),\"action\"==n?t.apply(null,r):r[0]=t.apply(null,r)})),\"filter\"==n)return r[0]},removeHook:function(o,n,t,i){var r;null!=gform.hooks[o][n]&&(r=(r=gform.hooks[o][n]).filter(function(o,n,r){return!!(null!=i&&i!=o.tag||null!=t&&t!=o.priority)}),gform.hooks[o][n]=r)}});<\/script>\n                <div class='gf_browser_gecko gform_wrapper gform_legacy_markup_wrapper' id='gform_wrapper_3' ><div id='gf_3' class='gform_anchor' tabindex='-1'><\/div><form method='post' enctype='multipart\/form-data' target='gform_ajax_frame_3' id='gform_3'  action='\/sl\/wp-json\/wp\/v2\/pages\/2081\/#gf_3' >\n                        <div class='gform_body gform-body'><ul id='gform_fields_3' class='gform_fields top_label form_sublabel_below description_below'><li id=\"field_3_1\"  class=\"gfield gfield_contains_required field_sublabel_below field_description_below gfield_visibility_visible\"  data-js-reload=\"field_3_1\"><label class='gfield_label' for='input_3_1' >Ime i prezime:<span class=\"gfield_required\"><span class=\"gfield_required gfield_required_asterisk\">*<\/span><\/span><\/label><div class='ginput_container ginput_container_text'><input name='input_1' id='input_3_1' type='text' value='' class='large'    placeholder='Ime i prezime' aria-required=\"true\" aria-invalid=\"false\"   \/> <\/div><\/li><li id=\"field_3_13\"  class=\"gfield field_sublabel_below field_description_below gfield_visibility_visible\"  data-js-reload=\"field_3_13\"><label class='gfield_label' for='input_3_13' >Broj telefona:<\/label><div class='ginput_container ginput_container_text'><input name='input_13' id='input_3_13' type='text' value='' class='large'    placeholder='Broj telefona'  aria-invalid=\"false\"   \/> <\/div><\/li><li id=\"field_3_4\"  class=\"gfield gfield_contains_required field_sublabel_below field_description_below gfield_visibility_visible\"  data-js-reload=\"field_3_4\"><label class='gfield_label' for='input_3_4' >E-mail adresa:<span class=\"gfield_required\"><span class=\"gfield_required gfield_required_asterisk\">*<\/span><\/span><\/label><div class='ginput_container ginput_container_email'>\n                            <input name='input_4' id='input_3_4' type='text' value='' class='large'   placeholder='E-mail adresa' aria-required=\"true\" aria-invalid=\"false\"  \/>\n                        <\/div><\/li><li id=\"field_3_16\"  class=\"gfield field_sublabel_below field_description_below gfield_visibility_visible\"  data-js-reload=\"field_3_16\"><label class='gfield_label' for='input_3_16' >Poruka<\/label><div class='ginput_container ginput_container_textarea'><textarea name='input_16' id='input_3_16' class='textarea medium'    placeholder='Va\u0161 upit...'  aria-invalid=\"false\"   rows='10' cols='50'><\/textarea><\/div><\/li><li id=\"field_3_17\"  class=\"gfield gf_right_half gfield_contains_required field_sublabel_below field_description_below gfield_visibility_visible\"  data-js-reload=\"field_3_17\"><label class='gfield_label' for='input_3_17' >Datum za narud\u017ebu od:<span class=\"gfield_required\"><span class=\"gfield_required gfield_required_asterisk\">*<\/span><\/span><\/label><div class='ginput_container ginput_container_date'>\n                            <input name='input_17' id='input_3_17' type='text' value='\/\/' class='datepicker dmy datepicker_with_icon gdatepicker_with_icon'   placeholder='dd\/mm\/yyyy' aria-describedby=\"input_3_17_date_format\" aria-invalid=\"false\" aria-required=\"true\"\/>\n                            <span id='input_3_17_date_format' class='screen-reader-text'>DD slash MM slash YYYY<\/span>\n                        <\/div>\n                        <input type='hidden' id='gforms_calendar_icon_input_3_17' class='gform_hidden' value='https:\/\/knezovic.com.hr\/wp-content\/plugins\/gravityforms\/images\/datepicker\/datepicker.svg'\/><\/li><li id=\"field_3_15\"  class=\"gfield gf_right_half gfield_contains_required field_sublabel_below field_description_below gfield_visibility_visible\"  data-js-reload=\"field_3_15\"><label class='gfield_label' for='input_3_15' >Datum za narud\u017ebu do:<span class=\"gfield_required\"><span class=\"gfield_required gfield_required_asterisk\">*<\/span><\/span><\/label><div class='ginput_container ginput_container_date'>\n                            <input name='input_15' id='input_3_15' type='text' value='\/\/' class='datepicker dmy datepicker_with_icon gdatepicker_with_icon'   placeholder='dd\/mm\/yyyy' aria-describedby=\"input_3_15_date_format\" aria-invalid=\"false\" aria-required=\"true\"\/>\n                            <span id='input_3_15_date_format' class='screen-reader-text'>DD slash MM slash YYYY<\/span>\n                        <\/div>\n                        <input type='hidden' id='gforms_calendar_icon_input_3_15' class='gform_hidden' value='https:\/\/knezovic.com.hr\/wp-content\/plugins\/gravityforms\/images\/datepicker\/datepicker.svg'\/><\/li><li id=\"field_3_7\"  class=\"gfield gf_list_inline gfield_contains_required field_sublabel_below field_description_below gfield_visibility_visible\"  data-js-reload=\"field_3_7\"><label class='gfield_label'  >Zatra\u017eite povratni poziv:<span class=\"gfield_required\"><span class=\"gfield_required gfield_required_asterisk\">*<\/span><\/span><\/label><div class='ginput_container ginput_container_radio'><ul class='gfield_radio' id='input_3_7'>\n\t\t\t<li class='gchoice gchoice_3_7_0'>\n\t\t\t\t<input name='input_7' type='radio' value='Da' checked='checked' id='choice_3_7_0'    \/>\n\t\t\t\t<label for='choice_3_7_0' id='label_3_7_0'>Da<\/label>\n\t\t\t<\/li>\n\t\t\t<li class='gchoice gchoice_3_7_1'>\n\t\t\t\t<input name='input_7' type='radio' value='Ne'  id='choice_3_7_1'    \/>\n\t\t\t\t<label for='choice_3_7_1' id='label_3_7_1'>Ne<\/label>\n\t\t\t<\/li><\/ul><\/div><\/li><li id=\"field_3_19\"  class=\"gfield field_sublabel_below field_description_below gfield_visibility_visible\"  data-js-reload=\"field_3_19\"><label class='gfield_label' for='input_3_19' >CAPTCHA<\/label><div id='input_3_19' class='ginput_container ginput_recaptcha' data-sitekey='6LeeifoUAAAAAHMfwTuIB87_kZYSH84QAWaZMdQF'  data-theme='light' data-tabindex='0'  data-badge=''><\/div><\/li><li id=\"field_3_18\"  class=\"gfield gfield_html gfield_html_formatted gfield_no_follows_desc field_sublabel_below field_description_below gfield_visibility_visible\"  data-js-reload=\"field_3_18\">Slanjem podataka putem ovog online obrasca dajem privolu za obradu upisanih podataka u svrhu naru\u010divanja za pregled.\n<\/li><li id=\"field_3_20\"  class=\"gfield gform_validation_container field_sublabel_below field_description_below gfield_visibility_visible\"  data-js-reload=\"field_3_20\"><label class='gfield_label' for='input_3_20' >Phone<\/label><div class='ginput_container'><input name='input_20' id='input_3_20' type='text' value='' \/><\/div><div class='gfield_description' id='gfield_description_3_20'>This field is for validation purposes and should be left unchanged.<\/div><\/li><\/ul><\/div>\n        <div class='gform_footer top_label'> <input type='submit' id='gform_submit_button_3' class='gform_button button' value='NARU\u010cITE SE'  onclick='if(window[\"gf_submitting_3\"]){return false;}  window[\"gf_submitting_3\"]=true;  ' onkeypress='if( event.keyCode == 13 ){ if(window[\"gf_submitting_3\"]){return false;} window[\"gf_submitting_3\"]=true;  jQuery(\"#gform_3\").trigger(\"submit\",[true]); }' \/> <input type='hidden' name='gform_ajax' value='form_id=3&amp;title=&amp;description=&amp;tabindex=0' \/>\n            <input type='hidden' class='gform_hidden' name='is_submit_3' value='1' \/>\n            <input type='hidden' class='gform_hidden' name='gform_submit' value='3' \/>\n            \n            <input type='hidden' class='gform_hidden' name='gform_unique_id' value='' \/>\n            <input type='hidden' class='gform_hidden' name='state_3' value='WyJbXSIsImM5ZGJmMDE2NjBlNmEwMzlmZGRlYTZhMTM3OGFmMzFhIl0=' \/>\n            <input type='hidden' class='gform_hidden' name='gform_target_page_number_3' id='gform_target_page_number_3' value='0' \/>\n            <input type='hidden' class='gform_hidden' name='gform_source_page_number_3' id='gform_source_page_number_3' value='1' \/>\n            <input type='hidden' name='gform_field_values' value='' \/>\n            \n        <\/div>\n                        <\/form>\n                        <\/div>\n                <iframe style='display:none;width:0px;height:0px;' src='about:blank' name='gform_ajax_frame_3' id='gform_ajax_frame_3' title='This iframe contains the logic required to handle Ajax powered Gravity Forms.'><\/iframe>\n                <script type=\"text\/javascript\">\ngform.initializeOnLoaded( function() {gformInitSpinner( 3, 'https:\/\/knezovic.com.hr\/wp-content\/plugins\/gravityforms\/images\/spinner.svg' );jQuery('#gform_ajax_frame_3').on('load',function(){var contents = jQuery(this).contents().find('*').html();var is_postback = contents.indexOf('GF_AJAX_POSTBACK') >= 0;if(!is_postback){return;}var form_content = jQuery(this).contents().find('#gform_wrapper_3');var is_confirmation = jQuery(this).contents().find('#gform_confirmation_wrapper_3').length > 0;var is_redirect = contents.indexOf('gformRedirect(){') >= 0;var is_form = form_content.length > 0 && ! is_redirect && ! is_confirmation;var mt = parseInt(jQuery('html').css('margin-top'), 10) + parseInt(jQuery('body').css('margin-top'), 10) + 100;if(is_form){jQuery('#gform_wrapper_3').html(form_content.html());if(form_content.hasClass('gform_validation_error')){jQuery('#gform_wrapper_3').addClass('gform_validation_error');} else {jQuery('#gform_wrapper_3').removeClass('gform_validation_error');}setTimeout( function() { \/* delay the scroll by 50 milliseconds to fix a bug in chrome *\/ jQuery(document).scrollTop(jQuery('#gform_wrapper_3').offset().top - mt); }, 50 );if(window['gformInitDatepicker']) {gformInitDatepicker();}if(window['gformInitPriceFields']) {gformInitPriceFields();}var current_page = jQuery('#gform_source_page_number_3').val();gformInitSpinner( 3, 'https:\/\/knezovic.com.hr\/wp-content\/plugins\/gravityforms\/images\/spinner.svg' );jQuery(document).trigger('gform_page_loaded', [3, current_page]);window['gf_submitting_3'] = false;}else if(!is_redirect){var confirmation_content = jQuery(this).contents().find('.GF_AJAX_POSTBACK').html();if(!confirmation_content){confirmation_content = contents;}setTimeout(function(){jQuery('#gform_wrapper_3').replaceWith(confirmation_content);jQuery(document).scrollTop(jQuery('#gf_3').offset().top - mt);jQuery(document).trigger('gform_confirmation_loaded', [3]);window['gf_submitting_3'] = false;wp.a11y.speak(jQuery('#gform_confirmation_message_3').text());}, 50);}else{jQuery('#gform_3').append(contents);if(window['gformRedirect']) {gformRedirect();}}jQuery(document).trigger('gform_post_render', [3, current_page]);} );} );\n<\/script>\n\n","protected":false},"excerpt":{"rendered":"<p>ABLACIJA MRE\u017dNICE Kaj je ablacija (lo\u010ditev) mre\u017enice? Ablacija mre\u017enice je izredno stanje, pri katerem se mre\u017enica (\u017eiv\u010dno tkivo na zadnjem delu o\u010desa) lo\u010di od svoje podloge in tako izgubi prehrano. Mre\u017enica je \u017eiv\u010dno tkivo, ki svetlobne dra\u017eljaje pretvarja v elektri\u010dni signal kateri z vidnim \u017eivcem odpotuje v mo\u017egane, kjer se nam oblikuje slika. &nbsp; Obstajajo [&hellip;]<\/p>\n","protected":false},"author":6,"featured_media":0,"parent":2076,"menu_order":3,"comment_status":"closed","ping_status":"closed","template":"","meta":[],"_links":{"self":[{"href":"https:\/\/knezovic.com.hr\/sl\/wp-json\/wp\/v2\/pages\/2081\/"}],"collection":[{"href":"https:\/\/knezovic.com.hr\/sl\/wp-json\/wp\/v2\/pages\/"}],"about":[{"href":"https:\/\/knezovic.com.hr\/sl\/wp-json\/wp\/v2\/types\/page\/"}],"author":[{"embeddable":true,"href":"https:\/\/knezovic.com.hr\/sl\/wp-json\/wp\/v2\/users\/6\/"}],"replies":[{"embeddable":true,"href":"https:\/\/knezovic.com.hr\/sl\/wp-json\/wp\/v2\/comments\/?post=2081"}],"version-history":[{"count":0,"href":"https:\/\/knezovic.com.hr\/sl\/wp-json\/wp\/v2\/pages\/2081\/revisions\/"}],"up":[{"embeddable":true,"href":"https:\/\/knezovic.com.hr\/sl\/wp-json\/wp\/v2\/pages\/2076\/"}],"wp:attachment":[{"href":"https:\/\/knezovic.com.hr\/sl\/wp-json\/wp\/v2\/media\/?parent=2081"}],"curies":[{"name":"wp","href":"https:\/\/api.w.org\/{rel}","templated":true}]}}