{"id":2082,"date":"2019-06-26T14:16:47","date_gmt":"2019-06-26T12:16:47","guid":{"rendered":"https:\/\/knezovic.com.hr\/?page_id=2082"},"modified":"2019-06-26T14:16:47","modified_gmt":"2019-06-26T12:16:47","slug":"vitrektomija-ppv","status":"publish","type":"page","link":"https:\/\/knezovic.com.hr\/sl\/usluge\/zdravljenje-bolesti-mreznice\/vitrektomija-ppv\/","title":{"rendered":"Vitrektomija (PPV)"},"content":{"rendered":"<h2 ><span>VITREKTOMIJA (PPV) &#8211; KIRUR\u0160KO ZDRAVLJENJE RETINALNIH BOLEZNI<\/span><\/h2>\n<h4 ><span>Kaj je vitrektomija (pars plana vitrektomija)?<\/span><\/h4>\n<p>&nbsp;<\/p>\n<p>Vitrektomija je vrsta operacije o\u010desa s katero se zdravijo in popravljajo bolezni mre\u017enice in steklenine. S to operacijo lahko vitreoretinalni kirurg:<\/p>\n<ul>\n<li>Odstrani kri ali drugi material, ki blokira pot svetlobi do mre\u017enice<\/li>\n<li>Odstrani brazgotinasto tkivo ki vle\u010de ali trga mre\u017enico in povzro\u010da slab\u0161anje vida<\/li>\n<li>Vrne mre\u017enico, ki se je lo\u010dila od podlage na njeno naravno mesto<\/li>\n<li>Odstrani tujek iz o\u010desa<\/li>\n<\/ul>\n<p>&nbsp;<\/p>\n<p>Med vitrektomijo, vitroretinalni kirurg odstrani kompletno steklovino ali samo en njen del, ki se potem zamenja s fiziolo\u0161ko raztopino, mehur\u010dkom plina ali oljem<\/p>\n<p>&nbsp;<\/p>\n<h4 ><span>Kdaj se izvaja vitrektomija?<\/span><\/h4>\n<p>Va\u0161 oftalmolog lahko priporo\u010da vitrektomijo \u010de imate eno od naslednjih bolezni ali stanj:<\/p>\n<ul>\n<li>Diabeti\u010dna retinopatija, s krvavitvijo ali brazgotinastim tkivom, ki vle\u010de retino ali steklovino<\/li>\n<li>Eno od oblik lo\u010ditve mre\u017enice (ablacija mre\u017enice)<\/li>\n<li>Makularna luknja (luknja v rumeni pegi)<\/li>\n<li>Makularni \u201cpucker\u201d (gube ali nagubanje makule)<\/li>\n<li>Oku\u017eba v o\u010desu (endoftalmitis)<\/li>\n<li>Te\u017eka po\u0161kodba o\u010desa<\/li>\n<li>Dolo\u010dene komplikacije med operacijo katarakte (sive mrene)<\/li>\n<\/ul>\n<p>&nbsp;<\/p>\n<h3 ><span>Kaj se naredi med vitrektomijo?<\/span><\/h3>\n<p>Vitrektomija se obi\u010dajno izvaja ambulantno v lokalni anesteziji. Operacija lahko traja od ure do nekaj ure.<\/p>\n<p>Med operacijo, vitreoretinalni kirurg naredi dve ali tri majhne luknjice na belo\u010dnici in uporabi mikroskop, da vidi znotraj o\u010desa ter z mikrokirur\u0161kimi in\u0161trumenti izvede posami\u010dne ali ve\u010d naslednjih korakov:<\/p>\n<ul>\n<li>Odstrani kompletno zamegljeno steklovino<\/li>\n<li>Odstrani brazgotinasto tkivo iz <u>mre\u017enice<\/u><\/li>\n<li>Odstrani vse delce<\/li>\n<li>Odstrani vse predmete, ki ne spadajo v oko<\/li>\n<li>Vrne mre\u017enico v njen naraven polo\u017eaj<\/li>\n<li>S pomo\u010djo laserja popravi <u>raztrgano mre\u017enico<\/u><\/li>\n<li>Vstavi mehur\u010dek zraka ali plina v oko, kar pomaga mre\u017enici ostati na svojem mestu (mehur\u010dek se \u010dez \u010das absorbira)<\/li>\n<li>Vstavi v oko silikonsko olje (olje se odstrani pri naslednji operaciji)<\/li>\n<\/ul>\n<p>&nbsp;<\/p>\n<p>&nbsp;<\/p>\n<h4 ><span>Pred operacijo<\/span><\/h4>\n<p>Va\u0161 <u>oftalmolog<\/u> (o\u010desni specialist) vam bo povedal \u010de so dolo\u010dene stvari ki jih morate narediti v pripravi na poseg. Svojega oftalmologa lahko vpra\u0161ate:<\/p>\n<ul>\n<li>Ali boste \u010dez no\u010d ostali v bolni\u0161nici ali boste od\u0161li domov takoj po operaciji?<\/li>\n<li>Ali morate vzeti kak\u0161na zdravila?<\/li>\n<li>Ali se morate izogibati dolo\u010deni hrani ali pija\u010di pred operacijo in \u010de da, kako dolgo?<\/li>\n<li>Kak\u0161ne so razli\u010dne mo\u017enosti anestezije?<\/li>\n<li>Koliko \u010dasa traja operacija?<\/li>\n<li>Kak\u0161ne raziskave morate opraviti pred posegom?<\/li>\n<\/ul>\n<p>&nbsp;<\/p>\n<p>&nbsp;<\/p>\n<h4 ><span>Kaj se zgodi po operaciji vitrektomije?<\/span><\/h4>\n<p>Po operaciji pacient odide domov.<\/p>\n<p>Va\u0161 oftalmolog vam predpi\u0161e zdravila proti bole\u010dinam. In prejmete tudi kapljice in mazilo za o\u010di.<\/p>\n<p>Oko bo zaprto s sterilno gazo, toliko \u010dasa, kolikor vam svetuje kirurg. Kirurg vam bo tudi svetoval kdaj se lahko vrnete k obi\u010dajnim aktivnostim.<\/p>\n<p>&nbsp;<\/p>\n<h4 ><span>Kaj \u010de se v oko vstavi mehur\u010dek plina?<\/span><\/h4>\n<p>Dobili boste navodila kako dr\u017eati glavo, da mehur\u010dek ostane na svojem mestu in pritiska na to\u010dno dolo\u010den del mre\u017enice. Va\u0161 oftalmolog vam bo tudi povedal koliko \u010dasa morate ostati v tem polo\u017eaju. Zelo pomembno je da natan\u010dno sledite navodilom.<\/p>\n<p>Prepovedano je leteti z letalom dokler se mehur\u010dek plina ne absorbira, kar lahko hitra sprememba vi\u0161ine vpliva na velikost mehur\u010dka.<\/p>\n<p>&nbsp;<\/p>\n<h4 ><span>Kateri so riziki pri vitrektomiji?<\/span><\/h4>\n<p>Kot vsaka operacija ima tudi vitrektomija svoje rizike:<\/p>\n<ul>\n<li>Oku\u017eba<\/li>\n<li>Krvavitve<\/li>\n<li>Predrtje mre\u017enice ali ablacija<\/li>\n<li>Slab vid<\/li>\n<li>Glavkom, ko tlak v o\u010desu naraste preko obi\u010dajnih vrednosti<\/li>\n<\/ul>\n<p>&nbsp;<\/p>\n<p>\u0160e en mogo\u010di rizik po vitrektomiji je <u>katarakta<\/u>. To se pogosteje dogaja pri ljudeh starej\u0161ih od 50 let. \u010ce ste \u017ee imeli <u>operacijo katarakte<\/u>, vam vitrektomija ne po\u0161koduje implantirane le\u010de.<\/p>\n<p>Operacija vitrektomije pogosto pobolj\u0161a vid in ga varuje pred nadaljnim poslab\u0161anjem.<\/p>\n<p>&nbsp;<\/p>\n<h2 ><span>Zakaj opraviti operacijo v Polikliniki Knezovi\u0107?<\/span><\/h2>\n<p>Poliklinika Knezovi\u0107 ima ve\u010dletne izku\u0161nje z raznimi oblikami spremljanja in terapije razli\u010dnih bolezni zada\u0161njega o\u010desnega segmenta in vrhunski tim strokovnjakov, ki se ukvarjajo s tem podro\u010djem. Med prvimi v regiji smo uvedli slikanje o\u010desnega ozadja po slojih (SOCT), ki je predpogoj za diagnozo in spremljanje terapije pri boleznih mre\u017enice. Opremljeni smo z vrhunskimi laserji za fotokoagulacijo mre\u017enice, kot tudi z modernimi vitrektomomi za izvedbo vseh zahtevnih operacij. Do danes smo izvedli \u017ee ve\u010d tiso\u010d operacij na zada\u0161njem o\u010desnem segmentu z izvrstnimi rezultati.<\/p>\n<p>&nbsp;<\/p>\n<p><strong><u>Cena operacije vitrektomije \u2013 preverite v veljavnem ceniku poliklinike<\/u><\/strong><\/p>\n<p>&nbsp;<\/p>\n<h2 ><span>Dr. \u0160ari\u0107 &#8211; subspecialist retinolog in vitreoretinalni kirurg<\/span><\/h2>\n<p>Prim.dr.sc Borna \u0160ari\u0107 spada med vrhunske vitreoretinalne kirurge z dolgoletnimi izku\u0161njami v diagnostiki in zdravljenju zada\u0161njega o\u010desnega segmenta. Je redni predavatelj na doma\u010dih in tujih strokovnih sre\u010danjih in pionir pri izvajanju najbolj zahtevnih operacij na sprednjem in zada\u0161njem delu o\u010desa<\/p>\n<p>&nbsp;<\/p>\n<h3 ><span>Naro\u010dite se na pregled<\/span><\/h3>\n<p>&nbsp;<\/p>\n<script type=\"text\/javascript\">var gform;gform||(document.addEventListener(\"gform_main_scripts_loaded\",function(){gform.scriptsLoaded=!0}),window.addEventListener(\"DOMContentLoaded\",function(){gform.domLoaded=!0}),gform={domLoaded:!1,scriptsLoaded:!1,initializeOnLoaded:function(o){gform.domLoaded&&gform.scriptsLoaded?o():!gform.domLoaded&&gform.scriptsLoaded?window.addEventListener(\"DOMContentLoaded\",o):document.addEventListener(\"gform_main_scripts_loaded\",o)},hooks:{action:{},filter:{}},addAction:function(o,n,r,t){gform.addHook(\"action\",o,n,r,t)},addFilter:function(o,n,r,t){gform.addHook(\"filter\",o,n,r,t)},doAction:function(o){gform.doHook(\"action\",o,arguments)},applyFilters:function(o){return gform.doHook(\"filter\",o,arguments)},removeAction:function(o,n){gform.removeHook(\"action\",o,n)},removeFilter:function(o,n,r){gform.removeHook(\"filter\",o,n,r)},addHook:function(o,n,r,t,i){null==gform.hooks[o][n]&&(gform.hooks[o][n]=[]);var e=gform.hooks[o][n];null==i&&(i=n+\"_\"+e.length),gform.hooks[o][n].push({tag:i,callable:r,priority:t=null==t?10:t})},doHook:function(n,o,r){var t;if(r=Array.prototype.slice.call(r,1),null!=gform.hooks[n][o]&&((o=gform.hooks[n][o]).sort(function(o,n){return o.priority-n.priority}),o.forEach(function(o){\"function\"!=typeof(t=o.callable)&&(t=window[t]),\"action\"==n?t.apply(null,r):r[0]=t.apply(null,r)})),\"filter\"==n)return r[0]},removeHook:function(o,n,t,i){var r;null!=gform.hooks[o][n]&&(r=(r=gform.hooks[o][n]).filter(function(o,n,r){return!!(null!=i&&i!=o.tag||null!=t&&t!=o.priority)}),gform.hooks[o][n]=r)}});<\/script>\n                <div class='gf_browser_gecko gform_wrapper gform_legacy_markup_wrapper' id='gform_wrapper_3' ><div id='gf_3' class='gform_anchor' tabindex='-1'><\/div><form method='post' enctype='multipart\/form-data' target='gform_ajax_frame_3' id='gform_3'  action='\/sl\/wp-json\/wp\/v2\/pages\/2082\/#gf_3' >\n                        <div class='gform_body gform-body'><ul id='gform_fields_3' class='gform_fields top_label form_sublabel_below description_below'><li id=\"field_3_1\"  class=\"gfield gfield_contains_required field_sublabel_below field_description_below gfield_visibility_visible\"  data-js-reload=\"field_3_1\"><label class='gfield_label' for='input_3_1' >Ime i prezime:<span class=\"gfield_required\"><span class=\"gfield_required gfield_required_asterisk\">*<\/span><\/span><\/label><div class='ginput_container ginput_container_text'><input name='input_1' id='input_3_1' type='text' value='' class='large'    placeholder='Ime i prezime' aria-required=\"true\" aria-invalid=\"false\"   \/> <\/div><\/li><li id=\"field_3_13\"  class=\"gfield field_sublabel_below field_description_below gfield_visibility_visible\"  data-js-reload=\"field_3_13\"><label class='gfield_label' for='input_3_13' >Broj telefona:<\/label><div class='ginput_container ginput_container_text'><input name='input_13' id='input_3_13' type='text' value='' class='large'    placeholder='Broj telefona'  aria-invalid=\"false\"   \/> <\/div><\/li><li id=\"field_3_4\"  class=\"gfield gfield_contains_required field_sublabel_below field_description_below gfield_visibility_visible\"  data-js-reload=\"field_3_4\"><label class='gfield_label' for='input_3_4' >E-mail adresa:<span class=\"gfield_required\"><span class=\"gfield_required gfield_required_asterisk\">*<\/span><\/span><\/label><div class='ginput_container ginput_container_email'>\n                            <input name='input_4' id='input_3_4' type='text' value='' class='large'   placeholder='E-mail adresa' aria-required=\"true\" aria-invalid=\"false\"  \/>\n                        <\/div><\/li><li id=\"field_3_16\"  class=\"gfield field_sublabel_below field_description_below gfield_visibility_visible\"  data-js-reload=\"field_3_16\"><label class='gfield_label' for='input_3_16' >Poruka<\/label><div class='ginput_container ginput_container_textarea'><textarea name='input_16' id='input_3_16' class='textarea medium'    placeholder='Va\u0161 upit...'  aria-invalid=\"false\"   rows='10' cols='50'><\/textarea><\/div><\/li><li id=\"field_3_17\"  class=\"gfield gf_right_half gfield_contains_required field_sublabel_below field_description_below gfield_visibility_visible\"  data-js-reload=\"field_3_17\"><label class='gfield_label' for='input_3_17' >Datum za narud\u017ebu od:<span class=\"gfield_required\"><span class=\"gfield_required gfield_required_asterisk\">*<\/span><\/span><\/label><div class='ginput_container ginput_container_date'>\n                            <input name='input_17' id='input_3_17' type='text' value='\/\/' class='datepicker dmy datepicker_with_icon gdatepicker_with_icon'   placeholder='dd\/mm\/yyyy' aria-describedby=\"input_3_17_date_format\" aria-invalid=\"false\" aria-required=\"true\"\/>\n                            <span id='input_3_17_date_format' class='screen-reader-text'>DD slash MM slash YYYY<\/span>\n                        <\/div>\n                        <input type='hidden' id='gforms_calendar_icon_input_3_17' class='gform_hidden' value='https:\/\/knezovic.com.hr\/wp-content\/plugins\/gravityforms\/images\/datepicker\/datepicker.svg'\/><\/li><li id=\"field_3_15\"  class=\"gfield gf_right_half gfield_contains_required field_sublabel_below field_description_below gfield_visibility_visible\"  data-js-reload=\"field_3_15\"><label class='gfield_label' for='input_3_15' >Datum za narud\u017ebu do:<span class=\"gfield_required\"><span class=\"gfield_required gfield_required_asterisk\">*<\/span><\/span><\/label><div class='ginput_container ginput_container_date'>\n                            <input name='input_15' id='input_3_15' type='text' value='\/\/' class='datepicker dmy datepicker_with_icon gdatepicker_with_icon'   placeholder='dd\/mm\/yyyy' aria-describedby=\"input_3_15_date_format\" aria-invalid=\"false\" aria-required=\"true\"\/>\n                            <span id='input_3_15_date_format' class='screen-reader-text'>DD slash MM slash YYYY<\/span>\n                        <\/div>\n                        <input type='hidden' id='gforms_calendar_icon_input_3_15' class='gform_hidden' value='https:\/\/knezovic.com.hr\/wp-content\/plugins\/gravityforms\/images\/datepicker\/datepicker.svg'\/><\/li><li id=\"field_3_7\"  class=\"gfield gf_list_inline gfield_contains_required field_sublabel_below field_description_below gfield_visibility_visible\"  data-js-reload=\"field_3_7\"><label class='gfield_label'  >Zatra\u017eite povratni poziv:<span class=\"gfield_required\"><span class=\"gfield_required gfield_required_asterisk\">*<\/span><\/span><\/label><div class='ginput_container ginput_container_radio'><ul class='gfield_radio' id='input_3_7'>\n\t\t\t<li class='gchoice gchoice_3_7_0'>\n\t\t\t\t<input name='input_7' type='radio' value='Da' checked='checked' id='choice_3_7_0'    \/>\n\t\t\t\t<label for='choice_3_7_0' id='label_3_7_0'>Da<\/label>\n\t\t\t<\/li>\n\t\t\t<li class='gchoice gchoice_3_7_1'>\n\t\t\t\t<input name='input_7' type='radio' value='Ne'  id='choice_3_7_1'    \/>\n\t\t\t\t<label for='choice_3_7_1' id='label_3_7_1'>Ne<\/label>\n\t\t\t<\/li><\/ul><\/div><\/li><li id=\"field_3_19\"  class=\"gfield field_sublabel_below field_description_below gfield_visibility_visible\"  data-js-reload=\"field_3_19\"><label class='gfield_label' for='input_3_19' >CAPTCHA<\/label><div id='input_3_19' class='ginput_container ginput_recaptcha' data-sitekey='6LeeifoUAAAAAHMfwTuIB87_kZYSH84QAWaZMdQF'  data-theme='light' data-tabindex='0'  data-badge=''><\/div><\/li><li id=\"field_3_18\"  class=\"gfield gfield_html gfield_html_formatted gfield_no_follows_desc field_sublabel_below field_description_below gfield_visibility_visible\"  data-js-reload=\"field_3_18\">Slanjem podataka putem ovog online obrasca dajem privolu za obradu upisanih podataka u svrhu naru\u010divanja za pregled.\n<\/li><li id=\"field_3_20\"  class=\"gfield gform_validation_container field_sublabel_below field_description_below gfield_visibility_visible\"  data-js-reload=\"field_3_20\"><label class='gfield_label' for='input_3_20' >Phone<\/label><div class='ginput_container'><input name='input_20' id='input_3_20' type='text' value='' \/><\/div><div class='gfield_description' id='gfield_description_3_20'>This field is for validation purposes and should be left unchanged.<\/div><\/li><\/ul><\/div>\n        <div class='gform_footer top_label'> <input type='submit' id='gform_submit_button_3' class='gform_button button' value='NARU\u010cITE SE'  onclick='if(window[\"gf_submitting_3\"]){return false;}  window[\"gf_submitting_3\"]=true;  ' onkeypress='if( event.keyCode == 13 ){ if(window[\"gf_submitting_3\"]){return false;} window[\"gf_submitting_3\"]=true;  jQuery(\"#gform_3\").trigger(\"submit\",[true]); }' \/> <input type='hidden' name='gform_ajax' value='form_id=3&amp;title=&amp;description=&amp;tabindex=0' \/>\n            <input type='hidden' class='gform_hidden' name='is_submit_3' value='1' \/>\n            <input type='hidden' class='gform_hidden' name='gform_submit' value='3' \/>\n            \n            <input type='hidden' class='gform_hidden' name='gform_unique_id' value='' \/>\n            <input type='hidden' class='gform_hidden' name='state_3' value='WyJbXSIsImM5ZGJmMDE2NjBlNmEwMzlmZGRlYTZhMTM3OGFmMzFhIl0=' \/>\n            <input type='hidden' class='gform_hidden' name='gform_target_page_number_3' id='gform_target_page_number_3' value='0' \/>\n            <input type='hidden' class='gform_hidden' name='gform_source_page_number_3' id='gform_source_page_number_3' value='1' \/>\n            <input type='hidden' name='gform_field_values' value='' \/>\n            \n        <\/div>\n                        <\/form>\n                        <\/div>\n                <iframe style='display:none;width:0px;height:0px;' src='about:blank' name='gform_ajax_frame_3' id='gform_ajax_frame_3' title='This iframe contains the logic required to handle Ajax powered Gravity Forms.'><\/iframe>\n                <script type=\"text\/javascript\">\ngform.initializeOnLoaded( function() {gformInitSpinner( 3, 'https:\/\/knezovic.com.hr\/wp-content\/plugins\/gravityforms\/images\/spinner.svg' );jQuery('#gform_ajax_frame_3').on('load',function(){var contents = jQuery(this).contents().find('*').html();var is_postback = contents.indexOf('GF_AJAX_POSTBACK') >= 0;if(!is_postback){return;}var form_content = jQuery(this).contents().find('#gform_wrapper_3');var is_confirmation = jQuery(this).contents().find('#gform_confirmation_wrapper_3').length > 0;var is_redirect = contents.indexOf('gformRedirect(){') >= 0;var is_form = form_content.length > 0 && ! is_redirect && ! is_confirmation;var mt = parseInt(jQuery('html').css('margin-top'), 10) + parseInt(jQuery('body').css('margin-top'), 10) + 100;if(is_form){jQuery('#gform_wrapper_3').html(form_content.html());if(form_content.hasClass('gform_validation_error')){jQuery('#gform_wrapper_3').addClass('gform_validation_error');} else {jQuery('#gform_wrapper_3').removeClass('gform_validation_error');}setTimeout( function() { \/* delay the scroll by 50 milliseconds to fix a bug in chrome *\/ jQuery(document).scrollTop(jQuery('#gform_wrapper_3').offset().top - mt); }, 50 );if(window['gformInitDatepicker']) {gformInitDatepicker();}if(window['gformInitPriceFields']) {gformInitPriceFields();}var current_page = jQuery('#gform_source_page_number_3').val();gformInitSpinner( 3, 'https:\/\/knezovic.com.hr\/wp-content\/plugins\/gravityforms\/images\/spinner.svg' );jQuery(document).trigger('gform_page_loaded', [3, current_page]);window['gf_submitting_3'] = false;}else if(!is_redirect){var confirmation_content = jQuery(this).contents().find('.GF_AJAX_POSTBACK').html();if(!confirmation_content){confirmation_content = contents;}setTimeout(function(){jQuery('#gform_wrapper_3').replaceWith(confirmation_content);jQuery(document).scrollTop(jQuery('#gf_3').offset().top - mt);jQuery(document).trigger('gform_confirmation_loaded', [3]);window['gf_submitting_3'] = false;wp.a11y.speak(jQuery('#gform_confirmation_message_3').text());}, 50);}else{jQuery('#gform_3').append(contents);if(window['gformRedirect']) {gformRedirect();}}jQuery(document).trigger('gform_post_render', [3, current_page]);} );} );\n<\/script>\n\n","protected":false},"excerpt":{"rendered":"<p>VITREKTOMIJA (PPV) &#8211; KIRUR\u0160KO ZDRAVLJENJE RETINALNIH BOLEZNI Kaj je vitrektomija (pars plana vitrektomija)? &nbsp; Vitrektomija je vrsta operacije o\u010desa s katero se zdravijo in popravljajo bolezni mre\u017enice in steklenine. S to operacijo lahko vitreoretinalni kirurg: Odstrani kri ali drugi material, ki blokira pot svetlobi do mre\u017enice Odstrani brazgotinasto tkivo ki vle\u010de ali trga mre\u017enico in [&hellip;]<\/p>\n","protected":false},"author":6,"featured_media":2083,"parent":2076,"menu_order":4,"comment_status":"closed","ping_status":"closed","template":"","meta":[],"_links":{"self":[{"href":"https:\/\/knezovic.com.hr\/sl\/wp-json\/wp\/v2\/pages\/2082\/"}],"collection":[{"href":"https:\/\/knezovic.com.hr\/sl\/wp-json\/wp\/v2\/pages\/"}],"about":[{"href":"https:\/\/knezovic.com.hr\/sl\/wp-json\/wp\/v2\/types\/page\/"}],"author":[{"embeddable":true,"href":"https:\/\/knezovic.com.hr\/sl\/wp-json\/wp\/v2\/users\/6\/"}],"replies":[{"embeddable":true,"href":"https:\/\/knezovic.com.hr\/sl\/wp-json\/wp\/v2\/comments\/?post=2082"}],"version-history":[{"count":0,"href":"https:\/\/knezovic.com.hr\/sl\/wp-json\/wp\/v2\/pages\/2082\/revisions\/"}],"up":[{"embeddable":true,"href":"https:\/\/knezovic.com.hr\/sl\/wp-json\/wp\/v2\/pages\/2076\/"}],"wp:featuredmedia":[{"embeddable":true,"href":"https:\/\/knezovic.com.hr\/sl\/wp-json\/wp\/v2\/media\/2083\/"}],"wp:attachment":[{"href":"https:\/\/knezovic.com.hr\/sl\/wp-json\/wp\/v2\/media\/?parent=2082"}],"curies":[{"name":"wp","href":"https:\/\/api.w.org\/{rel}","templated":true}]}}