{"id":253,"date":"2018-01-22T11:15:53","date_gmt":"2018-01-22T10:15:53","guid":{"rendered":"https:\/\/knezovic.com.hr\/?page_id=253"},"modified":"2021-10-28T18:56:38","modified_gmt":"2021-10-28T16:56:38","slug":"o-nas","status":"publish","type":"page","link":"https:\/\/knezovic.com.hr\/sl\/o-nas\/","title":{"rendered":"O nas"},"content":{"rendered":"<h2 ><span>Poliklinika Knezovi\u0107\u00a0 je medicinska ustanova, ki se ukvarja predvsem z o\u010desnimi boleznimi.<\/span><\/h2>\n<p>V vsakodnevni praksi posku\u0161amo integrirati najbolj presti\u017ene tehnolo\u0161ke napredke z maksimalno strokovnostjo in posve\u010denostjo.<\/p>\n<p>&nbsp;<\/p>\n<p><strong>Na\u0161i delavci<\/strong><\/p>\n<p>V na\u0161i ustanovi bodo skrb za zdravje Va\u0161ih o\u010di in skrb za Va\u0161 izgled prevzeli znani zdravniki specialisti, strokovnjaki s podro\u010dja oftalmologije in estetske kirurgije obraza, ki neprestano nadgrajujejo svoje znanje in spremljajo vse novosti iz stroke.<\/p>\n<p>Pri delu s pacienti imamo individualni pristop, ker nobeden primer ali diagnoza nista enaka prej\u0161njim, vsak \u010dlovek je poseben in originalen. Poudarjamo, da je odnos med zdravnikom in pacientom klju\u010dnega pomena za pravilno zdravljenje in \u017eelimo, da pacient prejme kvalitetne usluge, kar je tudi na\u0161a misija.<\/p>\n<p><a href=\"https:\/\/knezovic.com.hr\/sl\/o-nas\/zaposleni\/\">Zaposleni v Polikliniki Knezovi\u0107 \u010dakajo na Va\u0161 prihod in da re\u0161ijo Va\u0161e probleme.<\/a><\/p>\n<p><img loading=\"lazy\" class=\"alignnone size-full wp-image-251\" src=\"https:\/\/knezovic.com.hr\/wp-content\/uploads\/2018\/01\/IMG_0822.jpg\" alt=\"poliklinika knezovic\" width=\"2000\" height=\"1333\" srcset=\"https:\/\/knezovic.com.hr\/wp-content\/uploads\/2018\/01\/IMG_0822.jpg 2000w, https:\/\/knezovic.com.hr\/wp-content\/uploads\/2018\/01\/IMG_0822-768x512.jpg 768w, https:\/\/knezovic.com.hr\/wp-content\/uploads\/2018\/01\/IMG_0822-20x13.jpg 20w\" sizes=\"(max-width: 2000px) 100vw, 2000px\" \/><\/p>\n<p>&nbsp;<\/p>\n<p><strong>Na\u0161 pristop k pacientu<\/strong><\/p>\n<p>Pri delu s pacienti imamo individualni pristop, ker nobeden primer ali diagnoza nista enaka prej\u0161njim, vsak \u010dlovek je poseben in originalen. Poudarjamo, da je odnos med zdravnikom in pacientom klju\u010dnega pomena za pravilno zdravljenje in \u017eelimo, da pacient prejme kvalitetne usluge, kar je tudi na\u0161a misija.<\/p>\n<p>&nbsp;<\/p>\n<p><u>Preberite mnenja na\u0161ih pacientov<\/u><\/p>\n<p><img loading=\"lazy\" class=\"alignnone size-full wp-image-252\" src=\"https:\/\/knezovic.com.hr\/wp-content\/uploads\/2018\/01\/1-3.jpg\" alt=\"o nama\" width=\"804\" height=\"534\" srcset=\"https:\/\/knezovic.com.hr\/wp-content\/uploads\/2018\/01\/1-3.jpg 804w, https:\/\/knezovic.com.hr\/wp-content\/uploads\/2018\/01\/1-3-768x510.jpg 768w, https:\/\/knezovic.com.hr\/wp-content\/uploads\/2018\/01\/1-3-20x13.jpg 20w\" sizes=\"(max-width: 804px) 100vw, 804px\" \/><\/p>\n<p>&nbsp;<\/p>\n<h2 ><span><strong>Na\u0161 center<\/strong><\/span><\/h2>\n<p>&nbsp;<\/p>\n<h4 ><span><strong>Na\u0161 center<\/strong><\/span><\/h4>\n<p>Poliklinika Knezovi\u010d je zdravstvena ustanova, ki nudi \u0161iroko paleto uslug s podro\u010dja oftalmologije, kozmetologije in estetske kirurgije obraza.<\/p>\n<p>Govorimo o vrhunsko opremljeni zdravstveni ustanovi z vsemi napravami, ki so v sedanjosti pomemben del sodobnega oftalmolo\u0161kega in estetskega centra. Uporaba sodobne tehnologije je izrazitega pomena pri prepre\u010ditvi in zdravljenju bolezni o\u010di, ker nudi mo\u017enost njihovega odkrivanja in zdravljenja v zgodnjem stadiju.<\/p>\n<p>Prostori poliklinike se nahajajo v 8. nadstropju stolpa V1 v modernem poslovnem centru Green Gold na Radni\u010dki cesti na eni strani in Vukovarski ulici na drugi strani, v centru Zagreba, v \u201czagreb\u0161kem Manhattan-u&#8221;, od koder se nudi pre\u010dudovit pogled na polne me\u0161\u010danske ulice in parke.<\/p>\n<p>&nbsp;<\/p>\n<h4 ><span><strong>Primarna dejavnost<\/strong><\/span><\/h4>\n<p>Primarna dejavnost je oftalmologija in laserska kirurgija o\u010di, kjer dobro poskrbimo za vsakega pacienta, vklju\u010dujo\u010d najnatan\u010dnej\u0161o kontrolo vida in dolo\u010danje dioptrije, diagnostiko in zdravljenje bolezni o\u010di in najbolj zahtevne operativne posege na o\u010deh.<\/p>\n<p>&nbsp;<\/p>\n<h4 ><span><strong>Na\u0161a misija<\/strong><\/span><\/h4>\n<p>Na\u0161a misija je pacientom zagotoviti najbolj kvalitetne diagnosti\u010dne in terapijske usluge v kombinaciji z moderno tehnologijo, prakti\u010dnim znanjem, visoko motivacijo in veliko izku\u0161njami ter s spremljanjem najnovej\u0161ih svetovnih trendov v medicini.<\/p>\n<p>&nbsp;<\/p>\n<h4 ><span><strong>Na\u0161a vizija<\/strong><\/span><\/h4>\n<p>Ostati center izvrstnosti v ponujenih uslugah in z izvrstnimi strokovnjaki, ki so sposobni, da z najbolj\u0161im strokovnim znanjem ter eti\u010dnimi in osebnimi vrednotami ustvarjajo nadpovpre\u010dne rezultate, ustvarjajo novo vrednost in za\u010denjajo spremembe v dejavnostih v katerih delajo.<\/p>\n<p>&nbsp;<\/p>\n<h4 ><span><strong>Na\u0161a strategija<\/strong><\/span><\/h4>\n<p>Na\u0161e cilje osvajamo s strategijo, ki deluje v treh osnovnih to\u010dkah:<\/p>\n<ol>\n<li>Kontinuirano izobra\u017eevanje na dnevni osnovi in rast delovnega potenciala vsakega na\u0161ega zaposlenega<\/li>\n<li>Investiranje v najmodernej\u0161e medicinske naprave in laserje, da zagotovimo najbolj\u0161e rezultate in zadovoljstvo na\u0161ih pacientov<\/li>\n<li>Z empatijo do vsakega posameznega pacienta in z vlaganjem celega sebe in vseh notranjih resursov v proces re\u0161evanja problemov in bolezni.<\/li>\n<\/ol>\n<p>&nbsp;<\/p>\n<h4 ><span><strong>Zakaj nam pacienti lahko zaupajo<\/strong><\/span><\/h4>\n<p>Na\u0161 odnos s klientom temelji na \u010dlove\u010dnosti. V procesu zdravljenja se poistovetimo s pacientom, kar ljudje prepoznajo in cenijo. Kon\u010dni rezultat je kombinacija profesionalnosti, strokovnosti, dostopnosti, prijaznosti in medsebojnega zaupanja. Visoka doza predanosti in kvalitete prina\u0161a k na\u0161emu skupnemu razvoju in koristi pri dviganju poslovnih standardov v dru\u017ebi v kateri delamo.<\/p>\n<p>&nbsp;<\/p>\n<h4 ><span><strong>Na\u0161 cilj<\/strong><\/span><\/h4>\n<p>Na\u0161 cilj je jasen pogled na svet, ki nas obkro\u017ea.<\/p>\n<p>Na\u0161 cilj je postati mesto ni\u010delne tolerance za megleno in postati Va\u0161 nepogre\u0161ljivi partner pri zagotavljanju odli\u010dnega vida na vseh oddaljenostih, vedno in povsod. Na\u0161 cilj je biti pomemben del v algoritmu izvrstne medicine 21. stoletja.<\/p>\n<p>Visoko na motivacijski lestvici doseganja na\u0161ih ciljev je motiviranost, predanost, kompetentnost, \u010dlove\u0161kost in empatija. Skupaj lahko dose\u017eemo vse!<\/p>\n<p>&nbsp;<\/p>\n<p>Zaposleni v Polikliniki Knezovi\u0107 \u010dakajo na va\u0161 prihod in re\u0161evanje Va\u0161ih problemov.<\/p>\n<p>&nbsp;<\/p>\n<p><img loading=\"lazy\" class=\"alignnone size-full wp-image-212\" src=\"https:\/\/knezovic.com.hr\/wp-content\/uploads\/2018\/01\/1.jpg\" alt=\"green gold centar poliklinika\" width=\"1200\" height=\"698\" srcset=\"https:\/\/knezovic.com.hr\/wp-content\/uploads\/2018\/01\/1.jpg 1200w, https:\/\/knezovic.com.hr\/wp-content\/uploads\/2018\/01\/1-768x447.jpg 768w, https:\/\/knezovic.com.hr\/wp-content\/uploads\/2018\/01\/1-20x12.jpg 20w\" sizes=\"(max-width: 1200px) 100vw, 1200px\" \/><\/p>\n<h3 ><span><strong>\u010ce imate vpra\u0161anja ali se \u017eelite naro\u010dite na kak\u0161nega od pregledov se nam oglasite<\/strong><\/span><\/h3>\n","protected":false},"excerpt":{"rendered":"<p>Poliklinika Knezovi\u0107\u00a0 je medicinska ustanova, ki se ukvarja predvsem z o\u010desnimi boleznimi. V vsakodnevni praksi posku\u0161amo integrirati najbolj presti\u017ene tehnolo\u0161ke napredke z maksimalno strokovnostjo in posve\u010denostjo. &nbsp; Na\u0161i delavci V na\u0161i ustanovi bodo skrb za zdravje Va\u0161ih o\u010di in skrb za Va\u0161 izgled prevzeli znani zdravniki specialisti, strokovnjaki s podro\u010dja oftalmologije in estetske kirurgije obraza, [&hellip;]<\/p>\n","protected":false},"author":1,"featured_media":0,"parent":0,"menu_order":68,"comment_status":"closed","ping_status":"closed","template":"","meta":[],"_links":{"self":[{"href":"https:\/\/knezovic.com.hr\/sl\/wp-json\/wp\/v2\/pages\/253\/"}],"collection":[{"href":"https:\/\/knezovic.com.hr\/sl\/wp-json\/wp\/v2\/pages\/"}],"about":[{"href":"https:\/\/knezovic.com.hr\/sl\/wp-json\/wp\/v2\/types\/page\/"}],"author":[{"embeddable":true,"href":"https:\/\/knezovic.com.hr\/sl\/wp-json\/wp\/v2\/users\/1\/"}],"replies":[{"embeddable":true,"href":"https:\/\/knezovic.com.hr\/sl\/wp-json\/wp\/v2\/comments\/?post=253"}],"version-history":[{"count":0,"href":"https:\/\/knezovic.com.hr\/sl\/wp-json\/wp\/v2\/pages\/253\/revisions\/"}],"wp:attachment":[{"href":"https:\/\/knezovic.com.hr\/sl\/wp-json\/wp\/v2\/media\/?parent=253"}],"curies":[{"name":"wp","href":"https:\/\/api.w.org\/{rel}","templated":true}]}}