{"id":4553,"date":"2024-05-24T14:16:37","date_gmt":"2024-05-24T12:16:37","guid":{"rendered":"https:\/\/knezovic.com.hr\/usluge\/4531-2\/"},"modified":"2024-05-24T14:30:36","modified_gmt":"2024-05-24T12:30:36","slug":"4531-2","status":"publish","type":"page","link":"https:\/\/knezovic.com.hr\/sl\/usluge\/4531-2\/","title":{"rendered":"ZDRAVLJENJE AMBLIOPIJE: BYNOCS AMBLYGO"},"content":{"rendered":"<h2 ><span>TRETMAN LIJE\u010cENJA AMBLIOPIJE (SLABOVIDOSTI): BYNOCS AMBLYGO<\/span><\/h2>\n<p>Poliklinika Knezovi\u0107 je ekskluzivni zastopnik podjetja BYNOCS iz Barcelone, ki je pionir na podro\u010dju zdravljenja slabovidnosti pri otrocih in odraslih. V sodelovanju z na\u0161o polikliniko in podjetjem Bynocs pacientom nudimo ve\u010dtedensko spletno izobra\u017eevanje, to je zdravljenje slabovidnega o\u010desa.<\/p>\n<p><img loading=\"lazy\" class=\"alignnone size-full wp-image-4543\" src=\"https:\/\/knezovic.com.hr\/wp-content\/uploads\/2024\/05\/slika3.jpg\" alt=\"\" width=\"2250\" height=\"2250\" srcset=\"https:\/\/knezovic.com.hr\/wp-content\/uploads\/2024\/05\/slika3.jpg 2250w, https:\/\/knezovic.com.hr\/wp-content\/uploads\/2024\/05\/slika3-300x300.jpg 300w, https:\/\/knezovic.com.hr\/wp-content\/uploads\/2024\/05\/slika3-768x768.jpg 768w, https:\/\/knezovic.com.hr\/wp-content\/uploads\/2024\/05\/slika3-1536x1536.jpg 1536w, https:\/\/knezovic.com.hr\/wp-content\/uploads\/2024\/05\/slika3-2048x2048.jpg 2048w\" sizes=\"(max-width: 2250px) 100vw, 2250px\" \/><\/p>\n<p>Bynocs AmblyGo pacientom izbolj\u0161a vid z razli\u010dnimi zanimivimi vajami. Rde\u010da\/modra o\u010dala se uporabljajo za po\u0161iljanje razli\u010dnih dra\u017eljajev na vsako oko med delom v skupnem okolju. \u010ce med treningom nosite rde\u010de-modra o\u010dala, preprosto povedano, levo oko vidi samo rde\u010de predmete, desno oko pa le modre predmete. Za izvajanje razli\u010dnih vaj morajo mo\u017egani uporabiti sliko iz obeh o\u010des in tako jih treniramo, da si opomorejo od lenega, torej slabovidnega o\u010desa. Zdravljenje je inovativno, saj omogo\u010da zdravljenje slabovidnosti tudi pri odraslih in ne samo pri otrocih.<\/p>\n<p><img loading=\"lazy\" class=\"alignnone size-full wp-image-4548\" src=\"https:\/\/knezovic.com.hr\/wp-content\/uploads\/2024\/05\/slika4.jpg\" alt=\"\" width=\"2250\" height=\"2250\" srcset=\"https:\/\/knezovic.com.hr\/wp-content\/uploads\/2024\/05\/slika4.jpg 2250w, https:\/\/knezovic.com.hr\/wp-content\/uploads\/2024\/05\/slika4-300x300.jpg 300w, https:\/\/knezovic.com.hr\/wp-content\/uploads\/2024\/05\/slika4-768x768.jpg 768w, https:\/\/knezovic.com.hr\/wp-content\/uploads\/2024\/05\/slika4-1536x1536.jpg 1536w, https:\/\/knezovic.com.hr\/wp-content\/uploads\/2024\/05\/slika4-2048x2048.jpg 2048w\" sizes=\"(max-width: 2250px) 100vw, 2250px\" \/><\/p>\n<p>Vsak pacient mora opraviti pregled in presejanje v Kliniki Knezovi\u0107, da se ugotovi, ali je dober kandidat za to zdravljenje. Nadaljnje zdravljenje izvaja Bynocs pod rednim nadzorom zdravnice Poliklinike Knezovi\u0107.<\/p>\n<p>Za ve\u010d informacij kontaktirajte <a id=\"LPlnk296189\" href=\"mailto:info@knezovic.com.hr\" data-linkindex=\"0\">info@knezovic.com.hr<\/a><\/p>\n<p><img loading=\"lazy\" class=\"alignnone size-full wp-image-4538\" src=\"https:\/\/knezovic.com.hr\/wp-content\/uploads\/2024\/05\/slika1.jpg\" alt=\"\" width=\"2250\" height=\"2250\" srcset=\"https:\/\/knezovic.com.hr\/wp-content\/uploads\/2024\/05\/slika1.jpg 2250w, https:\/\/knezovic.com.hr\/wp-content\/uploads\/2024\/05\/slika1-300x300.jpg 300w, https:\/\/knezovic.com.hr\/wp-content\/uploads\/2024\/05\/slika1-768x768.jpg 768w, https:\/\/knezovic.com.hr\/wp-content\/uploads\/2024\/05\/slika1-1536x1536.jpg 1536w, https:\/\/knezovic.com.hr\/wp-content\/uploads\/2024\/05\/slika1-2048x2048.jpg 2048w\" sizes=\"(max-width: 2250px) 100vw, 2250px\" \/><\/p>\n","protected":false},"excerpt":{"rendered":"<p>TRETMAN LIJE\u010cENJA AMBLIOPIJE (SLABOVIDOSTI): BYNOCS AMBLYGO Poliklinika Knezovi\u0107 je ekskluzivni zastopnik podjetja BYNOCS iz Barcelone, ki je pionir na podro\u010dju zdravljenja slabovidnosti pri otrocih in odraslih. V sodelovanju z na\u0161o polikliniko in podjetjem Bynocs pacientom nudimo ve\u010dtedensko spletno izobra\u017eevanje, to je zdravljenje slabovidnega o\u010desa. Bynocs AmblyGo pacientom izbolj\u0161a vid z razli\u010dnimi zanimivimi vajami. Rde\u010da\/modra o\u010dala [&hellip;]<\/p>\n","protected":false},"author":9,"featured_media":2020,"parent":1007,"menu_order":4,"comment_status":"closed","ping_status":"closed","template":"","meta":[],"_links":{"self":[{"href":"https:\/\/knezovic.com.hr\/sl\/wp-json\/wp\/v2\/pages\/4553\/"}],"collection":[{"href":"https:\/\/knezovic.com.hr\/sl\/wp-json\/wp\/v2\/pages\/"}],"about":[{"href":"https:\/\/knezovic.com.hr\/sl\/wp-json\/wp\/v2\/types\/page\/"}],"author":[{"embeddable":true,"href":"https:\/\/knezovic.com.hr\/sl\/wp-json\/wp\/v2\/users\/9\/"}],"replies":[{"embeddable":true,"href":"https:\/\/knezovic.com.hr\/sl\/wp-json\/wp\/v2\/comments\/?post=4553"}],"version-history":[{"count":0,"href":"https:\/\/knezovic.com.hr\/sl\/wp-json\/wp\/v2\/pages\/4553\/revisions\/"}],"up":[{"embeddable":true,"href":"https:\/\/knezovic.com.hr\/sl\/wp-json\/wp\/v2\/pages\/1007\/"}],"wp:featuredmedia":[{"embeddable":true,"href":"https:\/\/knezovic.com.hr\/sl\/wp-json\/wp\/v2\/media\/2020\/"}],"wp:attachment":[{"href":"https:\/\/knezovic.com.hr\/sl\/wp-json\/wp\/v2\/media\/?parent=4553"}],"curies":[{"name":"wp","href":"https:\/\/api.w.org\/{rel}","templated":true}]}}