{"id":78,"date":"2017-12-22T16:39:57","date_gmt":"2017-12-22T15:39:57","guid":{"rendered":"https:\/\/knezovic.com.hr\/usluge\/okuloplastcni-i-estetski-zahvati\/mali-zahvati-jecmenac-hordeolum-bradavice\/"},"modified":"2025-07-25T22:26:29","modified_gmt":"2025-07-25T20:26:29","slug":"jecmenac","status":"publish","type":"page","link":"https:\/\/knezovic.com.hr\/usluge\/okuloplastcni-i-estetski-zahvati\/jecmenac\/","title":{"rendered":"Je\u010dmenac"},"content":{"rendered":"<h2 ><span>je\u010dmenac<\/span><\/h2>\n<h4 ><span>\u0160to je je\u010dmenac?<\/span><\/h4>\n<p>Je\u010dmenac<strong> (vanjski hordeolum)<\/strong> je akutna gnojna upala \u017elijezda vje\u0111a koja nastaje zbog za\u010depljenosti Zeissovih \u017elijezda. Pojavljuje se u obliku bolnog \u010dvori\u0107a s gnojnim vrhom uz okolni edem vje\u0111e te obi\u010dno traje od 7-10 dana uz mogu\u0107nost ponovnog pojavljivanja.<\/p>\n<p>Ukoliko do\u0111e do za\u010depljenja Meibomovih \u017elijezda dolazi do pojave Halaciona <strong>(unutarnji hordeolum)<\/strong> koji za razliku od je\u010dmenca nije bolan, a pacijent dolazi na pregled iz estetskih razloga. Sekret Meibomovih \u017elijezda podmazuje rub kapka, pa se oni elegantno zatvaraju jedan na drugi, a isto tako sudjeluje u izgradnji suznog filma (njegove lipidne komponente).<\/p>\n<p>&nbsp;<\/p>\n<h4 ><span>Je\u010dmenac uzroci<\/span><\/h4>\n<ol>\n<li>Naj\u010de\u0161\u0107i uzro\u010dnik su stafilokokne bakterije<\/li>\n<li>Nepravilna ishrana i dehidracija organizma<\/li>\n<li>Slaba higijena, diranje oka prljavim rukama, kori\u0161tenje tu\u0111e \u0161minke, lo\u0161e uklanjanje \u0161minke, kori\u0161tenje prljavih i vla\u017enih ru\u010dnika<\/li>\n<li>\u010ce\u0161\u0107e se pojavljuje kod dijabeti\u010dara i kod osoba sa smanjenim imunitetom<\/li>\n<\/ol>\n<p>&nbsp;<\/p>\n<h4 ><span>Je\u010dmenac simptomi<\/span><\/h4>\n<ol>\n<li>Crvenilo popra\u0107eno osjetom nelagode i boli u podru\u010dju gdje nastaje je\u010dmenac.<\/li>\n<li>Mjesto nastajanja ubrzo postaje nate\u010deno te nastaje bolna kvr\u017eica koja mo\u017ee zahvatiti cijeli kapak te pri tome ote\u017eati zatvaranje o\u010dnog kapka (bol prilikom treptanja).<\/li>\n<li>Suzenje, peckanje, iritacija, osje\u0107aj stranog tijela u oku, osjetljivost oka na svijetlo, slabija vidna o\u0161trina.<\/li>\n<li>U zavr\u0161noj fazi na povr\u0161ini ko\u017ee stvara se gnojni vrh koji vremenom naj\u010de\u0161\u0107e sam iscuri te se bol i simptomi ubla\u017eavaju.<\/li>\n<li>Halacion je kroni\u010dna upala Meibomovih \u017elijezda koja nastaje kao posljedica za\u010depljenja odvodnog kanala \u017elijezde, naj\u010de\u0161\u0107e veli\u010dine zrna gra\u0161ka, a ko\u017ea iznad njega je obi\u010dno nepromijenjena.<\/li>\n<\/ol>\n<p>&nbsp;<\/p>\n<h4 ><span>Faktori rizika<\/span><\/h4>\n<p><strong>Dob, spol<\/strong><\/p>\n<p>Je\u010dmenac se mo\u017ee pojaviti kod svih dobnih skupina, podjednako se pojavljuje kod mu\u0161karaca i kod \u017eena.<\/p>\n<p>&nbsp;<\/p>\n<h3 ><span>Je\u010dmenac mogu\u0107e lije\u010denje<\/span><\/h3>\n<p>Hordeolum se obi\u010dno sam, <a href=\"https:\/\/www.katastor.hr\">k<\/a>ao i svaki \u010dir, spontano otvori te gnoj iscuri i upala se smiri. Ako se pojave znakovi stvaranja gnojnog apscesa potrebno je stanje operativno lije\u010diti.<\/p>\n<p>Nije mogu\u0107e u potpunosti zaustaviti pojavu je\u010dmenca. Potrebno je paziti na higijenske navike te ukoliko se on iznova pojavljuje svakodnevno raditi higijenu vje\u0111nog ruba (vla\u017enim maramicama ili blagim baby \u0161amponom razmu\u0107enim u toploj vodi). U po\u010detku se je\u010dmenac lije\u010di hladnim oblozima te propisanom terapijom kapima i\/ili mastima.<\/p>\n<p>Ukoliko se je\u010dmenac nakon terapije ne povu\u010de potrebno ga je kirur\u0161ki ukloniti.<\/p>\n<p>Kod <strong>halaciona<\/strong> se toplim oblozima poku\u0161ava razmek\u0161ati masni sadr\u017eaj no puno se te\u017ee resorbira bez kirur\u0161ke intervencije.<\/p>\n<p>&nbsp;<\/p>\n<h2 ><span>Odstranjivanje je\u010dmenca kirur\u0161kim zahvatom<\/span><\/h2>\n<h4 ><span><img loading=\"lazy\" class=\"alignnone size-full wp-image-1551\" src=\"https:\/\/knezovic.com.hr\/wp-content\/uploads\/2019\/02\/laserska-korekciaj-vida.jpg\" alt=\"je\u010dmenac\" width=\"800\" height=\"532\" srcset=\"https:\/\/knezovic.com.hr\/wp-content\/uploads\/2019\/02\/laserska-korekciaj-vida.jpg 800w, https:\/\/knezovic.com.hr\/wp-content\/uploads\/2019\/02\/laserska-korekciaj-vida-768x511.jpg 768w\" sizes=\"(max-width: 800px) 100vw, 800px\" \/><\/span><\/h4>\n<h4 ><span>Prije operacije<\/span><\/h4>\n<p>Prije same operacije je\u010dmenca potrebno je napraviti detaljan specijalisti\u010dki pregled. Pacijentu se opisuje kako \u0107e izgledati zahvat te nakon toga dobiva potrebnu premedikaciju i potpisuje informirani pristanak. Kod ulaska u operacijsku salu pacijentu se stavljaju sterilna kapa i nazuvci.<\/p>\n<p>&nbsp;<\/p>\n<h4 ><span>Tijek operacije<\/span><\/h4>\n<p>U operacijsko<a href=\"https:\/\/jupiter-media.hr\">j<\/a> sali pacijent se udobno smjesti na mekani krevet. Medicinske sestre dezinficiraju ko\u017eu oko o\u010diju, stavljaju sterilnu prekrivku preko pacijenta.<\/p>\n<p>Operativni zahvat traje 5-10 minuta. Pacijent le\u017ei na krevetu te je cijelo vrijeme budan i u komunikaciji s operaterom. Vje\u0111e je anestezirano, tako da je zahvat u potpunosti bezbolan i ugodan. Budu\u0107i da je operacija elegantna i brza, ve\u0107ina pacijenata se iznenadi kako je sve pro\u0161lo brzo i jednostavno te da je sav strah kojeg ljudi obi\u010dno imaju prije zahvata bio neosnovan.<\/p>\n<p>Operacija se vr\u0161i s unutra\u0161nje strane kapka, tako da ne ostaje nikakav o\u017eiljak.<\/p>\n<p>Ako zaostane fibrozna kapsula onda se mo\u017ee ponovno pojaviti. U slu\u010daju recidiva na istom mjestu kod operacije je potrebno uzeti materijal za slanje na patolo\u0161ku analizu jer se veoma rijetko mo\u017ee patolo\u0161ki dijagnosticirati maligni tumor stanica lojnih \u017elijezda (adenocarcinoma sabaceum).<\/p>\n<p>&nbsp;<\/p>\n<h4 ><span>Nakon operacije<\/span><\/h4>\n<p>Nakon operacije pacijentu se preko oka stavi sterilni tupfer. Po otpustu iz poliklinike dobiva postoperativnu terapiju koja se sastoji od kapi i\/ili masti te upute kojih se treba pridr\u017eavati. Tri sata nakon zahvata skida tupfer s oka te kre\u0107e s propisanom terapijom. Drugi dan dolazi na kontrolni pregled te do tada treba izbjegavati nepovoljne mikroklimatske uvjete (vjetar, pra\u0161inu, zadimljene prostorije). Savjetuje se jo\u0161 jedna kontrola za 7-10 dana t<a href=\"https:\/\/www.edoktor.hr\">e<\/a> nakon toga po potrebi.<\/p>\n<p>&nbsp;<\/p>\n<h2 ><span>VIRUSNA BRADAVICA<\/span><\/h2>\n<p>Virusna bradavica (verruca vulgaris) je papilomatozna tvorba na ko\u017ei i rubovima vje\u0111a uzrokovana humanim papiloma virusom. <strong>Lije\u010di se uni\u0161tavanjem termokauterom ili krioterapijom . Ve\u0107e tvorbe se odstranjuju operativno.<\/strong><\/p>\n<p>&nbsp;<\/p>\n<p>Cijena odstranjivanja je\u010dmenca\u00a0 150,00 \u20ac &#8211; Teku\u0107e akcije &#8211; pogledajte u na\u0161em<a href=\"https:\/\/knezovic.com.hr\/cijene\/\"> CJENIKU<\/a><\/p>\n<p>&nbsp;<\/p>\n<h3 ><span>Naru\u010dite se na pregled<\/span><\/h3>\n<script type=\"text\/javascript\">var gform;gform||(document.addEventListener(\"gform_main_scripts_loaded\",function(){gform.scriptsLoaded=!0}),window.addEventListener(\"DOMContentLoaded\",function(){gform.domLoaded=!0}),gform={domLoaded:!1,scriptsLoaded:!1,initializeOnLoaded:function(o){gform.domLoaded&&gform.scriptsLoaded?o():!gform.domLoaded&&gform.scriptsLoaded?window.addEventListener(\"DOMContentLoaded\",o):document.addEventListener(\"gform_main_scripts_loaded\",o)},hooks:{action:{},filter:{}},addAction:function(o,n,r,t){gform.addHook(\"action\",o,n,r,t)},addFilter:function(o,n,r,t){gform.addHook(\"filter\",o,n,r,t)},doAction:function(o){gform.doHook(\"action\",o,arguments)},applyFilters:function(o){return gform.doHook(\"filter\",o,arguments)},removeAction:function(o,n){gform.removeHook(\"action\",o,n)},removeFilter:function(o,n,r){gform.removeHook(\"filter\",o,n,r)},addHook:function(o,n,r,t,i){null==gform.hooks[o][n]&&(gform.hooks[o][n]=[]);var e=gform.hooks[o][n];null==i&&(i=n+\"_\"+e.length),gform.hooks[o][n].push({tag:i,callable:r,priority:t=null==t?10:t})},doHook:function(n,o,r){var t;if(r=Array.prototype.slice.call(r,1),null!=gform.hooks[n][o]&&((o=gform.hooks[n][o]).sort(function(o,n){return o.priority-n.priority}),o.forEach(function(o){\"function\"!=typeof(t=o.callable)&&(t=window[t]),\"action\"==n?t.apply(null,r):r[0]=t.apply(null,r)})),\"filter\"==n)return r[0]},removeHook:function(o,n,t,i){var r;null!=gform.hooks[o][n]&&(r=(r=gform.hooks[o][n]).filter(function(o,n,r){return!!(null!=i&&i!=o.tag||null!=t&&t!=o.priority)}),gform.hooks[o][n]=r)}});<\/script>\n                <div class='gf_browser_gecko gform_wrapper gform_legacy_markup_wrapper' id='gform_wrapper_3' ><div id='gf_3' class='gform_anchor' tabindex='-1'><\/div><form method='post' enctype='multipart\/form-data' target='gform_ajax_frame_3' id='gform_3'  action='\/sl\/wp-json\/wp\/v2\/pages\/78\/#gf_3' >\n                        <div class='gform_body gform-body'><ul id='gform_fields_3' class='gform_fields top_label form_sublabel_below description_below'><li id=\"field_3_1\"  class=\"gfield gfield_contains_required field_sublabel_below field_description_below gfield_visibility_visible\"  data-js-reload=\"field_3_1\"><label class='gfield_label' for='input_3_1' >Ime i prezime:<span class=\"gfield_required\"><span class=\"gfield_required gfield_required_asterisk\">*<\/span><\/span><\/label><div class='ginput_container ginput_container_text'><input name='input_1' id='input_3_1' type='text' value='' class='large'    placeholder='Ime i prezime' aria-required=\"true\" aria-invalid=\"false\"   \/> <\/div><\/li><li id=\"field_3_13\"  class=\"gfield field_sublabel_below field_description_below gfield_visibility_visible\"  data-js-reload=\"field_3_13\"><label class='gfield_label' for='input_3_13' >Broj telefona:<\/label><div class='ginput_container ginput_container_text'><input name='input_13' id='input_3_13' type='text' value='' class='large'    placeholder='Broj telefona'  aria-invalid=\"false\"   \/> <\/div><\/li><li id=\"field_3_4\"  class=\"gfield gfield_contains_required field_sublabel_below field_description_below gfield_visibility_visible\"  data-js-reload=\"field_3_4\"><label class='gfield_label' for='input_3_4' >E-mail adresa:<span class=\"gfield_required\"><span class=\"gfield_required gfield_required_asterisk\">*<\/span><\/span><\/label><div class='ginput_container ginput_container_email'>\n                            <input name='input_4' id='input_3_4' type='text' value='' class='large'   placeholder='E-mail adresa' aria-required=\"true\" aria-invalid=\"false\"  \/>\n                        <\/div><\/li><li id=\"field_3_16\"  class=\"gfield field_sublabel_below field_description_below gfield_visibility_visible\"  data-js-reload=\"field_3_16\"><label class='gfield_label' for='input_3_16' >Poruka<\/label><div class='ginput_container ginput_container_textarea'><textarea name='input_16' id='input_3_16' class='textarea medium'    placeholder='Va\u0161 upit...'  aria-invalid=\"false\"   rows='10' cols='50'><\/textarea><\/div><\/li><li id=\"field_3_17\"  class=\"gfield gf_right_half gfield_contains_required field_sublabel_below field_description_below gfield_visibility_visible\"  data-js-reload=\"field_3_17\"><label class='gfield_label' for='input_3_17' >Datum za narud\u017ebu od:<span class=\"gfield_required\"><span class=\"gfield_required gfield_required_asterisk\">*<\/span><\/span><\/label><div class='ginput_container ginput_container_date'>\n                            <input name='input_17' id='input_3_17' type='text' value='\/\/' class='datepicker dmy datepicker_with_icon gdatepicker_with_icon'   placeholder='dd\/mm\/yyyy' aria-describedby=\"input_3_17_date_format\" aria-invalid=\"false\" aria-required=\"true\"\/>\n                            <span id='input_3_17_date_format' class='screen-reader-text'>DD slash MM slash YYYY<\/span>\n                        <\/div>\n                        <input type='hidden' id='gforms_calendar_icon_input_3_17' class='gform_hidden' value='https:\/\/knezovic.com.hr\/wp-content\/plugins\/gravityforms\/images\/datepicker\/datepicker.svg'\/><\/li><li id=\"field_3_15\"  class=\"gfield gf_right_half gfield_contains_required field_sublabel_below field_description_below gfield_visibility_visible\"  data-js-reload=\"field_3_15\"><label class='gfield_label' for='input_3_15' >Datum za narud\u017ebu do:<span class=\"gfield_required\"><span class=\"gfield_required gfield_required_asterisk\">*<\/span><\/span><\/label><div class='ginput_container ginput_container_date'>\n                            <input name='input_15' id='input_3_15' type='text' value='\/\/' class='datepicker dmy datepicker_with_icon gdatepicker_with_icon'   placeholder='dd\/mm\/yyyy' aria-describedby=\"input_3_15_date_format\" aria-invalid=\"false\" aria-required=\"true\"\/>\n                            <span id='input_3_15_date_format' class='screen-reader-text'>DD slash MM slash YYYY<\/span>\n                        <\/div>\n                        <input type='hidden' id='gforms_calendar_icon_input_3_15' class='gform_hidden' value='https:\/\/knezovic.com.hr\/wp-content\/plugins\/gravityforms\/images\/datepicker\/datepicker.svg'\/><\/li><li id=\"field_3_7\"  class=\"gfield gf_list_inline gfield_contains_required field_sublabel_below field_description_below gfield_visibility_visible\"  data-js-reload=\"field_3_7\"><label class='gfield_label'  >Zatra\u017eite povratni poziv:<span class=\"gfield_required\"><span class=\"gfield_required gfield_required_asterisk\">*<\/span><\/span><\/label><div class='ginput_container ginput_container_radio'><ul class='gfield_radio' id='input_3_7'>\n\t\t\t<li class='gchoice gchoice_3_7_0'>\n\t\t\t\t<input name='input_7' type='radio' value='Da' checked='checked' id='choice_3_7_0'    \/>\n\t\t\t\t<label for='choice_3_7_0' id='label_3_7_0'>Da<\/label>\n\t\t\t<\/li>\n\t\t\t<li class='gchoice gchoice_3_7_1'>\n\t\t\t\t<input name='input_7' type='radio' value='Ne'  id='choice_3_7_1'    \/>\n\t\t\t\t<label for='choice_3_7_1' id='label_3_7_1'>Ne<\/label>\n\t\t\t<\/li><\/ul><\/div><\/li><li id=\"field_3_19\"  class=\"gfield field_sublabel_below field_description_below gfield_visibility_visible\"  data-js-reload=\"field_3_19\"><label class='gfield_label' for='input_3_19' >CAPTCHA<\/label><div id='input_3_19' class='ginput_container ginput_recaptcha' data-sitekey='6LeeifoUAAAAAHMfwTuIB87_kZYSH84QAWaZMdQF'  data-theme='light' data-tabindex='0'  data-badge=''><\/div><\/li><li id=\"field_3_18\"  class=\"gfield gfield_html gfield_html_formatted gfield_no_follows_desc field_sublabel_below field_description_below gfield_visibility_visible\"  data-js-reload=\"field_3_18\">Slanjem podataka putem ovog online obrasca dajem privolu za obradu upisanih podataka u svrhu naru\u010divanja za pregled.\n<\/li><li id=\"field_3_20\"  class=\"gfield gform_validation_container field_sublabel_below field_description_below gfield_visibility_visible\"  data-js-reload=\"field_3_20\"><label class='gfield_label' for='input_3_20' >Name<\/label><div class='ginput_container'><input name='input_20' id='input_3_20' type='text' value='' \/><\/div><div class='gfield_description' id='gfield_description_3_20'>This field is for validation purposes and should be left unchanged.<\/div><\/li><\/ul><\/div>\n        <div class='gform_footer top_label'> <input type='submit' id='gform_submit_button_3' class='gform_button button' value='NARU\u010cITE SE'  onclick='if(window[\"gf_submitting_3\"]){return false;}  window[\"gf_submitting_3\"]=true;  ' onkeypress='if( event.keyCode == 13 ){ if(window[\"gf_submitting_3\"]){return false;} window[\"gf_submitting_3\"]=true;  jQuery(\"#gform_3\").trigger(\"submit\",[true]); }' \/> <input type='hidden' name='gform_ajax' value='form_id=3&amp;title=&amp;description=&amp;tabindex=0' \/>\n            <input type='hidden' class='gform_hidden' name='is_submit_3' value='1' \/>\n            <input type='hidden' class='gform_hidden' name='gform_submit' value='3' \/>\n            \n            <input type='hidden' class='gform_hidden' name='gform_unique_id' value='' \/>\n            <input type='hidden' class='gform_hidden' name='state_3' value='WyJbXSIsImM5ZGJmMDE2NjBlNmEwMzlmZGRlYTZhMTM3OGFmMzFhIl0=' \/>\n            <input type='hidden' class='gform_hidden' name='gform_target_page_number_3' id='gform_target_page_number_3' value='0' \/>\n            <input type='hidden' class='gform_hidden' name='gform_source_page_number_3' id='gform_source_page_number_3' value='1' \/>\n            <input type='hidden' name='gform_field_values' value='' \/>\n            \n        <\/div>\n                        <\/form>\n                        <\/div>\n                <iframe style='display:none;width:0px;height:0px;' src='about:blank' name='gform_ajax_frame_3' id='gform_ajax_frame_3' title='This iframe contains the logic required to handle Ajax powered Gravity Forms.'><\/iframe>\n                <script type=\"text\/javascript\">\ngform.initializeOnLoaded( function() {gformInitSpinner( 3, 'https:\/\/knezovic.com.hr\/wp-content\/plugins\/gravityforms\/images\/spinner.svg' );jQuery('#gform_ajax_frame_3').on('load',function(){var contents = jQuery(this).contents().find('*').html();var is_postback = contents.indexOf('GF_AJAX_POSTBACK') >= 0;if(!is_postback){return;}var form_content = jQuery(this).contents().find('#gform_wrapper_3');var is_confirmation = jQuery(this).contents().find('#gform_confirmation_wrapper_3').length > 0;var is_redirect = contents.indexOf('gformRedirect(){') >= 0;var is_form = form_content.length > 0 && ! is_redirect && ! is_confirmation;var mt = parseInt(jQuery('html').css('margin-top'), 10) + parseInt(jQuery('body').css('margin-top'), 10) + 100;if(is_form){jQuery('#gform_wrapper_3').html(form_content.html());if(form_content.hasClass('gform_validation_error')){jQuery('#gform_wrapper_3').addClass('gform_validation_error');} else {jQuery('#gform_wrapper_3').removeClass('gform_validation_error');}setTimeout( function() { \/* delay the scroll by 50 milliseconds to fix a bug in chrome *\/ jQuery(document).scrollTop(jQuery('#gform_wrapper_3').offset().top - mt); }, 50 );if(window['gformInitDatepicker']) {gformInitDatepicker();}if(window['gformInitPriceFields']) {gformInitPriceFields();}var current_page = jQuery('#gform_source_page_number_3').val();gformInitSpinner( 3, 'https:\/\/knezovic.com.hr\/wp-content\/plugins\/gravityforms\/images\/spinner.svg' );jQuery(document).trigger('gform_page_loaded', [3, current_page]);window['gf_submitting_3'] = false;}else if(!is_redirect){var confirmation_content = jQuery(this).contents().find('.GF_AJAX_POSTBACK').html();if(!confirmation_content){confirmation_content = contents;}setTimeout(function(){jQuery('#gform_wrapper_3').replaceWith(confirmation_content);jQuery(document).scrollTop(jQuery('#gf_3').offset().top - mt);jQuery(document).trigger('gform_confirmation_loaded', [3]);window['gf_submitting_3'] = false;wp.a11y.speak(jQuery('#gform_confirmation_message_3').text());}, 50);}else{jQuery('#gform_3').append(contents);if(window['gformRedirect']) {gformRedirect();}}jQuery(document).trigger('gform_post_render', [3, current_page]);} );} );\n<\/script>\n\n","protected":false},"excerpt":{"rendered":"<p>je\u010dmenac \u0160to je je\u010dmenac? Je\u010dmenac (vanjski hordeolum) je akutna gnojna upala \u017elijezda vje\u0111a koja nastaje zbog za\u010depljenosti Zeissovih \u017elijezda. Pojavljuje se u obliku bolnog \u010dvori\u0107a s gnojnim vrhom uz okolni edem vje\u0111e te obi\u010dno traje od 7-10 dana uz mogu\u0107nost ponovnog pojavljivanja. Ukoliko do\u0111e do za\u010depljenja Meibomovih \u017elijezda dolazi do pojave Halaciona (unutarnji hordeolum) koji [&hellip;]<\/p>\n","protected":false},"author":1,"featured_media":368,"parent":53,"menu_order":6,"comment_status":"closed","ping_status":"closed","template":"","meta":[],"_links":{"self":[{"href":"https:\/\/knezovic.com.hr\/sl\/wp-json\/wp\/v2\/pages\/78\/"}],"collection":[{"href":"https:\/\/knezovic.com.hr\/sl\/wp-json\/wp\/v2\/pages\/"}],"about":[{"href":"https:\/\/knezovic.com.hr\/sl\/wp-json\/wp\/v2\/types\/page\/"}],"author":[{"embeddable":true,"href":"https:\/\/knezovic.com.hr\/sl\/wp-json\/wp\/v2\/users\/1\/"}],"replies":[{"embeddable":true,"href":"https:\/\/knezovic.com.hr\/sl\/wp-json\/wp\/v2\/comments\/?post=78"}],"version-history":[{"count":0,"href":"https:\/\/knezovic.com.hr\/sl\/wp-json\/wp\/v2\/pages\/78\/revisions\/"}],"up":[{"embeddable":true,"href":"https:\/\/knezovic.com.hr\/sl\/wp-json\/wp\/v2\/pages\/53\/"}],"wp:featuredmedia":[{"embeddable":true,"href":"https:\/\/knezovic.com.hr\/sl\/wp-json\/wp\/v2\/media\/368\/"}],"wp:attachment":[{"href":"https:\/\/knezovic.com.hr\/sl\/wp-json\/wp\/v2\/media\/?parent=78"}],"curies":[{"name":"wp","href":"https:\/\/api.w.org\/{rel}","templated":true}]}}