{"id":2075,"date":"2019-06-26T13:16:45","date_gmt":"2019-06-26T11:16:45","guid":{"rendered":"https:\/\/knezovic.com.hr\/?page_id=2075"},"modified":"2019-06-26T13:16:45","modified_gmt":"2019-06-26T11:16:45","slug":"plazma-bogata-s-trombociti-prp","status":"publish","type":"page","link":"https:\/\/knezovic.com.hr\/sl\/usluge\/ocesni-in-estetski-postopki\/plazma-bogata-s-trombociti-prp\/","title":{"rendered":"Plazma bogata s trombociti PRP"},"content":{"rendered":"<h2 ><span>Plazma bogata s trombociti (PRP)<\/span><\/h2>\n<p>Zadnjih nekaj let je veliko govora o pripravku, ki se ga imenuje plazma bogata s trombociti (PRP) in njeni potencialni u\u010dinkovitost pri zdravljenju po\u0161kodb.<\/p>\n<p>Mnogi znani \u0161portniki &#8211; Tiger Woods, teni\u0161ka zvezda Rafael Nadal in drugi, so \u017ee uporabili PRP za razne probleme, kot so zvito koleno in kroni\u010dne po\u0161kodbe tetive. Te vrste stanj se obi\u010dajno zdravi z zdravili, fizikalno terapijo ali z operacijo. Nekateri \u0161portniki pripisujejo plazmi bogati s trombociti mo\u017enost hitrej\u0161e vrnitve k treningu.<\/p>\n<p>\u010ceprav je PRP dobil obse\u017eno publiciteto, \u0161e vedno obstajajo vpra\u0161anja, kot so:<\/p>\n<p><strong>Kaj je sploh plazma bogata s trombociti?<\/strong><br \/>\n<strong>Kako deluje?<\/strong><br \/>\n<strong>Kateri problemi se zdravijo s PRP-jem?<\/strong><br \/>\n<strong>Ali je PRP tretma u\u010dinkovit?<\/strong><\/p>\n<p>&nbsp;<\/p>\n<h4 ><span>Kaj je plazma bogata s trombociti?<\/span><\/h4>\n<p>\u010ceprav je kri teko\u010dina (plazma), vsebuje tudi male trdne komponente (rde\u010de krvni\u010dke, bele krvni\u010dke in trombocite). Trombociti so najbolj poznani po vlogi pri strjevanju krvi. Vendar trombociti vsebujejo tudi stotine proteinov, ki se imenujejo faktorji rasti, in so zelo pomembni pri zdravljenju po\u0161kodb.<\/p>\n<p><strong><em>PRP je plazma z veliko ve\u010djim \u0161tevilom trombocitov, kot jih normalno vsebuje kri. Koncentracija trombocitov \u2013 in s tem tudi koncentracija faktorjev rasti \u2013 je 5 do 10 \u2013 krat vi\u0161ja (oziroma bogatej\u0161a) kot obi\u010dajno.<\/em><\/strong><\/p>\n<p>Za ustvarjanje tega pripravka je naprej potrebno vzeti pacientu kri. Trombociti se lo\u010dijo od drugih krvnih celic in njihova koncentracija se pove\u010duje preko celega procesa, ki se imenuje centrifugiranje. Potem se pove\u010da koncentracija trombocitov v kombinaciji z ostalo krvjo.<\/p>\n<p>&nbsp;<\/p>\n<h3 ><span>Kako deluje plazma bogata s trombociti?<\/span><\/h3>\n<p>\u010ceprav ni povsem jasno kako deluje PRP, so laboratorijske raziskave pokazale, da pove\u010dana koncentracija faktorjev rasti v PRP-ju lahko pospe\u0161i proces zdravljenja.<\/p>\n<p>Da se pospe\u0161i zacelitev se mesto po\u0161kodbe tretira s PRP pripravkom. To se lahko naredi na en od dveh na\u010dinov:<\/p>\n<ul>\n<li>Plazma bogata s trombociti se lahko pazljivo vbrizga v po\u0161kodovano obmo\u010dje. Na primer, pri Ahilovi tetivi, stanje, ki je najpogosteje pri teka\u010dih in igralcih tenisa, peta postane ote\u010dena, vneta in bole\u010da.<\/li>\n<\/ul>\n<p>Me\u0161anica PRP-ja in lokalnega anestetika se lahko vbrizga direktno v vneto tkivo. Potem se bole\u010dina na podro\u010dju injekcije lahko pravzaprav pove\u010da prvi ali prva dva tedna, lahko pa mine tudi ve\u010d tednov preden pacient ob\u010duti blagodejni u\u010dinek.<\/p>\n<ul>\n<li>Plazma bogata s trombociti se lahko uporablja tudi za pobolj\u0161anje celjenja po operaciji zaradi nekaterih po\u0161kodb. Na primer, \u0161portnik s po\u0161kodovano peto lahko zahteva operacijo, za popravek tetive.<\/li>\n<\/ul>\n<p>Celjenje tetive se lahko izbolj\u0161a z uporabo PRP-ja na po\u0161kodovanem delu med operacijo. To se dose\u017ee s posebno pripravo PRP-ja, ki omogo\u010da, da se PRP za\u0161ije v raztrgano tkivo.<\/p>\n<p>&nbsp;<\/p>\n<p><img loading=\"lazy\" class=\"alignnone size-full wp-image-884\" src=\"https:\/\/knezovic.com.hr\/wp-content\/uploads\/2019\/01\/prp2.jpg\" alt=\"prp\" width=\"1000\" height=\"667\" srcset=\"https:\/\/knezovic.com.hr\/wp-content\/uploads\/2019\/01\/prp2.jpg 1000w, https:\/\/knezovic.com.hr\/wp-content\/uploads\/2019\/01\/prp2-768x512.jpg 768w\" sizes=\"(max-width: 1000px) 100vw, 1000px\" \/><\/p>\n<h4 ><span><\/span><\/h4>\n<h3 ><span>Katere probleme se lahko zdravi s PRP-jem?<\/span><\/h3>\n<p>Plazma bogata s trombociti se vse ve\u010d uporablja tudi v kozmeti\u010dne namene, tukaj so na\u0161teti nekateri primeri uporabe:<\/p>\n<p>&nbsp;<\/p>\n<ul>\n<li>Kroni\u010dne po\u0161kodbe tetiv<\/li>\n<li>Akutne po\u0161kodbe ligamentov in mi\u0161ic<\/li>\n<li>Pri dolo\u010denih operacijah, da se pospe\u0161i zdravljenje tkiv<\/li>\n<li>Artritis kolena<\/li>\n<li>Pomlajevanje ko\u017ee na obrazu (maderoterapija s PRP-jem)<\/li>\n<li>Pomlajevanje ko\u017ee na telesu<\/li>\n<li><strong>Tretmaji lasi\u0161\u010da za rast las<\/strong><\/li>\n<li>Dvig obrvi z vekami<\/li>\n<li>Oblikovanje in pove\u010danje ustnic<\/li>\n<li>Zmanj\u0161anje gub<\/li>\n<li>Oblikovanje obraza<\/li>\n<li><strong>Zmanj\u0161anje brazgotin, posebno od aken<\/strong><\/li>\n<li>Zmanj\u0161anje podo\u010dnjakov<\/li>\n<\/ul>\n<p>&nbsp;<\/p>\n<p><strong>Kdaj so vidni prvi rezultati tretmaja?<\/strong><\/p>\n<p>Obi\u010dajno so rezultati vidni 30 dni po tretmaju in potem postajajo vse bolj\u0161i in bolj izra\u017eeni. Vsak dan izgledate bolj\u0161e in vsaka sekunda \u010dakanja se na koncu maksimalno povrne. Razlog za to je, ker je potreben \u010das, da se aktivirajo naravni procesi obnove, ki se s \u010dasom pospe\u0161ijo.<\/p>\n<p>&nbsp;<\/p>\n<p><strong>Cene tretmaja preverite v <\/strong><strong><u>aktualnem ceniku poliklinike.<\/u><\/strong><\/p>\n<p>&nbsp;<\/p>\n<h3 ><span>Naro\u010dite se na tretma<\/span><\/h3>\n<p>&nbsp;<\/p>\n<p>&nbsp;<\/p>\n<script type=\"text\/javascript\">var gform;gform||(document.addEventListener(\"gform_main_scripts_loaded\",function(){gform.scriptsLoaded=!0}),window.addEventListener(\"DOMContentLoaded\",function(){gform.domLoaded=!0}),gform={domLoaded:!1,scriptsLoaded:!1,initializeOnLoaded:function(o){gform.domLoaded&&gform.scriptsLoaded?o():!gform.domLoaded&&gform.scriptsLoaded?window.addEventListener(\"DOMContentLoaded\",o):document.addEventListener(\"gform_main_scripts_loaded\",o)},hooks:{action:{},filter:{}},addAction:function(o,n,r,t){gform.addHook(\"action\",o,n,r,t)},addFilter:function(o,n,r,t){gform.addHook(\"filter\",o,n,r,t)},doAction:function(o){gform.doHook(\"action\",o,arguments)},applyFilters:function(o){return gform.doHook(\"filter\",o,arguments)},removeAction:function(o,n){gform.removeHook(\"action\",o,n)},removeFilter:function(o,n,r){gform.removeHook(\"filter\",o,n,r)},addHook:function(o,n,r,t,i){null==gform.hooks[o][n]&&(gform.hooks[o][n]=[]);var e=gform.hooks[o][n];null==i&&(i=n+\"_\"+e.length),gform.hooks[o][n].push({tag:i,callable:r,priority:t=null==t?10:t})},doHook:function(n,o,r){var t;if(r=Array.prototype.slice.call(r,1),null!=gform.hooks[n][o]&&((o=gform.hooks[n][o]).sort(function(o,n){return o.priority-n.priority}),o.forEach(function(o){\"function\"!=typeof(t=o.callable)&&(t=window[t]),\"action\"==n?t.apply(null,r):r[0]=t.apply(null,r)})),\"filter\"==n)return r[0]},removeHook:function(o,n,t,i){var r;null!=gform.hooks[o][n]&&(r=(r=gform.hooks[o][n]).filter(function(o,n,r){return!!(null!=i&&i!=o.tag||null!=t&&t!=o.priority)}),gform.hooks[o][n]=r)}});<\/script>\n                <div class='gf_browser_gecko gform_wrapper gform_legacy_markup_wrapper' id='gform_wrapper_3' ><div id='gf_3' class='gform_anchor' tabindex='-1'><\/div><form method='post' enctype='multipart\/form-data' target='gform_ajax_frame_3' id='gform_3'  action='\/sl\/wp-json\/wp\/v2\/pages\/2075\/#gf_3' >\n                        <div class='gform_body gform-body'><ul id='gform_fields_3' class='gform_fields top_label form_sublabel_below description_below'><li id=\"field_3_1\"  class=\"gfield gfield_contains_required field_sublabel_below field_description_below gfield_visibility_visible\"  data-js-reload=\"field_3_1\"><label class='gfield_label' for='input_3_1' >Ime i prezime:<span class=\"gfield_required\"><span class=\"gfield_required gfield_required_asterisk\">*<\/span><\/span><\/label><div class='ginput_container ginput_container_text'><input name='input_1' id='input_3_1' type='text' value='' class='large'    placeholder='Ime i prezime' aria-required=\"true\" aria-invalid=\"false\"   \/> <\/div><\/li><li id=\"field_3_13\"  class=\"gfield field_sublabel_below field_description_below gfield_visibility_visible\"  data-js-reload=\"field_3_13\"><label class='gfield_label' for='input_3_13' >Broj telefona:<\/label><div class='ginput_container ginput_container_text'><input name='input_13' id='input_3_13' type='text' value='' class='large'    placeholder='Broj telefona'  aria-invalid=\"false\"   \/> <\/div><\/li><li id=\"field_3_4\"  class=\"gfield gfield_contains_required field_sublabel_below field_description_below gfield_visibility_visible\"  data-js-reload=\"field_3_4\"><label class='gfield_label' for='input_3_4' >E-mail adresa:<span class=\"gfield_required\"><span class=\"gfield_required gfield_required_asterisk\">*<\/span><\/span><\/label><div class='ginput_container ginput_container_email'>\n                            <input name='input_4' id='input_3_4' type='text' value='' class='large'   placeholder='E-mail adresa' aria-required=\"true\" aria-invalid=\"false\"  \/>\n                        <\/div><\/li><li id=\"field_3_16\"  class=\"gfield field_sublabel_below field_description_below gfield_visibility_visible\"  data-js-reload=\"field_3_16\"><label class='gfield_label' for='input_3_16' >Poruka<\/label><div class='ginput_container ginput_container_textarea'><textarea name='input_16' id='input_3_16' class='textarea medium'    placeholder='Va\u0161 upit...'  aria-invalid=\"false\"   rows='10' cols='50'><\/textarea><\/div><\/li><li id=\"field_3_17\"  class=\"gfield gf_right_half gfield_contains_required field_sublabel_below field_description_below gfield_visibility_visible\"  data-js-reload=\"field_3_17\"><label class='gfield_label' for='input_3_17' >Datum za narud\u017ebu od:<span class=\"gfield_required\"><span class=\"gfield_required gfield_required_asterisk\">*<\/span><\/span><\/label><div class='ginput_container ginput_container_date'>\n                            <input name='input_17' id='input_3_17' type='text' value='\/\/' class='datepicker dmy datepicker_with_icon gdatepicker_with_icon'   placeholder='dd\/mm\/yyyy' aria-describedby=\"input_3_17_date_format\" aria-invalid=\"false\" aria-required=\"true\"\/>\n                            <span id='input_3_17_date_format' class='screen-reader-text'>DD slash MM slash YYYY<\/span>\n                        <\/div>\n                        <input type='hidden' id='gforms_calendar_icon_input_3_17' class='gform_hidden' value='https:\/\/knezovic.com.hr\/wp-content\/plugins\/gravityforms\/images\/datepicker\/datepicker.svg'\/><\/li><li id=\"field_3_15\"  class=\"gfield gf_right_half gfield_contains_required field_sublabel_below field_description_below gfield_visibility_visible\"  data-js-reload=\"field_3_15\"><label class='gfield_label' for='input_3_15' >Datum za narud\u017ebu do:<span class=\"gfield_required\"><span class=\"gfield_required gfield_required_asterisk\">*<\/span><\/span><\/label><div class='ginput_container ginput_container_date'>\n                            <input name='input_15' id='input_3_15' type='text' value='\/\/' class='datepicker dmy datepicker_with_icon gdatepicker_with_icon'   placeholder='dd\/mm\/yyyy' aria-describedby=\"input_3_15_date_format\" aria-invalid=\"false\" aria-required=\"true\"\/>\n                            <span id='input_3_15_date_format' class='screen-reader-text'>DD slash MM slash YYYY<\/span>\n                        <\/div>\n                        <input type='hidden' id='gforms_calendar_icon_input_3_15' class='gform_hidden' value='https:\/\/knezovic.com.hr\/wp-content\/plugins\/gravityforms\/images\/datepicker\/datepicker.svg'\/><\/li><li id=\"field_3_7\"  class=\"gfield gf_list_inline gfield_contains_required field_sublabel_below field_description_below gfield_visibility_visible\"  data-js-reload=\"field_3_7\"><label class='gfield_label'  >Zatra\u017eite povratni poziv:<span class=\"gfield_required\"><span class=\"gfield_required gfield_required_asterisk\">*<\/span><\/span><\/label><div class='ginput_container ginput_container_radio'><ul class='gfield_radio' id='input_3_7'>\n\t\t\t<li class='gchoice gchoice_3_7_0'>\n\t\t\t\t<input name='input_7' type='radio' value='Da' checked='checked' id='choice_3_7_0'    \/>\n\t\t\t\t<label for='choice_3_7_0' id='label_3_7_0'>Da<\/label>\n\t\t\t<\/li>\n\t\t\t<li class='gchoice gchoice_3_7_1'>\n\t\t\t\t<input name='input_7' type='radio' value='Ne'  id='choice_3_7_1'    \/>\n\t\t\t\t<label for='choice_3_7_1' id='label_3_7_1'>Ne<\/label>\n\t\t\t<\/li><\/ul><\/div><\/li><li id=\"field_3_19\"  class=\"gfield field_sublabel_below field_description_below gfield_visibility_visible\"  data-js-reload=\"field_3_19\"><label class='gfield_label' for='input_3_19' >CAPTCHA<\/label><div id='input_3_19' class='ginput_container ginput_recaptcha' data-sitekey='6LeeifoUAAAAAHMfwTuIB87_kZYSH84QAWaZMdQF'  data-theme='light' data-tabindex='0'  data-badge=''><\/div><\/li><li id=\"field_3_18\"  class=\"gfield gfield_html gfield_html_formatted gfield_no_follows_desc field_sublabel_below field_description_below gfield_visibility_visible\"  data-js-reload=\"field_3_18\">Slanjem podataka putem ovog online obrasca dajem privolu za obradu upisanih podataka u svrhu naru\u010divanja za pregled.\n<\/li><li id=\"field_3_20\"  class=\"gfield gform_validation_container field_sublabel_below field_description_below gfield_visibility_visible\"  data-js-reload=\"field_3_20\"><label class='gfield_label' for='input_3_20' >Comments<\/label><div class='ginput_container'><input name='input_20' id='input_3_20' type='text' value='' \/><\/div><div class='gfield_description' id='gfield_description_3_20'>This field is for validation purposes and should be left unchanged.<\/div><\/li><\/ul><\/div>\n        <div class='gform_footer top_label'> <input type='submit' id='gform_submit_button_3' class='gform_button button' value='NARU\u010cITE SE'  onclick='if(window[\"gf_submitting_3\"]){return false;}  window[\"gf_submitting_3\"]=true;  ' onkeypress='if( event.keyCode == 13 ){ if(window[\"gf_submitting_3\"]){return false;} window[\"gf_submitting_3\"]=true;  jQuery(\"#gform_3\").trigger(\"submit\",[true]); }' \/> <input type='hidden' name='gform_ajax' value='form_id=3&amp;title=&amp;description=&amp;tabindex=0' \/>\n            <input type='hidden' class='gform_hidden' name='is_submit_3' value='1' \/>\n            <input type='hidden' class='gform_hidden' name='gform_submit' value='3' \/>\n            \n            <input type='hidden' class='gform_hidden' name='gform_unique_id' value='' \/>\n            <input type='hidden' class='gform_hidden' name='state_3' value='WyJbXSIsImM5ZGJmMDE2NjBlNmEwMzlmZGRlYTZhMTM3OGFmMzFhIl0=' \/>\n            <input type='hidden' class='gform_hidden' name='gform_target_page_number_3' id='gform_target_page_number_3' value='0' \/>\n            <input type='hidden' class='gform_hidden' name='gform_source_page_number_3' id='gform_source_page_number_3' value='1' \/>\n            <input type='hidden' name='gform_field_values' value='' \/>\n            \n        <\/div>\n                        <\/form>\n                        <\/div>\n                <iframe style='display:none;width:0px;height:0px;' src='about:blank' name='gform_ajax_frame_3' id='gform_ajax_frame_3' title='This iframe contains the logic required to handle Ajax powered Gravity Forms.'><\/iframe>\n                <script type=\"text\/javascript\">\ngform.initializeOnLoaded( function() {gformInitSpinner( 3, 'https:\/\/knezovic.com.hr\/wp-content\/plugins\/gravityforms\/images\/spinner.svg' );jQuery('#gform_ajax_frame_3').on('load',function(){var contents = jQuery(this).contents().find('*').html();var is_postback = contents.indexOf('GF_AJAX_POSTBACK') >= 0;if(!is_postback){return;}var form_content = jQuery(this).contents().find('#gform_wrapper_3');var is_confirmation = jQuery(this).contents().find('#gform_confirmation_wrapper_3').length > 0;var is_redirect = contents.indexOf('gformRedirect(){') >= 0;var is_form = form_content.length > 0 && ! is_redirect && ! is_confirmation;var mt = parseInt(jQuery('html').css('margin-top'), 10) + parseInt(jQuery('body').css('margin-top'), 10) + 100;if(is_form){jQuery('#gform_wrapper_3').html(form_content.html());if(form_content.hasClass('gform_validation_error')){jQuery('#gform_wrapper_3').addClass('gform_validation_error');} else {jQuery('#gform_wrapper_3').removeClass('gform_validation_error');}setTimeout( function() { \/* delay the scroll by 50 milliseconds to fix a bug in chrome *\/ jQuery(document).scrollTop(jQuery('#gform_wrapper_3').offset().top - mt); }, 50 );if(window['gformInitDatepicker']) {gformInitDatepicker();}if(window['gformInitPriceFields']) {gformInitPriceFields();}var current_page = jQuery('#gform_source_page_number_3').val();gformInitSpinner( 3, 'https:\/\/knezovic.com.hr\/wp-content\/plugins\/gravityforms\/images\/spinner.svg' );jQuery(document).trigger('gform_page_loaded', [3, current_page]);window['gf_submitting_3'] = false;}else if(!is_redirect){var confirmation_content = jQuery(this).contents().find('.GF_AJAX_POSTBACK').html();if(!confirmation_content){confirmation_content = contents;}setTimeout(function(){jQuery('#gform_wrapper_3').replaceWith(confirmation_content);jQuery(document).scrollTop(jQuery('#gf_3').offset().top - mt);jQuery(document).trigger('gform_confirmation_loaded', [3]);window['gf_submitting_3'] = false;wp.a11y.speak(jQuery('#gform_confirmation_message_3').text());}, 50);}else{jQuery('#gform_3').append(contents);if(window['gformRedirect']) {gformRedirect();}}jQuery(document).trigger('gform_post_render', [3, current_page]);} );} );\n<\/script>\n\n","protected":false},"excerpt":{"rendered":"<p>Plazma bogata s trombociti (PRP) Zadnjih nekaj let je veliko govora o pripravku, ki se ga imenuje plazma bogata s trombociti (PRP) in njeni potencialni u\u010dinkovitost pri zdravljenju po\u0161kodb. Mnogi znani \u0161portniki &#8211; Tiger Woods, teni\u0161ka zvezda Rafael Nadal in drugi, so \u017ee uporabili PRP za razne probleme, kot so zvito koleno in kroni\u010dne po\u0161kodbe [&hellip;]<\/p>\n","protected":false},"author":6,"featured_media":1843,"parent":2045,"menu_order":24,"comment_status":"closed","ping_status":"closed","template":"page-landing.php","meta":[],"_links":{"self":[{"href":"https:\/\/knezovic.com.hr\/sl\/wp-json\/wp\/v2\/pages\/2075\/"}],"collection":[{"href":"https:\/\/knezovic.com.hr\/sl\/wp-json\/wp\/v2\/pages\/"}],"about":[{"href":"https:\/\/knezovic.com.hr\/sl\/wp-json\/wp\/v2\/types\/page\/"}],"author":[{"embeddable":true,"href":"https:\/\/knezovic.com.hr\/sl\/wp-json\/wp\/v2\/users\/6\/"}],"replies":[{"embeddable":true,"href":"https:\/\/knezovic.com.hr\/sl\/wp-json\/wp\/v2\/comments\/?post=2075"}],"version-history":[{"count":0,"href":"https:\/\/knezovic.com.hr\/sl\/wp-json\/wp\/v2\/pages\/2075\/revisions\/"}],"up":[{"embeddable":true,"href":"https:\/\/knezovic.com.hr\/sl\/wp-json\/wp\/v2\/pages\/2045\/"}],"wp:featuredmedia":[{"embeddable":true,"href":"https:\/\/knezovic.com.hr\/sl\/wp-json\/wp\/v2\/media\/1843\/"}],"wp:attachment":[{"href":"https:\/\/knezovic.com.hr\/sl\/wp-json\/wp\/v2\/media\/?parent=2075"}],"curies":[{"name":"wp","href":"https:\/\/api.w.org\/{rel}","templated":true}]}}